{"id":1248,"date":"2017-06-24T09:48:58","date_gmt":"2017-06-24T08:48:58","guid":{"rendered":"http:\/\/www.kaffee-bongusta.de\/shop\/?page_id=1248"},"modified":"2020-05-08T07:02:34","modified_gmt":"2020-05-08T06:02:34","slug":"regionaler-kaffee-kaffeesortiment-fur-haendler-wiederverkaufer-gastronomie-ausschank","status":"publish","type":"page","link":"https:\/\/kaffee-bongusta.de\/shop\/regionaler-kaffee-kaffeesortiment-fur-haendler-wiederverkaufer-gastronomie-ausschank\/","title":{"rendered":"Regionaler Kaffee und Produkte aus Kaffee\/Espresso f\u00fcr H\u00e4ndler und Gastronomie"},"content":{"rendered":"<h2>Verkauf und Ausschank: Einzelhandel und Gastronomie mit eurer regionalen Kaffeesorte &#8211; regionaler Vorteil in eurem Gesch\u00e4ft<\/h2>\n<h3><img decoding=\"async\" class=\"alignleft wp-image-5671 size-full\" src=\"https:\/\/kaffee-bongusta.de\/shop\/wp-content\/uploads\/2020\/01\/Collage-Regionalkaffee-mit-7Black-Produkten-Karte.jpg\" alt=\"\" width=\"1244\" height=\"387\" srcset=\"https:\/\/kaffee-bongusta.de\/shop\/wp-content\/uploads\/2020\/01\/Collage-Regionalkaffee-mit-7Black-Produkten-Karte.jpg 1244w, https:\/\/kaffee-bongusta.de\/shop\/wp-content\/uploads\/2020\/01\/Collage-Regionalkaffee-mit-7Black-Produkten-Karte-416x129.jpg 416w, https:\/\/kaffee-bongusta.de\/shop\/wp-content\/uploads\/2020\/01\/Collage-Regionalkaffee-mit-7Black-Produkten-Karte-300x93.jpg 300w, https:\/\/kaffee-bongusta.de\/shop\/wp-content\/uploads\/2020\/01\/Collage-Regionalkaffee-mit-7Black-Produkten-Karte-1024x319.jpg 1024w, https:\/\/kaffee-bongusta.de\/shop\/wp-content\/uploads\/2020\/01\/Collage-Regionalkaffee-mit-7Black-Produkten-Karte-768x239.jpg 768w\" sizes=\"(max-width: 1244px) 100vw, 1244px\" \/><\/h3>\n<h3>Unser Kaffeesortiment f\u00fcr H\u00e4ndler und Gastronomie<\/h3>\n<p><a href=\"https:\/\/www.7black.de\/7black-cocktails.pdf\" target=\"_blank\" rel=\"noopener noreferrer\"><img decoding=\"async\" class=\"wp-image-2606 alignright\" src=\"https:\/\/kaffee-bongusta.de\/shop\/wp-content\/uploads\/2019\/05\/7Black-Cocktailkarte-Bild-300x258.png\" alt=\"\" width=\"140\" height=\"120\" srcset=\"https:\/\/kaffee-bongusta.de\/shop\/wp-content\/uploads\/2019\/05\/7Black-Cocktailkarte-Bild-300x258.png 300w, https:\/\/kaffee-bongusta.de\/shop\/wp-content\/uploads\/2019\/05\/7Black-Cocktailkarte-Bild-416x358.png 416w, https:\/\/kaffee-bongusta.de\/shop\/wp-content\/uploads\/2019\/05\/7Black-Cocktailkarte-Bild-768x662.png 768w, https:\/\/kaffee-bongusta.de\/shop\/wp-content\/uploads\/2019\/05\/7Black-Cocktailkarte-Bild-1024x882.png 1024w, https:\/\/kaffee-bongusta.de\/shop\/wp-content\/uploads\/2019\/05\/7Black-Cocktailkarte-Bild.png 1221w\" sizes=\"(max-width: 140px) 100vw, 140px\" \/><\/a>Kaffee mit Herz spendet f\u00fcr deine Region. Neben regionalen und au\u00dfergw\u00f6hnlichen Kaffeesorten bieten wir weitere Spezialit\u00e4ten aus Kaffee und Espresso: Espressolik\u00f6re, Brand mit Kaffeebohne, Kaffeepralinen, Espressobonbons und Espressosirup, Espresso-Beer&#8230;<br \/>Besondere Cocktail Rezepte mit unseren Spirituosen hier zum <a href=\"https:\/\/www.7black.de\/7black-cocktails.pdf\" target=\"_blank\" rel=\"noopener noreferrer\">Download<\/a><br \/><br \/><\/p>\n<h3><img decoding=\"async\" class=\"alignnone size-full wp-image-1910\" style=\"font-size: 16px;\" src=\"https:\/\/kaffee-bongusta.de\/shop\/wp-content\/uploads\/2018\/11\/kaffee-handel-gastro-ausschank-verkauf-blanko.jpg\" alt=\"\" width=\"774\" height=\"173\" srcset=\"https:\/\/kaffee-bongusta.de\/shop\/wp-content\/uploads\/2018\/11\/kaffee-handel-gastro-ausschank-verkauf-blanko.jpg 774w, https:\/\/kaffee-bongusta.de\/shop\/wp-content\/uploads\/2018\/11\/kaffee-handel-gastro-ausschank-verkauf-blanko-416x93.jpg 416w, https:\/\/kaffee-bongusta.de\/shop\/wp-content\/uploads\/2018\/11\/kaffee-handel-gastro-ausschank-verkauf-blanko-300x67.jpg 300w, https:\/\/kaffee-bongusta.de\/shop\/wp-content\/uploads\/2018\/11\/kaffee-handel-gastro-ausschank-verkauf-blanko-768x172.jpg 768w, https:\/\/kaffee-bongusta.de\/shop\/wp-content\/uploads\/2018\/11\/kaffee-handel-gastro-ausschank-verkauf-blanko-450x101.jpg 450w\" sizes=\"(max-width: 774px) 100vw, 774px\" \/><\/h3>\n<h3>Ihr seid Caf\u00e9\/Restaurant-Inhaber oder H\u00e4ndler\/Wiederverk\u00e4ufer und interessiert, die Kaffeesorte eurer Region oder weitere Kaffee\/Espresso-Produkte zu verkaufen oder auszuschenken.<\/h3>\n<p>Nehmt Kontakt zu uns auf.<\/p>\n<ul>\n<li>Telefon 02224-901980<\/li>\n<li>Mobil 0172 -9996259<\/li>\n<li><a href=\"mailto:info@kaffee-bongusta.de\">info@kaffee-bongusta.de<\/a><\/li>\n<\/ul>\n\n\n<div class=\"wpforms-container wpforms-container-full\" id=\"wpforms-7329\"><form id=\"wpforms-form-7329\" class=\"wpforms-validate wpforms-form\" data-formid=\"7329\" method=\"post\" enctype=\"multipart\/form-data\" action=\"\/shop\/wp-json\/wp\/v2\/pages\/1248\" data-token=\"7252d8ad79dee1aa592649180720db60\"><noscript class=\"wpforms-error-noscript\">Bitte aktiviere JavaScript in deinem Browser, um dieses Formular fertigzustellen.<\/noscript><div class=\"wpforms-field-container\"><div id=\"wpforms-7329-field_6-container\" class=\"wpforms-field wpforms-field-checkbox\" data-field-id=\"6\"><label class=\"wpforms-field-label\" for=\"wpforms-7329-field_6\">Regionale Kaffeesorten und Produkte aus Kaffee <span class=\"wpforms-required-label\">*<\/span><\/label><ul id=\"wpforms-7329-field_6\" class=\"wpforms-field-required\"><li class=\"choice-1 depth-1\"><input type=\"checkbox\" id=\"wpforms-7329-field_6_1\" name=\"wpforms[fields][6][]\" value=\"Ich interessiere mich f\u00fcr Kaffeeausschank\" required ><label class=\"wpforms-field-label-inline\" for=\"wpforms-7329-field_6_1\">Ich interessiere mich f\u00fcr Kaffeeausschank<\/label><\/li><li class=\"choice-2 depth-1\"><input type=\"checkbox\" id=\"wpforms-7329-field_6_2\" name=\"wpforms[fields][6][]\" value=\"Ich interessiere mich f\u00fcr Kaffeeverkauf\" required ><label class=\"wpforms-field-label-inline\" for=\"wpforms-7329-field_6_2\">Ich interessiere mich f\u00fcr Kaffeeverkauf<\/label><\/li><li class=\"choice-3 depth-1\"><input type=\"checkbox\" id=\"wpforms-7329-field_6_3\" name=\"wpforms[fields][6][]\" value=\"Ich interessiere mich f\u00fcr regionale Kaffeepackungen mit meinem Logo\" required ><label class=\"wpforms-field-label-inline\" for=\"wpforms-7329-field_6_3\">Ich interessiere mich f\u00fcr regionale Kaffeepackungen mit meinem Logo<\/label><\/li><li class=\"choice-4 depth-1\"><input type=\"checkbox\" id=\"wpforms-7329-field_6_4\" name=\"wpforms[fields][6][]\" value=\"Ich interessiere mich f\u00fcr Pralinen oder Bonbons\" required ><label class=\"wpforms-field-label-inline\" for=\"wpforms-7329-field_6_4\">Ich interessiere mich f\u00fcr Pralinen oder Bonbons<\/label><\/li><li class=\"choice-5 depth-1\"><input type=\"checkbox\" id=\"wpforms-7329-field_6_5\" name=\"wpforms[fields][6][]\" value=\"Ich m\u00f6chte Spirituosen oder Bier verkaufen\" required ><label class=\"wpforms-field-label-inline\" for=\"wpforms-7329-field_6_5\">Ich m\u00f6chte Spirituosen oder Bier verkaufen<\/label><\/li><\/ul><\/div><div id=\"wpforms-7329-field_0-container\" class=\"wpforms-field wpforms-field-name\" data-field-id=\"0\"><label class=\"wpforms-field-label\" for=\"wpforms-7329-field_0\">Name <span class=\"wpforms-required-label\">*<\/span><\/label><div class=\"wpforms-field-row wpforms-field-medium\"><div class=\"wpforms-field-row-block wpforms-first wpforms-one-half\"><input type=\"text\" id=\"wpforms-7329-field_0\" class=\"wpforms-field-name-first wpforms-field-required\" name=\"wpforms[fields][0][first]\" required><label for=\"wpforms-7329-field_0\" class=\"wpforms-field-sublabel after \">Vorname<\/label><\/div><div class=\"wpforms-field-row-block wpforms-one-half\"><input type=\"text\" id=\"wpforms-7329-field_0-last\" class=\"wpforms-field-name-last wpforms-field-required\" name=\"wpforms[fields][0][last]\" required><label for=\"wpforms-7329-field_0-last\" class=\"wpforms-field-sublabel after \">Nachname<\/label><\/div><\/div><\/div><div id=\"wpforms-7329-field_1-container\" class=\"wpforms-field wpforms-field-email\" data-field-id=\"1\"><label class=\"wpforms-field-label\" for=\"wpforms-7329-field_1\">E-Mail <span class=\"wpforms-required-label\">*<\/span><\/label><input type=\"email\" id=\"wpforms-7329-field_1\" class=\"wpforms-field-medium wpforms-field-required\" name=\"wpforms[fields][1]\" required><\/div><div id=\"wpforms-7329-field_2-container\" class=\"wpforms-field wpforms-field-textarea\" data-field-id=\"2\"><label class=\"wpforms-field-label\" for=\"wpforms-7329-field_2\">Kommentar oder Nachricht <span class=\"wpforms-required-label\">*<\/span><\/label><textarea id=\"wpforms-7329-field_2\" class=\"wpforms-field-medium wpforms-field-required\" name=\"wpforms[fields][2]\" required><\/textarea><\/div><div id=\"wpforms-7329-field_5-container\" class=\"wpforms-field wpforms-field-checkbox\" data-field-id=\"5\"><label class=\"wpforms-field-label\" for=\"wpforms-7329-field_5\">Newsletter<\/label><ul id=\"wpforms-7329-field_5\"><li class=\"choice-1 depth-1\"><input type=\"checkbox\" id=\"wpforms-7329-field_5_1\" name=\"wpforms[fields][5][]\" value=\"Ja, sendet mir ab und zu Neuigkeiten &amp; Rabatte per eMail.\"  ><label class=\"wpforms-field-label-inline\" for=\"wpforms-7329-field_5_1\">Ja, sendet mir ab und zu Neuigkeiten &amp; Rabatte per eMail.<\/label><\/li><\/ul><\/div><div id=\"wpforms-7329-field_7-container\" class=\"wpforms-field wpforms-field-html\" data-field-id=\"7\"><div id=\"wpforms-7329-field_7\"><span class=\"datenschutz\"><b>Wir sch\u00fctzen Ihre Daten!<\/b> Wir verwenden Ihre Daten ausschlie\u00dflich zur Beantwortung Ihrer Fragen und Erf\u00fcllung Ihrer Anforderungen und geben sie keinesfalls an Dritte weiter. <a href=\"https:\/\/kaffee-bongusta.de\/shop\/datenschutz\/\" target=\"_blank\">Datenschutzbestimmungen<\/a><\/span><\/div><\/div><\/div><div class=\"wpforms-field wpforms-field-hp\"><label for=\"wpforms-7329-field-hp\" class=\"wpforms-field-label\">Website<\/label><input type=\"text\" name=\"wpforms[hp]\" id=\"wpforms-7329-field-hp\" class=\"wpforms-field-medium\"><\/div><input type=\"hidden\" name=\"wpforms[recaptcha]\" value=\"\"><div class=\"wpforms-submit-container\" ><input type=\"hidden\" name=\"wpforms[id]\" value=\"7329\"><input type=\"hidden\" name=\"wpforms[author]\" value=\"72\"><button type=\"submit\" name=\"wpforms[submit]\" class=\"wpforms-submit \" id=\"wpforms-submit-7329\" value=\"wpforms-submit\" aria-live=\"assertive\" data-alt-text=\"Senden...\" data-submit-text=\"Absenden\">Absenden<\/button><\/div><\/form><\/div>  <!-- .wpforms-container -->\n\n\n\n<div class=\"woocommerce columns-6\"><ul class=\"products columns-6\">\n<li class=\"product-category product first\">\n\t<a aria-label=\"Produktkategorie Alpenkaffee besuchen\" href=\"https:\/\/kaffee-bongusta.de\/shop\/regional-kaffee\/alpenkaffee\/\"><img decoding=\"async\" src=\"https:\/\/kaffee-bongusta.de\/shop\/wp-content\/uploads\/Alpenkaffee-Espressoroestung-324x648.jpg\" alt=\"Alpenkaffee\" width=\"324\" height=\"648\" srcset=\"https:\/\/kaffee-bongusta.de\/shop\/wp-content\/uploads\/Alpenkaffee-Espressoroestung-324x648.jpg 324w, https:\/\/kaffee-bongusta.de\/shop\/wp-content\/uploads\/Alpenkaffee-Espressoroestung-325x650.jpg 325w, https:\/\/kaffee-bongusta.de\/shop\/wp-content\/uploads\/Alpenkaffee-Espressoroestung-150x300.jpg 150w, https:\/\/kaffee-bongusta.de\/shop\/wp-content\/uploads\/Alpenkaffee-Espressoroestung-416x832.jpg 416w, https:\/\/kaffee-bongusta.de\/shop\/wp-content\/uploads\/Alpenkaffee-Espressoroestung.jpg 500w\" sizes=\"(max-width: 324px) 100vw, 324px\" \/>\t\t<h2 class=\"woocommerce-loop-category__title\">\n\t\t\tAlpenkaffee <mark class=\"count\">(1)<\/mark>\t\t<\/h2>\n\t\t<\/a><\/li>\n<li class=\"product-category product\">\n\t<a aria-label=\"Produktkategorie Beathoven Coffee besuchen\" href=\"https:\/\/kaffee-bongusta.de\/shop\/regional-kaffee\/kaffee-bonn\/\"><img decoding=\"async\" src=\"https:\/\/kaffee-bongusta.de\/shop\/wp-content\/uploads\/Verpackung-Beathoven-Coffee-Bohnen-schmal-324x648.jpg\" alt=\"Beathoven Coffee\" width=\"324\" height=\"648\" srcset=\"https:\/\/kaffee-bongusta.de\/shop\/wp-content\/uploads\/Verpackung-Beathoven-Coffee-Bohnen-schmal-324x648.jpg 324w, https:\/\/kaffee-bongusta.de\/shop\/wp-content\/uploads\/Verpackung-Beathoven-Coffee-Bohnen-schmal-325x650.jpg 325w, https:\/\/kaffee-bongusta.de\/shop\/wp-content\/uploads\/Verpackung-Beathoven-Coffee-Bohnen-schmal-150x300.jpg 150w, https:\/\/kaffee-bongusta.de\/shop\/wp-content\/uploads\/Verpackung-Beathoven-Coffee-Bohnen-schmal-416x832.jpg 416w, https:\/\/kaffee-bongusta.de\/shop\/wp-content\/uploads\/Verpackung-Beathoven-Coffee-Bohnen-schmal.jpg 500w\" sizes=\"(max-width: 324px) 100vw, 324px\" \/>\t\t<h2 class=\"woocommerce-loop-category__title\">\n\t\t\tBeathoven Coffee <mark class=\"count\">(1)<\/mark>\t\t<\/h2>\n\t\t<\/a><\/li>\n<li class=\"product-category product\">\n\t<a aria-label=\"Produktkategorie Kaffee Borkum besuchen\" href=\"https:\/\/kaffee-bongusta.de\/shop\/regional-kaffee\/kaffee-borkum\/\"><img decoding=\"async\" src=\"https:\/\/kaffee-bongusta.de\/shop\/wp-content\/uploads\/2019\/05\/Kategorie-Kaffee-Borkum-324x648.jpg\" alt=\"Kaffee Borkum\" width=\"324\" height=\"648\" srcset=\"https:\/\/kaffee-bongusta.de\/shop\/wp-content\/uploads\/2019\/05\/Kategorie-Kaffee-Borkum-324x648.jpg 324w, https:\/\/kaffee-bongusta.de\/shop\/wp-content\/uploads\/2019\/05\/Kategorie-Kaffee-Borkum-416x832.jpg 416w, https:\/\/kaffee-bongusta.de\/shop\/wp-content\/uploads\/2019\/05\/Kategorie-Kaffee-Borkum-150x300.jpg 150w, https:\/\/kaffee-bongusta.de\/shop\/wp-content\/uploads\/2019\/05\/Kategorie-Kaffee-Borkum-300x600.jpg 300w, https:\/\/kaffee-bongusta.de\/shop\/wp-content\/uploads\/2019\/05\/Kategorie-Kaffee-Borkum.jpg 500w\" sizes=\"(max-width: 324px) 100vw, 324px\" \/>\t\t<h2 class=\"woocommerce-loop-category__title\">\n\t\t\tKaffee Borkum <mark class=\"count\">(3)<\/mark>\t\t<\/h2>\n\t\t<\/a><\/li>\n<li class=\"product-category product\">\n\t<a aria-label=\"Produktkategorie Kaffee Siebengebirge besuchen\" href=\"https:\/\/kaffee-bongusta.de\/shop\/regional-kaffee\/kaffee-siebengebirge\/\"><img decoding=\"async\" src=\"https:\/\/kaffee-bongusta.de\/shop\/wp-content\/uploads\/Kaffee-Siebengebirge-Filter-Produktbild-square-small-324x497.jpg\" alt=\"Kaffee Siebengebirge\" width=\"324\" height=\"648\" \/>\t\t<h2 class=\"woocommerce-loop-category__title\">\n\t\t\tKaffee Siebengebirge <mark class=\"count\">(5)<\/mark>\t\t<\/h2>\n\t\t<\/a><\/li>\n<li class=\"product-category product\">\n\t<a aria-label=\"Produktkategorie Coffee V\u00b7King besuchen\" href=\"https:\/\/kaffee-bongusta.de\/shop\/regional-kaffee\/coffee-v-king\/\"><img decoding=\"async\" src=\"https:\/\/kaffee-bongusta.de\/shop\/wp-content\/uploads\/Kaffee-V-King-Kategorie-324x648.jpg\" alt=\"Coffee V\u00b7King\" width=\"324\" height=\"648\" srcset=\"https:\/\/kaffee-bongusta.de\/shop\/wp-content\/uploads\/Kaffee-V-King-Kategorie-324x648.jpg 324w, https:\/\/kaffee-bongusta.de\/shop\/wp-content\/uploads\/Kaffee-V-King-Kategorie-325x650.jpg 325w, https:\/\/kaffee-bongusta.de\/shop\/wp-content\/uploads\/Kaffee-V-King-Kategorie-150x300.jpg 150w, https:\/\/kaffee-bongusta.de\/shop\/wp-content\/uploads\/Kaffee-V-King-Kategorie-416x832.jpg 416w, https:\/\/kaffee-bongusta.de\/shop\/wp-content\/uploads\/Kaffee-V-King-Kategorie.jpg 500w\" sizes=\"(max-width: 324px) 100vw, 324px\" \/>\t\t<h2 class=\"woocommerce-loop-category__title\">\n\t\t\tCoffee V\u00b7King <mark class=\"count\">(3)<\/mark>\t\t<\/h2>\n\t\t<\/a><\/li>\n<li class=\"product-category product last\">\n\t<a aria-label=\"Produktkategorie Kaffee Rheinland besuchen\" href=\"https:\/\/kaffee-bongusta.de\/shop\/regional-kaffee\/kaffee-rheinland\/\"><img decoding=\"async\" src=\"https:\/\/kaffee-bongusta.de\/shop\/wp-content\/uploads\/Kaffee-Rheinland-Kategorie-324x648.jpg\" alt=\"Kaffee Rheinland\" width=\"324\" height=\"648\" srcset=\"https:\/\/kaffee-bongusta.de\/shop\/wp-content\/uploads\/Kaffee-Rheinland-Kategorie-324x648.jpg 324w, https:\/\/kaffee-bongusta.de\/shop\/wp-content\/uploads\/Kaffee-Rheinland-Kategorie-325x650.jpg 325w, https:\/\/kaffee-bongusta.de\/shop\/wp-content\/uploads\/Kaffee-Rheinland-Kategorie-150x300.jpg 150w, https:\/\/kaffee-bongusta.de\/shop\/wp-content\/uploads\/Kaffee-Rheinland-Kategorie-416x832.jpg 416w, https:\/\/kaffee-bongusta.de\/shop\/wp-content\/uploads\/Kaffee-Rheinland-Kategorie.jpg 500w\" sizes=\"(max-width: 324px) 100vw, 324px\" \/>\t\t<h2 class=\"woocommerce-loop-category__title\">\n\t\t\tKaffee Rheinland <mark class=\"count\">(3)<\/mark>\t\t<\/h2>\n\t\t<\/a><\/li>\n<li class=\"product-category product first\">\n\t<a aria-label=\"Produktkategorie Coffee Bongusta besuchen\" href=\"https:\/\/kaffee-bongusta.de\/shop\/regional-kaffee\/coffee-bongusta\/\"><img decoding=\"async\" src=\"https:\/\/kaffee-bongusta.de\/shop\/wp-content\/uploads\/Kaffee-Bongusta-Kategorie-324x648.jpg\" alt=\"Coffee Bongusta\" width=\"324\" height=\"648\" srcset=\"https:\/\/kaffee-bongusta.de\/shop\/wp-content\/uploads\/Kaffee-Bongusta-Kategorie-324x648.jpg 324w, https:\/\/kaffee-bongusta.de\/shop\/wp-content\/uploads\/Kaffee-Bongusta-Kategorie-325x650.jpg 325w, https:\/\/kaffee-bongusta.de\/shop\/wp-content\/uploads\/Kaffee-Bongusta-Kategorie-150x300.jpg 150w, https:\/\/kaffee-bongusta.de\/shop\/wp-content\/uploads\/Kaffee-Bongusta-Kategorie-416x832.jpg 416w, https:\/\/kaffee-bongusta.de\/shop\/wp-content\/uploads\/Kaffee-Bongusta-Kategorie.jpg 500w\" sizes=\"(max-width: 324px) 100vw, 324px\" \/>\t\t<h2 class=\"woocommerce-loop-category__title\">\n\t\t\tCoffee Bongusta <mark class=\"count\">(2)<\/mark>\t\t<\/h2>\n\t\t<\/a><\/li>\n<li class=\"product-category product\">\n\t<a aria-label=\"Produktkategorie Prozentige und s\u00fc\u00dfe Spezialit\u00e4ten mit Kaffee und Espresso besuchen\" href=\"https:\/\/kaffee-bongusta.de\/shop\/regional-kaffee\/seven-black-coffee-7black\/\"><img decoding=\"async\" src=\"https:\/\/kaffee-bongusta.de\/shop\/wp-content\/uploads\/2020\/07\/Kategorie-7Black-324x648.jpg\" alt=\"Prozentige und s\u00fc\u00dfe Spezialit\u00e4ten mit Kaffee und Espresso\" width=\"324\" height=\"648\" srcset=\"https:\/\/kaffee-bongusta.de\/shop\/wp-content\/uploads\/2020\/07\/Kategorie-7Black-324x648.jpg 324w, https:\/\/kaffee-bongusta.de\/shop\/wp-content\/uploads\/2020\/07\/Kategorie-7Black-325x650.jpg 325w, https:\/\/kaffee-bongusta.de\/shop\/wp-content\/uploads\/2020\/07\/Kategorie-7Black-150x300.jpg 150w, https:\/\/kaffee-bongusta.de\/shop\/wp-content\/uploads\/2020\/07\/Kategorie-7Black-416x832.jpg 416w, https:\/\/kaffee-bongusta.de\/shop\/wp-content\/uploads\/2020\/07\/Kategorie-7Black.jpg 500w\" sizes=\"(max-width: 324px) 100vw, 324px\" \/>\t\t<h2 class=\"woocommerce-loop-category__title\">\n\t\t\tProzentige und s\u00fc\u00dfe Spezialit\u00e4ten mit Kaffee und Espresso <mark class=\"count\">(4)<\/mark>\t\t<\/h2>\n\t\t<\/a><\/li>\n<li class=\"product-category product\">\n\t<a aria-label=\"Produktkategorie Kaffee Eifel \u00b7 Genuss \u00b7 Regional \u00b7 Fair besuchen\" href=\"https:\/\/kaffee-bongusta.de\/shop\/regional-kaffee\/kaffee-eifel\/\"><img decoding=\"async\" src=\"https:\/\/kaffee-bongusta.de\/shop\/wp-content\/uploads\/2019\/09\/Kategorie-Kaffee-Eifel-324x648.jpg\" alt=\"Kaffee Eifel \u00b7 Genuss \u00b7 Regional \u00b7 Fair\" width=\"324\" height=\"648\" srcset=\"https:\/\/kaffee-bongusta.de\/shop\/wp-content\/uploads\/2019\/09\/Kategorie-Kaffee-Eifel-324x648.jpg 324w, https:\/\/kaffee-bongusta.de\/shop\/wp-content\/uploads\/2019\/09\/Kategorie-Kaffee-Eifel-416x832.jpg 416w, https:\/\/kaffee-bongusta.de\/shop\/wp-content\/uploads\/2019\/09\/Kategorie-Kaffee-Eifel-150x300.jpg 150w, https:\/\/kaffee-bongusta.de\/shop\/wp-content\/uploads\/2019\/09\/Kategorie-Kaffee-Eifel-300x600.jpg 300w, https:\/\/kaffee-bongusta.de\/shop\/wp-content\/uploads\/2019\/09\/Kategorie-Kaffee-Eifel.jpg 500w\" sizes=\"(max-width: 324px) 100vw, 324px\" \/>\t\t<h2 class=\"woocommerce-loop-category__title\">\n\t\t\tKaffee Eifel \u00b7 Genuss \u00b7 Regional \u00b7 Fair <mark class=\"count\">(2)<\/mark>\t\t<\/h2>\n\t\t<\/a><\/li>\n<li class=\"product-category product\">\n\t<a aria-label=\"Produktkategorie Sonderr\u00f6stungen besuchen\" href=\"https:\/\/kaffee-bongusta.de\/shop\/regional-kaffee\/ausgefallene-kaffeethemen\/\"><img decoding=\"async\" src=\"https:\/\/kaffee-bongusta.de\/shop\/wp-content\/uploads\/2019\/05\/Kategorie-ausgefalllene-Kaffeethemen-324x648.jpg\" alt=\"Sonderr\u00f6stungen\" width=\"324\" height=\"648\" srcset=\"https:\/\/kaffee-bongusta.de\/shop\/wp-content\/uploads\/2019\/05\/Kategorie-ausgefalllene-Kaffeethemen-324x648.jpg 324w, https:\/\/kaffee-bongusta.de\/shop\/wp-content\/uploads\/2019\/05\/Kategorie-ausgefalllene-Kaffeethemen-416x832.jpg 416w, https:\/\/kaffee-bongusta.de\/shop\/wp-content\/uploads\/2019\/05\/Kategorie-ausgefalllene-Kaffeethemen-150x300.jpg 150w, https:\/\/kaffee-bongusta.de\/shop\/wp-content\/uploads\/2019\/05\/Kategorie-ausgefalllene-Kaffeethemen-300x600.jpg 300w, https:\/\/kaffee-bongusta.de\/shop\/wp-content\/uploads\/2019\/05\/Kategorie-ausgefalllene-Kaffeethemen.jpg 500w\" sizes=\"(max-width: 324px) 100vw, 324px\" \/>\t\t<h2 class=\"woocommerce-loop-category__title\">\n\t\t\tSonderr\u00f6stungen <mark class=\"count\">(1)<\/mark>\t\t<\/h2>\n\t\t<\/a><\/li>\n<li class=\"product-category product\">\n\t<a aria-label=\"Produktkategorie Kaffee mit Herz besuchen\" href=\"https:\/\/kaffee-bongusta.de\/shop\/regional-kaffee\/kaffee-mit-herz\/\"><img decoding=\"async\" src=\"https:\/\/kaffee-bongusta.de\/shop\/wp-content\/uploads\/2020\/09\/Etikett-Kaffee-mit-Herz-324x648.jpg\" alt=\"Kaffee mit Herz\" width=\"324\" height=\"648\" srcset=\"https:\/\/kaffee-bongusta.de\/shop\/wp-content\/uploads\/2020\/09\/Etikett-Kaffee-mit-Herz-324x648.jpg 324w, https:\/\/kaffee-bongusta.de\/shop\/wp-content\/uploads\/2020\/09\/Etikett-Kaffee-mit-Herz-150x300.jpg 150w\" sizes=\"(max-width: 324px) 100vw, 324px\" \/>\t\t<h2 class=\"woocommerce-loop-category__title\">\n\t\t\tKaffee mit Herz <mark class=\"count\">(1)<\/mark>\t\t<\/h2>\n\t\t<\/a><\/li>\n<li class=\"product-category product last\">\n\t<a aria-label=\"Produktkategorie Individuelle Kaffeesorten und Kaffeepr\u00e4sente f\u00fcr Firmen, Regionen und Events besuchen\" href=\"https:\/\/kaffee-bongusta.de\/shop\/regional-kaffee\/eigene-kaffeesorte-fuer-meine-firma-meine-region-mein-event\/\"><img decoding=\"async\" src=\"https:\/\/kaffee-bongusta.de\/shop\/wp-content\/uploads\/2019\/09\/mein-eigner-kaffee-eigene-R\u00f6stung-eigens-Design-324x648.jpg\" alt=\"Individuelle Kaffeesorten und Kaffeepr\u00e4sente f\u00fcr Firmen, Regionen und Events\" width=\"324\" height=\"648\" srcset=\"https:\/\/kaffee-bongusta.de\/shop\/wp-content\/uploads\/2019\/09\/mein-eigner-kaffee-eigene-R\u00f6stung-eigens-Design-324x648.jpg 324w, https:\/\/kaffee-bongusta.de\/shop\/wp-content\/uploads\/2019\/09\/mein-eigner-kaffee-eigene-R\u00f6stung-eigens-Design-416x832.jpg 416w, https:\/\/kaffee-bongusta.de\/shop\/wp-content\/uploads\/2019\/09\/mein-eigner-kaffee-eigene-R\u00f6stung-eigens-Design-150x300.jpg 150w, https:\/\/kaffee-bongusta.de\/shop\/wp-content\/uploads\/2019\/09\/mein-eigner-kaffee-eigene-R\u00f6stung-eigens-Design-300x600.jpg 300w, https:\/\/kaffee-bongusta.de\/shop\/wp-content\/uploads\/2019\/09\/mein-eigner-kaffee-eigene-R\u00f6stung-eigens-Design.jpg 500w\" sizes=\"(max-width: 324px) 100vw, 324px\" \/>\t\t<h2 class=\"woocommerce-loop-category__title\">\n\t\t\tIndividuelle Kaffeesorten und Kaffeepr\u00e4sente f\u00fcr Firmen, Regionen und Events <mark class=\"count\">(5)<\/mark>\t\t<\/h2>\n\t\t<\/a><\/li>\n<li class=\"product-category product first\">\n\t<a aria-label=\"Produktkategorie Spirituosen besuchen\" href=\"https:\/\/kaffee-bongusta.de\/shop\/regional-kaffee\/spirituosen-braende-geiste-likoere\/\"><img decoding=\"async\" src=\"https:\/\/kaffee-bongusta.de\/shop\/wp-content\/uploads\/2019\/12\/Kategorie-Spirituosen-324x648.jpg\" alt=\"Spirituosen\" width=\"324\" height=\"648\" srcset=\"https:\/\/kaffee-bongusta.de\/shop\/wp-content\/uploads\/2019\/12\/Kategorie-Spirituosen-324x648.jpg 324w, https:\/\/kaffee-bongusta.de\/shop\/wp-content\/uploads\/2019\/12\/Kategorie-Spirituosen-416x832.jpg 416w, https:\/\/kaffee-bongusta.de\/shop\/wp-content\/uploads\/2019\/12\/Kategorie-Spirituosen-300x600.jpg 300w, https:\/\/kaffee-bongusta.de\/shop\/wp-content\/uploads\/2019\/12\/Kategorie-Spirituosen-150x300.jpg 150w, https:\/\/kaffee-bongusta.de\/shop\/wp-content\/uploads\/2019\/12\/Kategorie-Spirituosen.jpg 500w\" sizes=\"(max-width: 324px) 100vw, 324px\" \/>\t\t<h2 class=\"woocommerce-loop-category__title\">\n\t\t\tSpirituosen <mark class=\"count\">(3)<\/mark>\t\t<\/h2>\n\t\t<\/a><\/li>\n<li class=\"product-category product\">\n\t<a aria-label=\"Produktkategorie Regionale Geschenke und Geschenkesets besuchen\" href=\"https:\/\/kaffee-bongusta.de\/shop\/regional-kaffee\/regionale-geschenke-geschenkesets\/\"><img decoding=\"async\" src=\"https:\/\/kaffee-bongusta.de\/shop\/wp-content\/uploads\/2020\/01\/bundle-bier-kaffee-pralinen-siebengebirge-324x648.jpg\" alt=\"Regionale Geschenke und Geschenkesets\" width=\"324\" height=\"648\" srcset=\"https:\/\/kaffee-bongusta.de\/shop\/wp-content\/uploads\/2020\/01\/bundle-bier-kaffee-pralinen-siebengebirge-324x648.jpg 324w, https:\/\/kaffee-bongusta.de\/shop\/wp-content\/uploads\/2020\/01\/bundle-bier-kaffee-pralinen-siebengebirge-416x832.jpg 416w, https:\/\/kaffee-bongusta.de\/shop\/wp-content\/uploads\/2020\/01\/bundle-bier-kaffee-pralinen-siebengebirge-300x600.jpg 300w, https:\/\/kaffee-bongusta.de\/shop\/wp-content\/uploads\/2020\/01\/bundle-bier-kaffee-pralinen-siebengebirge-150x300.jpg 150w, https:\/\/kaffee-bongusta.de\/shop\/wp-content\/uploads\/2020\/01\/bundle-bier-kaffee-pralinen-siebengebirge.jpg 500w\" sizes=\"(max-width: 324px) 100vw, 324px\" \/>\t\t<h2 class=\"woocommerce-loop-category__title\">\n\t\t\tRegionale Geschenke und Geschenkesets <mark class=\"count\">(2)<\/mark>\t\t<\/h2>\n\t\t<\/a><\/li>\n<\/ul>\n<\/div>\n","protected":false},"excerpt":{"rendered":"<p>Verkauf und Ausschank: Einzelhandel und Gastronomie mit eurer regionalen Kaffeesorte &#8211; regionaler Vorteil in eurem Gesch\u00e4ft Unser Kaffeesortiment f\u00fcr H\u00e4ndler und Gastronomie Kaffee mit Herz spendet f\u00fcr deine Region. Neben regionalen und au\u00dfergw\u00f6hnlichen Kaffeesorten bieten wir weitere Spezialit\u00e4ten aus Kaffee und Espresso: Espressolik\u00f6re, Brand mit Kaffeebohne, Kaffeepralinen, Espressobonbons und Espressosirup, Espresso-Beer&#8230;Besondere Cocktail Rezepte mit unseren [&hellip;]<\/p>\n","protected":false},"author":72,"featured_media":0,"parent":0,"menu_order":0,"comment_status":"closed","ping_status":"closed","template":"","meta":{"footnotes":""},"class_list":["post-1248","page","type-page","status-publish","hentry"],"_links":{"self":[{"href":"https:\/\/kaffee-bongusta.de\/shop\/wp-json\/wp\/v2\/pages\/1248","targetHints":{"allow":["GET"]}}],"collection":[{"href":"https:\/\/kaffee-bongusta.de\/shop\/wp-json\/wp\/v2\/pages"}],"about":[{"href":"https:\/\/kaffee-bongusta.de\/shop\/wp-json\/wp\/v2\/types\/page"}],"author":[{"embeddable":true,"href":"https:\/\/kaffee-bongusta.de\/shop\/wp-json\/wp\/v2\/users\/72"}],"replies":[{"embeddable":true,"href":"https:\/\/kaffee-bongusta.de\/shop\/wp-json\/wp\/v2\/comments?post=1248"}],"version-history":[{"count":0,"href":"https:\/\/kaffee-bongusta.de\/shop\/wp-json\/wp\/v2\/pages\/1248\/revisions"}],"wp:attachment":[{"href":"https:\/\/kaffee-bongusta.de\/shop\/wp-json\/wp\/v2\/media?parent=1248"}],"curies":[{"name":"wp","href":"https:\/\/api.w.org\/{rel}","templated":true}]}}