{"id":131,"date":"2016-09-19T14:58:51","date_gmt":"2016-09-19T13:58:51","guid":{"rendered":"http:\/\/www.kaffee-bongusta.de\/shop\/?page_id=131"},"modified":"2025-02-11T11:56:24","modified_gmt":"2025-02-11T10:56:24","slug":"agb","status":"publish","type":"page","link":"https:\/\/kaffee-bongusta.de\/shop\/agb\/","title":{"rendered":"Allgemeine Gesch\u00e4ftsbedingungen"},"content":{"rendered":"<p>\u00a71 Geltung gegen\u00fcber Unternehmern und Begriffsdefinitionen<\/p>\n<p>(1) Die nachfolgenden Allgemeinen Gesch\u00e4ftsbedingungen gelten f\u00fcr alle Lieferungen zwischen uns und einem Verbraucher in ihrer zum Zeitpunkt der Bestellung g\u00fcltigen Fassung.<\/p>\n<p>(2) \u201eVerbraucher\u201c in Sinne dieser Gesch\u00e4ftsbedingungen ist jede nat\u00fcrliche Person, die ein Rechtsgesch\u00e4ft zu einem Zwecke abschlie\u00dft, der weder ihrer gewerblichen noch ihrer selbst\u00e4ndigen beruflichen T\u00e4tigkeit zugerechnet werden kann.<\/p>\n<p>Es gilt ausschlie\u00dflich das Recht der Bundesrepublik Deutschland unter Ausschluss des UN-Kaufrechts (CISG).<\/p>\n<p>\u00a72 Zustandekommen eines Vertrages, Speicherung des Vertragstextes<\/p>\n<p>(1) Die folgenden Regelungen \u00fcber den Vertragsabschluss gelten f\u00fcr Bestellungen \u00fcber unseren Internetshop http:\/\/www.kaffee-bongusta.de .<\/p>\n<p>(2) Im Falle des Vertragsschlusses kommt der Vertrag mit<\/p>\n<div>\n<p>Kaffeekontor Bongusta<br \/>\nThomas Schmidt<br \/>\nClemens-Adams-Stra\u00dfe 10<br \/>\n53604 Bad Honnef<br \/>\nUSt-ID.Nr.: DE17554849<\/p>\n<p>zustande<b>.<br \/>\n<\/b><br \/>\n(3) Die Pr\u00e4sentation der Waren in unserem Internetshop stellen kein rechtlich bindendes Vertragsangebot unsererseits dar, sondern sind nur eine unverbindliche Aufforderungen an den Verbraucher, Waren zu bestellen. Mit der Bestellung der gew\u00fcnschten Ware gibt der Verbraucher ein f\u00fcr ihn verbindliches Angebot auf Abschluss eines Kaufvertrages ab.<br \/>\n(4) Bei Eingang einer Bestellung in unserem Internetshop gelten folgende Regelungen: Der Verbraucher gibt ein bindendes Vertragsangebot ab, indem er die in unserem Internetshop vorgesehene Bestellprozedur erfolgreich durchl\u00e4uft.<\/p>\n<p>Die Bestellung erfolgt in folgenden Schritten:<\/p>\n<\/div>\n<div class=\"ml20\">1) Auswahl der gew\u00fcnschten Ware<br \/>\n2) Best\u00e4tigen durch Anklicken der Buttons \u201eBestellen\u201c<br \/>\n3) Pr\u00fcfung der Angaben im Warenkorb<br \/>\n4) Bet\u00e4tigung des Buttons \u201ezur Kasse\u201c<br \/>\n5) Anmeldung im Internetshop nach Registrierung und Eingabe der Anmelderangaben (E-Mail-Adresse und Passwort).<br \/>\n6) Nochmalige Pr\u00fcfung bzw. Berichtigung der jeweiligen eingegebenen Daten.<br \/>\n7) Verbindliche Absendung der Bestellung.<\/div>\n<p>Der Verbraucher kann vor dem verbindlichen Absenden der Bestellung durch Bet\u00e4tigen der in dem von ihm verwendeten Internet-Browser enthaltenen \u201eZur\u00fcck\u201c-Taste nach Kontrolle seiner Angaben wieder zu der Internetseite gelangen, auf der die Angaben des Kunden erfasst werden und Eingabefehler berichtigen bzw. durch Schlie\u00dfen des Internetbrowsers den Bestellvorgang abbrechen. Wir best\u00e4tigen den Eingang der Bestellung unmittelbar durch eine automatisch generierte E-Mail (\u201eAuftragsbest\u00e4tigung\u201c). Mit dieser nehmen wir Ihr Angebot an.<\/p>\n<p>(5) Speicherung des Vertragstextes bei Bestellungen \u00fcber unseren Internetshop : Wir speichern den Vertragstext und senden Ihnen die Bestelldaten und unsere AGB per E-Mail zu. Die AGB k\u00f6nnen Sie jederzeit auch unter http:\/\/www.kaffee-bongusta.de\/shop\/agb\/ einsehen. Ihre vergangenen Bestellungen k\u00f6nnen Sie in unserem Kunden-Bereich unter Mein Konto\/Bestellungen einsehen.<\/p>\n<p>\u00a73 Preise, Versandkosten, Zahlung, F\u00e4lligkeit<\/p>\n<p>(1) Die angegebenen Preise enthalten die gesetzliche Umsatzsteuer und sonstige Preisbestandteile. Hinzu kommen etwaige Versandkosten.<\/p>\n<p>(2) Der Verbraucher hat die M\u00f6glichkeit der Zahlung wie unter https:\/\/kaffee-bongusta.de\/shop\/ ausgewiesen.<\/p>\n<p>(3) Soweit wir per Nachnahme liefern, tritt die F\u00e4lligkeit der Kaufpreisforderung mit Erhalt der Ware ein.<\/p>\n<p>(4) Sofern Sie uns ein SEPA-Mandat erteilen, erfolgt die Zahlung per Einzug von Ihrem Bankkonto. Die Abbuchung des Kaufpreises von Ihrem Konto erfolgt durch uns. Die Frist f\u00fcr die Vorabank\u00fcndigung (Pre-Notification) wird auf 1 Tag verk\u00fcrzt. Der K\u00e4ufer sichert zu, f\u00fcr die Deckung des Kontos zu sorgen. Kosten, die aufgrund von Nichteinl\u00f6sung oder R\u00fcckbuchung der Lastschrift entstehen, gehen zu Lasten des K\u00e4ufers, solange die Nichteinl\u00f6sung oder die R\u00fcckbuchung nicht durch uns verursacht wurde.<br \/>\nSofern keine abweichende Vereinbarung getroffen wird, erfolgt die Abrechnung einer papierlosen Rechnung im PDF-Format per eMail bzw. im Kundenkonto.<\/p>\n<p>\u00a74 Lieferung<\/p>\n<p>(1) Sofern wir dies in der Produktbeschreibung nicht deutlich anders angegeben haben, sind alle von uns angebotenen Artikel sofort versandfertig. Die Lieferung erfolgt innerhalb von 1-3 Werktagen sofern in der Artikelbeschreibung nicht anders ausgewiesen.<\/p>\n<p>(2) Rohkaffee ist ein Naturprodukt und kann je nach Charge, R\u00f6stkaffee je nach handwerklicher R\u00f6stung und Mischungen nach Zusammensetzung variieren. Abbildungen und Etiketten k\u00f6nnen auflagen- und chargenabh\u00e4ngig variieren.<\/p>\n<p>(3) Farbliche Unterschiede bei Etiketten sind auf drucktechnische Gegebenheiten sowie verwendeter Monitore und Displays zur\u00fcckzuf\u00fchren.<\/p>\n<p>(4) Das Bekleben individuell angefertigter Etiketten auf Kaffeeverpackungen erfolgt von Hand auf naturgem\u00e4\u00df unebene Kaffeeverpackungen, die ein Naturprodukt enthalten. Daher kann die Etikettenoberfl\u00e4che partiell Unregelm\u00e4\u00dfigkeiten aufweisen.<\/p>\n<p>\u00a75 Eigentumsvorbehalt<\/p>\n<p>Wir behalten uns das Eigentum an der Ware bis zur vollst\u00e4ndigen Bezahlung des Kaufpreises vor.<\/p>\n<p>\u00a76 Vertragsprache <b><\/b><\/p>\n<p>Als Vertragssprache steht ausschlie\u00dflich Deutsch zur Verf\u00fcgung.<\/p>\n<p>Stand der AGB 02.2024<\/p>\n<p><i><a href=\"http:\/\/www.agb.de\/\" target=\"_blank\" rel=\"noopener\">Gratis AGB<\/a> erstellt von agb.de<\/i><br \/>\n<div class=\"woocommerce woocommerce-gzd woocommerce-gzd-complaints-shortcode\">\n\t\t\t<h3>Alternative Streitbeilegung gem\u00e4\u00df Art. 14 Abs. 1 ODR-VO und \u00a7 36 VSBG:<\/h3>\n\t\nZur Teilnahme an einem Streitbeilegungsverfahren vor einer Verbraucherschlichtungsstelle sind wir nicht verpflichtet und nicht bereit.<\/div><\/p>\n","protected":false},"excerpt":{"rendered":"<p>\u00a71 Geltung gegen\u00fcber Unternehmern und Begriffsdefinitionen (1) Die nachfolgenden Allgemeinen Gesch\u00e4ftsbedingungen gelten f\u00fcr alle Lieferungen zwischen uns und einem Verbraucher in ihrer zum Zeitpunkt der Bestellung g\u00fcltigen Fassung. (2) \u201eVerbraucher\u201c in Sinne dieser Gesch\u00e4ftsbedingungen ist jede nat\u00fcrliche Person, die ein Rechtsgesch\u00e4ft zu einem Zwecke abschlie\u00dft, der weder ihrer gewerblichen noch ihrer selbst\u00e4ndigen beruflichen T\u00e4tigkeit zugerechnet [&hellip;]<\/p>\n","protected":false},"author":72,"featured_media":0,"parent":0,"menu_order":0,"comment_status":"closed","ping_status":"closed","template":"","meta":{"footnotes":""},"class_list":["post-131","page","type-page","status-publish","hentry"],"_links":{"self":[{"href":"https:\/\/kaffee-bongusta.de\/shop\/wp-json\/wp\/v2\/pages\/131","targetHints":{"allow":["GET"]}}],"collection":[{"href":"https:\/\/kaffee-bongusta.de\/shop\/wp-json\/wp\/v2\/pages"}],"about":[{"href":"https:\/\/kaffee-bongusta.de\/shop\/wp-json\/wp\/v2\/types\/page"}],"author":[{"embeddable":true,"href":"https:\/\/kaffee-bongusta.de\/shop\/wp-json\/wp\/v2\/users\/72"}],"replies":[{"embeddable":true,"href":"https:\/\/kaffee-bongusta.de\/shop\/wp-json\/wp\/v2\/comments?post=131"}],"version-history":[{"count":3,"href":"https:\/\/kaffee-bongusta.de\/shop\/wp-json\/wp\/v2\/pages\/131\/revisions"}],"predecessor-version":[{"id":13133,"href":"https:\/\/kaffee-bongusta.de\/shop\/wp-json\/wp\/v2\/pages\/131\/revisions\/13133"}],"wp:attachment":[{"href":"https:\/\/kaffee-bongusta.de\/shop\/wp-json\/wp\/v2\/media?parent=131"}],"curies":[{"name":"wp","href":"https:\/\/api.w.org\/{rel}","templated":true}]}}