{"id":13200,"date":"2025-06-24T10:39:33","date_gmt":"2025-06-24T09:39:33","guid":{"rendered":"https:\/\/kaffee-bongusta.de\/shop\/?page_id=13200"},"modified":"2025-06-24T12:43:14","modified_gmt":"2025-06-24T11:43:14","slug":"barrierefreiheit","status":"publish","type":"page","link":"https:\/\/kaffee-bongusta.de\/shop\/barrierefreiheit\/","title":{"rendered":"Erkl\u00e4rung Barrierefreiheit"},"content":{"rendered":"\n<p>Die Website der Firma Kaffeekontor Bongusta entspricht den Anforderungen des Barrierefreiheitsst\u00e4rkungsgesetzes (BFSG) und der Barrierefreien-Informationstechnik-Verordnung (BITV 2.0). Diese Erkl\u00e4rung zur Barrierefreiheit gilt f\u00fcr die gesamte Website inklusive Online-Shop.<\/p>\n\n\n\n<h3 class=\"wp-block-heading\">Stand der Vereinbarkeit mit den Anforderungen<\/h3>\n\n\n\n<p>Diese Website ist nach Pr\u00fcfung mit den geltenden Anforderungen vereinbar. Die meisten Inhalte und Funktionen sind barrierefrei zug\u00e4nglich. Einzelne Inhalte wie eingebettete oder \u00e4ltere Dokumente k\u00f6nnen derzeit noch Barrieren aufweisen.<\/p>\n\n\n\n<p>Nicht barrierefreie Inhalte:<br>Die nachfolgend aufgef\u00fchrten Inhalte sind derzeit nicht vollst\u00e4ndig barrierefrei:<br>\u2022 Einige eingebundene PDF-Dateien sind nicht durchgehend barrierefrei strukturiert.<br>\u2022 Eingebettete Videos verf\u00fcgen nicht immer \u00fcber Untertitel oder Audiodeskription.<br>\u2022 Einzelne Bedienelemente erfordern noch weitere Verbesserung hinsichtlich Tastaturbedienbarkeit oder Screenreader-Kompatibilit\u00e4t. Wir arbeiten kontinuierlich an der Verbesserung der Barrierefreiheit unserer Website und nehmen Nutzerhinweise ernst. Die vollst\u00e4ndige barrierefreie Umsetzung erfordert in einzelnen F\u00e4llen technische Entwicklungen, die sukzessive erfolgen.<\/p>\n\n\n\n<p>Erstellung dieser Erkl\u00e4rung:<br>Diese Erkl\u00e4rung wurde auf Grundlage einer internen Selbstbewertung erstellt. Sollten Ihnen Barrieren auf unserer Website auffallen oder sollten Sie Informationen in barrierefreier Form ben\u00f6tigen, kontaktieren Sie uns bitte:<\/p>\n\n\n\n<p>E-Mail:&nbsp;info@kaffee-bongusta.de<br>Telefon: +49 (0) 2224-901980<\/p>\n\n\n\n<p>Schlichtungsverfahren:<br>Wenn Sie ein Anliegen zur Barrierefreiheit haben, k\u00f6nnen Sie sich an die Schlichtungsstelle nach dem Behindertengleichstellungsgesetz wenden:<\/p>\n\n\n\n<p>Schlichtungsstelle BGG<br>Beauftragtet der Bundesregierung f\u00fcr die Belange von Menschen mit Behinderungen<br>Mauerstra\u00dfe 53<br>10117 Berlin<br>Telefon: 030 18 527-2805<br>E-Mail: info@schlichtungsstelle-bgg.de<br>Website: schlichtungsstelle-bgg.de<\/p>\n","protected":false},"excerpt":{"rendered":"<p>Die Website der Firma Kaffeekontor Bongusta entspricht den Anforderungen des Barrierefreiheitsst\u00e4rkungsgesetzes (BFSG) und der Barrierefreien-Informationstechnik-Verordnung (BITV 2.0). Diese Erkl\u00e4rung zur Barrierefreiheit gilt f\u00fcr die gesamte Website inklusive Online-Shop. Stand der Vereinbarkeit mit den Anforderungen Diese Website ist nach Pr\u00fcfung mit den geltenden Anforderungen vereinbar. Die meisten Inhalte und Funktionen sind barrierefrei zug\u00e4nglich. Einzelne Inhalte wie [&hellip;]<\/p>\n","protected":false},"author":72,"featured_media":0,"parent":0,"menu_order":0,"comment_status":"closed","ping_status":"closed","template":"","meta":{"footnotes":""},"class_list":["post-13200","page","type-page","status-publish","hentry"],"_links":{"self":[{"href":"https:\/\/kaffee-bongusta.de\/shop\/wp-json\/wp\/v2\/pages\/13200","targetHints":{"allow":["GET"]}}],"collection":[{"href":"https:\/\/kaffee-bongusta.de\/shop\/wp-json\/wp\/v2\/pages"}],"about":[{"href":"https:\/\/kaffee-bongusta.de\/shop\/wp-json\/wp\/v2\/types\/page"}],"author":[{"embeddable":true,"href":"https:\/\/kaffee-bongusta.de\/shop\/wp-json\/wp\/v2\/users\/72"}],"replies":[{"embeddable":true,"href":"https:\/\/kaffee-bongusta.de\/shop\/wp-json\/wp\/v2\/comments?post=13200"}],"version-history":[{"count":6,"href":"https:\/\/kaffee-bongusta.de\/shop\/wp-json\/wp\/v2\/pages\/13200\/revisions"}],"predecessor-version":[{"id":13211,"href":"https:\/\/kaffee-bongusta.de\/shop\/wp-json\/wp\/v2\/pages\/13200\/revisions\/13211"}],"wp:attachment":[{"href":"https:\/\/kaffee-bongusta.de\/shop\/wp-json\/wp\/v2\/media?parent=13200"}],"curies":[{"name":"wp","href":"https:\/\/api.w.org\/{rel}","templated":true}]}}