{"id":4209,"date":"2019-11-26T20:18:35","date_gmt":"2019-11-26T19:18:35","guid":{"rendered":"https:\/\/www.kaffee-bongusta.de\/shop\/?page_id=4209"},"modified":"2020-04-07T10:57:07","modified_gmt":"2020-04-07T09:57:07","slug":"rabatte-fuer-unsere-spendenpartner-vereinsmitglieder","status":"publish","type":"page","link":"https:\/\/kaffee-bongusta.de\/shop\/rabatte-fuer-unsere-spendenpartner-vereinsmitglieder\/","title":{"rendered":"Sonderrabatte f\u00fcr Vereinsmitglieder unsere Spendenpartner"},"content":{"rendered":"\n<div class=\"wp-block-media-text\" style=\"grid-template-columns:37% auto\"><figure class=\"wp-block-media-text__media\"><img decoding=\"async\" width=\"500\" height=\"500\" src=\"https:\/\/kaffee-bongusta.de\/shop\/wp-content\/uploads\/2019\/08\/Kaffee-mit-Herz-Logo.jpg\" alt=\"\" class=\"wp-image-3192\" srcset=\"https:\/\/kaffee-bongusta.de\/shop\/wp-content\/uploads\/2019\/08\/Kaffee-mit-Herz-Logo.jpg 500w, https:\/\/kaffee-bongusta.de\/shop\/wp-content\/uploads\/2019\/08\/Kaffee-mit-Herz-Logo-100x100.jpg 100w, https:\/\/kaffee-bongusta.de\/shop\/wp-content\/uploads\/2019\/08\/Kaffee-mit-Herz-Logo-416x416.jpg 416w, https:\/\/kaffee-bongusta.de\/shop\/wp-content\/uploads\/2019\/08\/Kaffee-mit-Herz-Logo-300x300.jpg 300w\" sizes=\"(max-width: 500px) 100vw, 500px\" \/><\/figure><div class=\"wp-block-media-text__content\">\n<h2 class=\"wp-block-heading\">Kaffee mit Herz<\/h2>\n<\/div><\/div>\n\n\n\n<h2 class=\"wp-block-heading\">Vereinsmitglieder unserer Spendenpartner erhalten 10% Rabatt auf das regionale Sortiment <\/h2>\n\n\n\n<div class=\"wp-block-media-text\" style=\"grid-template-columns:28% auto\"><figure class=\"wp-block-media-text__media\"><img decoding=\"async\" width=\"371\" height=\"229\" src=\"https:\/\/kaffee-bongusta.de\/shop\/wp-content\/uploads\/2019\/06\/logo-vvs.png\" alt=\"\" class=\"wp-image-2830\" srcset=\"https:\/\/kaffee-bongusta.de\/shop\/wp-content\/uploads\/2019\/06\/logo-vvs.png 371w, https:\/\/kaffee-bongusta.de\/shop\/wp-content\/uploads\/2019\/06\/logo-vvs-300x185.png 300w\" sizes=\"(max-width: 371px) 100vw, 371px\" \/><\/figure><div class=\"wp-block-media-text__content\">\n<h2 class=\"wp-block-heading\">VVS Versch\u00f6nerungsverein Siebengebirge <\/h2>\n\n\n\n<p> <a href=\"https:\/\/kaffee-bongusta.de\/shop\/regional-kaffee\/kaffee-siebengebirge\/\">Kaffee Siebengebirge<\/a> Mitglieder im VVS Siebengebirge nutzen den Rabattcode <\/p>\n\n\n\n<pre class=\"wp-block-verse\">vvsregional<\/pre>\n<\/div><\/div>\n\n\n\n<div class=\"wp-block-media-text\" style=\"grid-template-columns:28% auto\"><figure class=\"wp-block-media-text__media\"><img decoding=\"async\" width=\"640\" height=\"426\" src=\"https:\/\/kaffee-bongusta.de\/shop\/wp-content\/uploads\/2019\/06\/Logo-Dat-K\u00f6lsche-H\u00e4tz.png\" alt=\"\" class=\"wp-image-2807\" srcset=\"https:\/\/kaffee-bongusta.de\/shop\/wp-content\/uploads\/2019\/06\/Logo-Dat-K\u00f6lsche-H\u00e4tz.png 640w, https:\/\/kaffee-bongusta.de\/shop\/wp-content\/uploads\/2019\/06\/Logo-Dat-K\u00f6lsche-H\u00e4tz-416x277.png 416w, https:\/\/kaffee-bongusta.de\/shop\/wp-content\/uploads\/2019\/06\/Logo-Dat-K\u00f6lsche-H\u00e4tz-300x200.png 300w\" sizes=\"(max-width: 640px) 100vw, 640px\" \/><\/figure><div class=\"wp-block-media-text__content\">\n<h2 class=\"wp-block-heading\">Dat K\u00f6lsche H\u00e4tz <\/h2>\n\n\n\n<p><a href=\"https:\/\/kaffee-bongusta.de\/shop\/regional-kaffee\/kaffee-koeln\/\">Kaffee K\u00f6ln<\/a>  Mitglieder vom F\u00f6rderverein Dat K\u00f6lsche H\u00e4tz nutzen den Rabattcode <\/p>\n\n\n\n<pre class=\"wp-block-preformatted\">dkhkoeln <\/pre>\n\n\n\n<div class=\"wp-block-group\"><div class=\"wp-block-group__inner-container is-layout-flow wp-block-group-is-layout-flow\">\n<p><\/p>\n<\/div><\/div>\n<\/div><\/div>\n\n\n\n<div class=\"wp-block-media-text\" style=\"grid-template-columns:28% auto\"><figure class=\"wp-block-media-text__media\"><img decoding=\"async\" width=\"667\" height=\"209\" src=\"https:\/\/kaffee-bongusta.de\/shop\/wp-content\/uploads\/2019\/05\/logo-bunter-kreis.jpg\" alt=\"\" class=\"wp-image-2720\" srcset=\"https:\/\/kaffee-bongusta.de\/shop\/wp-content\/uploads\/2019\/05\/logo-bunter-kreis.jpg 667w, https:\/\/kaffee-bongusta.de\/shop\/wp-content\/uploads\/2019\/05\/logo-bunter-kreis-416x130.jpg 416w, https:\/\/kaffee-bongusta.de\/shop\/wp-content\/uploads\/2019\/05\/logo-bunter-kreis-300x94.jpg 300w\" sizes=\"(max-width: 667px) 100vw, 667px\" \/><\/figure><div class=\"wp-block-media-text__content\">\n<h2 class=\"wp-block-heading\">Bunter Kreis Rheinland<\/h2>\n\n\n\n<p> Mitglieder von Bunter Kreis Rheinland nutzen den Rabattcode <\/p>\n\n\n\n<pre class=\"wp-block-preformatted\">bkrbonn<\/pre>\n<\/div><\/div>\n\n\n\n<h2 class=\"wp-block-heading\"><\/h2>\n","protected":false},"excerpt":{"rendered":"<p>Kaffee mit Herz Vereinsmitglieder unserer Spendenpartner erhalten 10% Rabatt auf das regionale Sortiment VVS Versch\u00f6nerungsverein Siebengebirge Kaffee Siebengebirge Mitglieder im VVS Siebengebirge nutzen den Rabattcode vvsregional Bunter Kreis Rheinland Mitglieder von Bunter Kreis Rheinland nutzen den Rabattcode bkrbonn<\/p>\n","protected":false},"author":72,"featured_media":0,"parent":0,"menu_order":0,"comment_status":"closed","ping_status":"closed","template":"","meta":{"footnotes":""},"class_list":["post-4209","page","type-page","status-publish","hentry"],"_links":{"self":[{"href":"https:\/\/kaffee-bongusta.de\/shop\/wp-json\/wp\/v2\/pages\/4209","targetHints":{"allow":["GET"]}}],"collection":[{"href":"https:\/\/kaffee-bongusta.de\/shop\/wp-json\/wp\/v2\/pages"}],"about":[{"href":"https:\/\/kaffee-bongusta.de\/shop\/wp-json\/wp\/v2\/types\/page"}],"author":[{"embeddable":true,"href":"https:\/\/kaffee-bongusta.de\/shop\/wp-json\/wp\/v2\/users\/72"}],"replies":[{"embeddable":true,"href":"https:\/\/kaffee-bongusta.de\/shop\/wp-json\/wp\/v2\/comments?post=4209"}],"version-history":[{"count":0,"href":"https:\/\/kaffee-bongusta.de\/shop\/wp-json\/wp\/v2\/pages\/4209\/revisions"}],"wp:attachment":[{"href":"https:\/\/kaffee-bongusta.de\/shop\/wp-json\/wp\/v2\/media?parent=4209"}],"curies":[{"name":"wp","href":"https:\/\/api.w.org\/{rel}","templated":true}]}}