{"id":5071,"date":"2020-01-01T21:11:20","date_gmt":"2020-01-01T20:11:20","guid":{"rendered":"https:\/\/www.kaffee-bongusta.de\/shop\/?page_id=5071"},"modified":"2026-01-03T07:51:45","modified_gmt":"2026-01-03T06:51:45","slug":"kaffeesorten-mit-herz-genuss-regional-fair","status":"publish","type":"page","link":"https:\/\/kaffee-bongusta.de\/shop\/","title":{"rendered":"Kaffeesorten f\u00fcr Regionen"},"content":{"rendered":"\n<h2 class=\"wp-block-heading has-text-align-center\">Beste Kaffeebohnen &amp; Spezialit\u00e4ten aus Kaffee<\/h2>\n\n\n\n<div class=\"wp-block-columns is-not-stacked-on-mobile is-layout-flex wp-container-core-columns-is-layout-28f84493 wp-block-columns-is-layout-flex\">\n<div class=\"wp-block-column is-layout-flow wp-block-column-is-layout-flow\"><div class=\"wp-block-image is-style-rounded\">\n<figure class=\"aligncenter size-full\"><img decoding=\"async\" width=\"300\" height=\"300\" src=\"https:\/\/kaffee-bongusta.de\/shop\/wp-content\/uploads\/Kaffeeernte.jpg\" alt=\"\" class=\"wp-image-12460\" srcset=\"https:\/\/kaffee-bongusta.de\/shop\/wp-content\/uploads\/Kaffeeernte.jpg 300w, https:\/\/kaffee-bongusta.de\/shop\/wp-content\/uploads\/Kaffeeernte-100x100.jpg 100w\" sizes=\"(max-width: 300px) 100vw, 300px\" \/><\/figure>\n<\/div><\/div>\n\n\n\n<div class=\"wp-block-column nichtmobil is-layout-flow wp-block-column-is-layout-flow\"><div class=\"wp-block-image is-style-rounded\">\n<figure class=\"aligncenter size-full\"><img decoding=\"async\" width=\"300\" height=\"300\" src=\"https:\/\/kaffee-bongusta.de\/shop\/wp-content\/uploads\/Roesterei-Kaffee-roesten.jpg\" alt=\"\" class=\"wp-image-12461\" srcset=\"https:\/\/kaffee-bongusta.de\/shop\/wp-content\/uploads\/Roesterei-Kaffee-roesten.jpg 300w, https:\/\/kaffee-bongusta.de\/shop\/wp-content\/uploads\/Roesterei-Kaffee-roesten-100x100.jpg 100w\" sizes=\"(max-width: 300px) 100vw, 300px\" \/><\/figure>\n<\/div><\/div>\n\n\n\n<div class=\"wp-block-column is-layout-flow wp-block-column-is-layout-flow\"><div class=\"wp-block-image is-style-rounded\">\n<figure class=\"aligncenter size-full\"><img decoding=\"async\" width=\"300\" height=\"300\" src=\"https:\/\/kaffee-bongusta.de\/shop\/wp-content\/uploads\/Tom-Kaffee-roesten.jpg\" alt=\"\" class=\"wp-image-12463\" srcset=\"https:\/\/kaffee-bongusta.de\/shop\/wp-content\/uploads\/Tom-Kaffee-roesten.jpg 300w, https:\/\/kaffee-bongusta.de\/shop\/wp-content\/uploads\/Tom-Kaffee-roesten-100x100.jpg 100w\" sizes=\"(max-width: 300px) 100vw, 300px\" \/><\/figure>\n<\/div><\/div>\n<\/div>\n\n\n\n<p class=\"has-text-align-center goldenverlaufschrift\">Unsere regionalen und k\u00f6stliche Kaffeesorten sind speziell f\u00fcr die jeweilige Region und Themen erschaffen und ger\u00f6stet. Nachhaltig gef\u00fchrte Hochland-Anbaugebiete rund um den Globus, fair-direkt gehandelt, schonende Langzeitr\u00f6stung und eine Spende f\u00fcr soziale Projekte und Naturschutz zeichnen unsere regionalen Kaffee-und Espressosorten aus.<a href=\"https:\/\/kaffee-bongusta.de\/shop\/regional-kaffee\/kaffee-siebengebirge\/\"><\/a><\/p>\n\n\n\n<h3 class=\"wp-block-heading has-text-align-center goldenverlaufschrift\"><i class=\"fas fa-coffee\"><\/i> Kaffee Siebengebirge, Kaffee Borkum, Beathoven.Coffee, Kaffee Rheinland, Coffee V\u00b7King und individuelle Kaffeesorten mit eigenem Etikett<\/h3>\n\n\n\n<h3 class=\"wp-block-heading has-text-align-center goldenschrift\"><i class=\"fa fa-map-marker\"><\/i> <strong>mit <a href=\"https:\/\/kaffee-bongusta.de\/shop\/produktgruppen\/regional-bonus\/\">Regional-Bonus<\/a><\/strong><\/h3>\n\n\n\n<div class=\"wp-block-columns is-layout-flex wp-container-core-columns-is-layout-28f84493 wp-block-columns-is-layout-flex\">\n<div class=\"wp-block-column is-layout-flow wp-block-column-is-layout-flow\"><div class=\"wp-block-image\">\n<figure class=\"aligncenter size-full\"><a href=\"https:\/\/kaffee-bongusta.de\/shop\/regional-kaffee\/kaffee-siebengebirge\/\"><img decoding=\"async\" width=\"497\" height=\"497\" src=\"https:\/\/kaffee-bongusta.de\/shop\/wp-content\/uploads\/Kaffee-Siebengebirge-Produktbild-square-small.jpg\" alt=\"Kaffee Siebengebirge\" class=\"wp-image-10150\" srcset=\"https:\/\/kaffee-bongusta.de\/shop\/wp-content\/uploads\/Kaffee-Siebengebirge-Produktbild-square-small.jpg 497w, https:\/\/kaffee-bongusta.de\/shop\/wp-content\/uploads\/Kaffee-Siebengebirge-Produktbild-square-small-350x350.jpg 350w, https:\/\/kaffee-bongusta.de\/shop\/wp-content\/uploads\/Kaffee-Siebengebirge-Produktbild-square-small-416x416.jpg 416w, https:\/\/kaffee-bongusta.de\/shop\/wp-content\/uploads\/Kaffee-Siebengebirge-Produktbild-square-small-100x100.jpg 100w\" sizes=\"(max-width: 497px) 100vw, 497px\" \/><\/a><figcaption class=\"wp-element-caption\"><a href=\"https:\/\/kaffee-bongusta.de\/shop\/regional-kaffee\/kaffee-siebengebirge\/\">Kaffee Siebengebirge<\/a><\/figcaption><\/figure>\n<\/div><\/div>\n\n\n\n<div class=\"wp-block-column is-layout-flow wp-block-column-is-layout-flow\"><div class=\"wp-block-image\">\n<figure class=\"aligncenter size-full\"><a href=\"https:\/\/kaffee-bongusta.de\/shop\/kaffeesorten\/kaffee-bonn\/beathoven-coffee\/\"><img decoding=\"async\" width=\"497\" height=\"497\" src=\"https:\/\/kaffee-bongusta.de\/shop\/wp-content\/uploads\/Beathoven-neutral-Produktbild-square-small.jpg\" alt=\"Kaffee Beethoven\" class=\"wp-image-10386\" srcset=\"https:\/\/kaffee-bongusta.de\/shop\/wp-content\/uploads\/Beathoven-neutral-Produktbild-square-small.jpg 497w, https:\/\/kaffee-bongusta.de\/shop\/wp-content\/uploads\/Beathoven-neutral-Produktbild-square-small-350x350.jpg 350w, https:\/\/kaffee-bongusta.de\/shop\/wp-content\/uploads\/Beathoven-neutral-Produktbild-square-small-416x416.jpg 416w, https:\/\/kaffee-bongusta.de\/shop\/wp-content\/uploads\/Beathoven-neutral-Produktbild-square-small-100x100.jpg 100w\" sizes=\"(max-width: 497px) 100vw, 497px\" \/><\/a><figcaption class=\"wp-element-caption\"><a href=\"https:\/\/kaffee-bongusta.de\/shop\/kaffeesorten\/kaffee-bonn\/beathoven-coffee\/\">Beathoven.Coffee<\/a><\/figcaption><\/figure>\n<\/div><\/div>\n<\/div>\n\n\n\n<div class=\"wp-block-columns is-layout-flex wp-container-core-columns-is-layout-28f84493 wp-block-columns-is-layout-flex\">\n<div class=\"wp-block-column is-layout-flow wp-block-column-is-layout-flow\"><div class=\"wp-block-image\">\n<figure class=\"aligncenter size-full\"><a href=\"https:\/\/kaffee-bongusta.de\/shop\/regional-kaffee\/kaffee-borkum\/\"><img decoding=\"async\" width=\"497\" height=\"497\" src=\"https:\/\/kaffee-bongusta.de\/shop\/wp-content\/uploads\/Kaffee-Borkum-Produktbild-square-small.jpg\" alt=\"Kaffee Borkum\" class=\"wp-image-10185\" srcset=\"https:\/\/kaffee-bongusta.de\/shop\/wp-content\/uploads\/Kaffee-Borkum-Produktbild-square-small.jpg 497w, https:\/\/kaffee-bongusta.de\/shop\/wp-content\/uploads\/Kaffee-Borkum-Produktbild-square-small-350x350.jpg 350w, https:\/\/kaffee-bongusta.de\/shop\/wp-content\/uploads\/Kaffee-Borkum-Produktbild-square-small-416x416.jpg 416w, https:\/\/kaffee-bongusta.de\/shop\/wp-content\/uploads\/Kaffee-Borkum-Produktbild-square-small-100x100.jpg 100w\" sizes=\"(max-width: 497px) 100vw, 497px\" \/><\/a><figcaption class=\"wp-element-caption\"><a href=\"https:\/\/kaffee-bongusta.de\/shop\/regional-kaffee\/kaffee-borkum\/\">Kaffee Borkum<\/a><\/figcaption><\/figure>\n<\/div><\/div>\n\n\n\n<div class=\"wp-block-column is-layout-flow wp-block-column-is-layout-flow\"><div class=\"wp-block-image\">\n<figure class=\"aligncenter size-full\"><a href=\"https:\/\/kaffee-bongusta.de\/shop\/regional-kaffee\/kaffee-rheinland\/\"><img decoding=\"async\" width=\"497\" height=\"497\" src=\"https:\/\/kaffee-bongusta.de\/shop\/wp-content\/uploads\/Kaffee-Rheinland-Produktbild-square-small.jpg\" alt=\"Kaffee Rheinland\" class=\"wp-image-10154\" srcset=\"https:\/\/kaffee-bongusta.de\/shop\/wp-content\/uploads\/Kaffee-Rheinland-Produktbild-square-small.jpg 497w, https:\/\/kaffee-bongusta.de\/shop\/wp-content\/uploads\/Kaffee-Rheinland-Produktbild-square-small-350x350.jpg 350w, https:\/\/kaffee-bongusta.de\/shop\/wp-content\/uploads\/Kaffee-Rheinland-Produktbild-square-small-416x416.jpg 416w, https:\/\/kaffee-bongusta.de\/shop\/wp-content\/uploads\/Kaffee-Rheinland-Produktbild-square-small-100x100.jpg 100w\" sizes=\"(max-width: 497px) 100vw, 497px\" \/><\/a><figcaption class=\"wp-element-caption\"><a href=\"https:\/\/kaffee-bongusta.de\/shop\/regional-kaffee\/kaffee-rheinland\/\">Kaffee Rheinland<\/a><\/figcaption><\/figure>\n<\/div><\/div>\n<\/div>\n\n\n\n<div class=\"wp-block-columns is-layout-flex wp-container-core-columns-is-layout-28f84493 wp-block-columns-is-layout-flex\">\n<div class=\"wp-block-column is-layout-flow wp-block-column-is-layout-flow\"><div class=\"wp-block-image\">\n<figure class=\"aligncenter size-full\"><a href=\"https:\/\/kaffee-bongusta.de\/shop\/regionale-geschichten\/coffee-v-king-kaffeesorten-fuer-den-nordischen-genuss\/\"><img decoding=\"async\" width=\"492\" height=\"492\" src=\"https:\/\/kaffee-bongusta.de\/shop\/wp-content\/uploads\/Coffee-V-Kings-Warrior-small.jpg\" alt=\"\" class=\"wp-image-12000\" srcset=\"https:\/\/kaffee-bongusta.de\/shop\/wp-content\/uploads\/Coffee-V-Kings-Warrior-small.jpg 492w, https:\/\/kaffee-bongusta.de\/shop\/wp-content\/uploads\/Coffee-V-Kings-Warrior-small-350x350.jpg 350w, https:\/\/kaffee-bongusta.de\/shop\/wp-content\/uploads\/Coffee-V-Kings-Warrior-small-416x416.jpg 416w, https:\/\/kaffee-bongusta.de\/shop\/wp-content\/uploads\/Coffee-V-Kings-Warrior-small-100x100.jpg 100w\" sizes=\"(max-width: 492px) 100vw, 492px\" \/><\/a><figcaption class=\"wp-element-caption\"><a href=\"https:\/\/kaffee-bongusta.de\/shop\/regionale-geschichten\/coffee-v-king-kaffeesorten-fuer-den-nordischen-genuss\/\">Coffee V\u00b7King Kaffees f\u00fcr den starken Norden<\/a><\/figcaption><\/figure>\n<\/div><\/div>\n\n\n\n<div class=\"wp-block-column is-layout-flow wp-block-column-is-layout-flow\"><div class=\"wp-block-image\">\n<figure class=\"aligncenter size-full\"><a href=\"https:\/\/kaffee-bongusta.de\/shop\/kaffeesorten\/seven-black-coffee-7black\/mini-kaffee-bonbons\/\"><img decoding=\"async\" width=\"492\" height=\"492\" src=\"https:\/\/kaffee-bongusta.de\/shop\/wp-content\/uploads\/Kaffee-Bonbons-square-small.jpg\" alt=\"Kaffee-Bonbons\" class=\"wp-image-12284\" srcset=\"https:\/\/kaffee-bongusta.de\/shop\/wp-content\/uploads\/Kaffee-Bonbons-square-small.jpg 492w, https:\/\/kaffee-bongusta.de\/shop\/wp-content\/uploads\/Kaffee-Bonbons-square-small-350x350.jpg 350w, https:\/\/kaffee-bongusta.de\/shop\/wp-content\/uploads\/Kaffee-Bonbons-square-small-416x416.jpg 416w, https:\/\/kaffee-bongusta.de\/shop\/wp-content\/uploads\/Kaffee-Bonbons-square-small-100x100.jpg 100w\" sizes=\"(max-width: 492px) 100vw, 492px\" \/><\/a><figcaption class=\"wp-element-caption\"><a href=\"https:\/\/kaffee-bongusta.de\/shop\/kaffeesorten\/seven-black-coffee-7black\/mini-kaffee-bonbons\/\"><strong>Kaffee-Bonbons<\/strong> f\u00fcr Kaffeefreunde mit s\u00fc\u00dfer Vorliebe<\/a><\/figcaption><\/figure>\n<\/div><\/div>\n<\/div>\n\n\n\n<div class=\"wp-block-columns alignfull are-vertically-aligned-center has-white-background-color has-background is-layout-flex wp-container-core-columns-is-layout-28f84493 wp-block-columns-is-layout-flex\">\n<div class=\"wp-block-column is-vertically-aligned-center is-layout-flow wp-block-column-is-layout-flow\">\n<h2 class=\"wp-block-heading has-text-align-center\">Eigene Kaffeepackungen \u2013 Give Aways und Pr\u00e4sente f\u00fcr Unternehmen<\/h2>\n\n\n\n<p class=\"has-text-align-center\">Wir erstellen Firmen Kaffeepackungen mit eigenem Etiketten und individuellem Design. Passend als Firmenpr\u00e4sente f\u00fcr Mitarbeiter und Kunden oder als Give Aways bei Events. Kaffee ist immer passend und transportiert eure Botschaft auf sympathische und genussvolle Weise. Nachhaltig angebaut, fair gehandelt und schonend ger\u00f6stet. <\/p>\n\n\n\n<div class=\"wp-block-buttons is-layout-flex wp-block-buttons-is-layout-flex\">\n<div class=\"wp-block-button aligncenter\"><a class=\"wp-block-button__link has-text-align-center wp-element-button\" href=\"https:\/\/kaffee-bongusta.de\/shop\/geschenke\/kaffee-als-geschenke-oder-give-aways-fuer-unternehmen\/\">Firmenkaffee &amp; Geschenke<\/a><\/div>\n<\/div>\n<\/div>\n\n\n\n<div class=\"wp-block-column is-vertically-aligned-center is-layout-flow wp-block-column-is-layout-flow\"><div class=\"wp-block-image\">\n<figure class=\"aligncenter size-medium\"><a href=\"https:\/\/kaffee-bongusta.de\/shop\/geschenke\/kaffee-als-geschenke-oder-give-aways-fuer-unternehmen\/\"><img decoding=\"async\" width=\"350\" height=\"163\" src=\"https:\/\/kaffee-bongusta.de\/shop\/wp-content\/uploads\/Firmenkaffee-350x163.jpg\" alt=\"Firmenkaffee\" class=\"wp-image-9070\" srcset=\"https:\/\/kaffee-bongusta.de\/shop\/wp-content\/uploads\/Firmenkaffee-350x163.jpg 350w, https:\/\/kaffee-bongusta.de\/shop\/wp-content\/uploads\/Firmenkaffee-1024x475.jpg 1024w, https:\/\/kaffee-bongusta.de\/shop\/wp-content\/uploads\/Firmenkaffee-768x357.jpg 768w, https:\/\/kaffee-bongusta.de\/shop\/wp-content\/uploads\/Firmenkaffee-416x193.jpg 416w, https:\/\/kaffee-bongusta.de\/shop\/wp-content\/uploads\/Firmenkaffee.jpg 1064w\" sizes=\"(max-width: 350px) 100vw, 350px\" \/><\/a><figcaption class=\"wp-element-caption\"><a href=\"https:\/\/kaffee-bongusta.de\/shop\/geschenke\/kaffee-das-optimale-give-away\/\">Individuelle Kaffeepackungen<\/a><\/figcaption><\/figure>\n<\/div>\n\n<div class=\"wp-block-image\">\n<figure class=\"aligncenter size-medium\"><a href=\"https:\/\/kaffee-bongusta.de\/shop\/kaffeesorten\/eigene-kaffeesorte-fuer-meine-firma-meine-region-mein-event\/kaffee-mit-meinem-firmennamen\/\"><img decoding=\"async\" width=\"350\" height=\"175\" src=\"https:\/\/kaffee-bongusta.de\/shop\/wp-content\/uploads\/branded-Kaffeetueten-mit-Logo-nebeneinander-350x175.jpg\" alt=\"\" class=\"wp-image-12547\" srcset=\"https:\/\/kaffee-bongusta.de\/shop\/wp-content\/uploads\/branded-Kaffeetueten-mit-Logo-nebeneinander-350x175.jpg 350w, https:\/\/kaffee-bongusta.de\/shop\/wp-content\/uploads\/branded-Kaffeetueten-mit-Logo-nebeneinander-768x384.jpg 768w, https:\/\/kaffee-bongusta.de\/shop\/wp-content\/uploads\/branded-Kaffeetueten-mit-Logo-nebeneinander-416x208.jpg 416w, https:\/\/kaffee-bongusta.de\/shop\/wp-content\/uploads\/branded-Kaffeetueten-mit-Logo-nebeneinander.jpg 1000w\" sizes=\"(max-width: 350px) 100vw, 350px\" \/><\/a><figcaption class=\"wp-element-caption\"><a href=\"https:\/\/kaffee-bongusta.de\/shop\/kaffeesorten\/eigene-kaffeesorte-fuer-meine-firma-meine-region-mein-event\/kaffee-mit-meinem-firmennamen\/\">Kaffee mit deinem (Firmen)Namen<\/a><\/figcaption><\/figure>\n<\/div><\/div>\n<\/div>\n\n\n\n<h2 class=\"display-posts-title\">Neueste Beitr\u00e4ge<\/h2>\n<div class=\"display-posts-listing grid\"><div class=\"listing-item\"><a class=\"image\" href=\"https:\/\/kaffee-bongusta.de\/shop\/blog\/neueroeffnung-beethovenhalle-bonn-und-beathoven-coffee\/\"><img decoding=\"async\" width=\"350\" height=\"75\" src=\"https:\/\/kaffee-bongusta.de\/shop\/wp-content\/uploads\/Beethovenhalle-Klavierkonzert-Kaffee-Bonn-350x75.jpg\" class=\"attachment-medium size-medium wp-post-image\" alt=\"Beethovenhalle Klavierkonzert Kaffee Bonn\" srcset=\"https:\/\/kaffee-bongusta.de\/shop\/wp-content\/uploads\/Beethovenhalle-Klavierkonzert-Kaffee-Bonn-350x75.jpg 350w, https:\/\/kaffee-bongusta.de\/shop\/wp-content\/uploads\/Beethovenhalle-Klavierkonzert-Kaffee-Bonn-1024x220.jpg 1024w, https:\/\/kaffee-bongusta.de\/shop\/wp-content\/uploads\/Beethovenhalle-Klavierkonzert-Kaffee-Bonn-768x165.jpg 768w, https:\/\/kaffee-bongusta.de\/shop\/wp-content\/uploads\/Beethovenhalle-Klavierkonzert-Kaffee-Bonn-416x90.jpg 416w, https:\/\/kaffee-bongusta.de\/shop\/wp-content\/uploads\/Beethovenhalle-Klavierkonzert-Kaffee-Bonn.jpg 1064w\" sizes=\"(max-width: 350px) 100vw, 350px\" \/><\/a> <a class=\"title\" href=\"https:\/\/kaffee-bongusta.de\/shop\/blog\/neueroeffnung-beethovenhalle-bonn-und-beathoven-coffee\/\">Neuer\u00f6ffnung Beethovenhalle Bonn und Beathoven.Coffee<\/a> <span class=\"excerpt\">Die Beethovenhalle in Bonn erwacht zu neuem Leben! Die Beethovenhalle in Bonn, ein architektonisches Juwel und Symbol der Bundesstadt, kehrte&hellip; <a class=\"excerpt-more\" href=\"https:\/\/kaffee-bongusta.de\/shop\/blog\/neueroeffnung-beethovenhalle-bonn-und-beathoven-coffee\/\">mehr<\/a><\/span><\/div><div class=\"listing-item\"><a class=\"image\" href=\"https:\/\/kaffee-bongusta.de\/shop\/blog\/die-kunst-des-kaffees-mit-kaffee-bongusta-von-der-bohne-bis-zur-perfekten-tasse\/\"><img decoding=\"async\" width=\"350\" height=\"75\" src=\"https:\/\/kaffee-bongusta.de\/shop\/wp-content\/uploads\/Kaffee-Anbau-Ernte-Roestung-350x75.jpg\" class=\"attachment-medium size-medium wp-post-image\" alt=\"Kaffee Anbau Ernte R\u00f6stung\" srcset=\"https:\/\/kaffee-bongusta.de\/shop\/wp-content\/uploads\/Kaffee-Anbau-Ernte-Roestung-350x75.jpg 350w, https:\/\/kaffee-bongusta.de\/shop\/wp-content\/uploads\/Kaffee-Anbau-Ernte-Roestung-1024x220.jpg 1024w, https:\/\/kaffee-bongusta.de\/shop\/wp-content\/uploads\/Kaffee-Anbau-Ernte-Roestung-768x165.jpg 768w, https:\/\/kaffee-bongusta.de\/shop\/wp-content\/uploads\/Kaffee-Anbau-Ernte-Roestung-416x90.jpg 416w, https:\/\/kaffee-bongusta.de\/shop\/wp-content\/uploads\/Kaffee-Anbau-Ernte-Roestung.jpg 1064w\" sizes=\"(max-width: 350px) 100vw, 350px\" \/><\/a> <a class=\"title\" href=\"https:\/\/kaffee-bongusta.de\/shop\/blog\/die-kunst-des-kaffees-mit-kaffee-bongusta-von-der-bohne-bis-zur-perfekten-tasse\/\">Die Kunst des Kaffees mit Kaffee-Bongusta: Von der Bohne bis zur perfekten Tasse<\/a> <span class=\"excerpt\">Kaffee ist weit mehr als nur ein Getr\u00e4nk \u2013 er ist ein Kulturgut, ein Genussmittel und f\u00fcr viele ein t\u00e4gliches&hellip; <a class=\"excerpt-more\" href=\"https:\/\/kaffee-bongusta.de\/shop\/blog\/die-kunst-des-kaffees-mit-kaffee-bongusta-von-der-bohne-bis-zur-perfekten-tasse\/\">mehr<\/a><\/span><\/div><div class=\"listing-item\"><a class=\"image\" href=\"https:\/\/kaffee-bongusta.de\/shop\/blog\/geschmackstest-der-kaffeesorten-kaffee-siebengebirge-beethoven-coffee-und-kaffee-borkum\/\"><img decoding=\"async\" width=\"350\" height=\"75\" src=\"https:\/\/kaffee-bongusta.de\/shop\/wp-content\/uploads\/Kaffee-Siebengebirge-Beathoven.Coffee-Kaffee-Borkum-350x75.jpg\" class=\"attachment-medium size-medium wp-post-image\" alt=\"Kaffee Siebengebirge Beathoven.Coffee Kaffee Borkum\" srcset=\"https:\/\/kaffee-bongusta.de\/shop\/wp-content\/uploads\/Kaffee-Siebengebirge-Beathoven.Coffee-Kaffee-Borkum-350x75.jpg 350w, https:\/\/kaffee-bongusta.de\/shop\/wp-content\/uploads\/Kaffee-Siebengebirge-Beathoven.Coffee-Kaffee-Borkum-1024x220.jpg 1024w, https:\/\/kaffee-bongusta.de\/shop\/wp-content\/uploads\/Kaffee-Siebengebirge-Beathoven.Coffee-Kaffee-Borkum-768x165.jpg 768w, https:\/\/kaffee-bongusta.de\/shop\/wp-content\/uploads\/Kaffee-Siebengebirge-Beathoven.Coffee-Kaffee-Borkum-416x90.jpg 416w, https:\/\/kaffee-bongusta.de\/shop\/wp-content\/uploads\/Kaffee-Siebengebirge-Beathoven.Coffee-Kaffee-Borkum.jpg 1064w\" sizes=\"(max-width: 350px) 100vw, 350px\" \/><\/a> <a class=\"title\" href=\"https:\/\/kaffee-bongusta.de\/shop\/blog\/geschmackstest-der-kaffeesorten-kaffee-siebengebirge-beethoven-coffee-und-kaffee-borkum\/\">Geschmackstest der Kaffeesorten &#8222;Kaffee Siebengebirge&#8220;, &#8222;Beethoven.Coffee&#8220; und &#8222;Kaffee Borkum&#8220;<\/a> <span class=\"excerpt\">Drei Kaffeesorten, drei individuelle Charaktere \u2013 wir haben die exklusiven Sorten \"Kaffee Siebengebirge\", \"Beethoven.Coffee\" und \"Kaffee Borkum\" auf Herz und&hellip; <a class=\"excerpt-more\" href=\"https:\/\/kaffee-bongusta.de\/shop\/blog\/geschmackstest-der-kaffeesorten-kaffee-siebengebirge-beethoven-coffee-und-kaffee-borkum\/\">mehr<\/a><\/span><\/div><div class=\"listing-item\"><a class=\"image\" href=\"https:\/\/kaffee-bongusta.de\/shop\/blog\/highlights-des-bongusta-wildkaffees\/\"><img decoding=\"async\" width=\"350\" height=\"75\" src=\"https:\/\/kaffee-bongusta.de\/shop\/wp-content\/uploads\/Wildkaffee-Beitragsbild-350x75.jpg\" class=\"attachment-medium size-medium wp-post-image\" alt=\"Wildkaffee\" srcset=\"https:\/\/kaffee-bongusta.de\/shop\/wp-content\/uploads\/Wildkaffee-Beitragsbild-350x75.jpg 350w, https:\/\/kaffee-bongusta.de\/shop\/wp-content\/uploads\/Wildkaffee-Beitragsbild-1024x220.jpg 1024w, https:\/\/kaffee-bongusta.de\/shop\/wp-content\/uploads\/Wildkaffee-Beitragsbild-768x165.jpg 768w, https:\/\/kaffee-bongusta.de\/shop\/wp-content\/uploads\/Wildkaffee-Beitragsbild-416x90.jpg 416w, https:\/\/kaffee-bongusta.de\/shop\/wp-content\/uploads\/Wildkaffee-Beitragsbild.jpg 1064w\" sizes=\"(max-width: 350px) 100vw, 350px\" \/><\/a> <a class=\"title\" href=\"https:\/\/kaffee-bongusta.de\/shop\/blog\/highlights-des-bongusta-wildkaffees\/\">Highlights des Bongusta Wildkaffees<\/a> <span class=\"excerpt\">Wild, frei, unverf\u00e4lscht \u2013 ein Geschmackserlebnis der besonderen Art. Mit Bongusta WildKaffee erwartet Sie nicht nur ein au\u00dfergew\u00f6hnlicher Kaffee, sondern&hellip; <a class=\"excerpt-more\" href=\"https:\/\/kaffee-bongusta.de\/shop\/blog\/highlights-des-bongusta-wildkaffees\/\">mehr<\/a><\/span><\/div><div class=\"listing-item\"><a class=\"image\" href=\"https:\/\/kaffee-bongusta.de\/shop\/blog\/die-wirkungen-und-wunder-von-kaffee-was-du-wissen-solltest\/\"><img decoding=\"async\" width=\"350\" height=\"75\" src=\"https:\/\/kaffee-bongusta.de\/shop\/wp-content\/uploads\/Kaffee-Pool-Terrasse-350x75.jpg\" class=\"attachment-medium size-medium wp-post-image\" alt=\"Kaffee Pool Terrasse\" srcset=\"https:\/\/kaffee-bongusta.de\/shop\/wp-content\/uploads\/Kaffee-Pool-Terrasse-350x75.jpg 350w, https:\/\/kaffee-bongusta.de\/shop\/wp-content\/uploads\/Kaffee-Pool-Terrasse-1024x220.jpg 1024w, https:\/\/kaffee-bongusta.de\/shop\/wp-content\/uploads\/Kaffee-Pool-Terrasse-768x165.jpg 768w, https:\/\/kaffee-bongusta.de\/shop\/wp-content\/uploads\/Kaffee-Pool-Terrasse-416x90.jpg 416w, https:\/\/kaffee-bongusta.de\/shop\/wp-content\/uploads\/Kaffee-Pool-Terrasse.jpg 1064w\" sizes=\"(max-width: 350px) 100vw, 350px\" \/><\/a> <a class=\"title\" href=\"https:\/\/kaffee-bongusta.de\/shop\/blog\/die-wirkungen-und-wunder-von-kaffee-was-du-wissen-solltest\/\">Die Wirkungen und Wunder von Kaffee: Was du wissen solltest<\/a> <span class=\"excerpt\">Kaffee in bestimmten Mengen: Die Folgen f\u00fcr den K\u00f6rper sind sp\u00fcrbar Der Konsum von Kaffee in angemessenen Mengen kann sp\u00fcrbare&hellip; <a class=\"excerpt-more\" href=\"https:\/\/kaffee-bongusta.de\/shop\/blog\/die-wirkungen-und-wunder-von-kaffee-was-du-wissen-solltest\/\">mehr<\/a><\/span><\/div><div class=\"listing-item\"><a class=\"image\" href=\"https:\/\/kaffee-bongusta.de\/shop\/kaffeesorten\/woher-kommt-der-kaffee-aus-dem-siebengebirge\/\"><img decoding=\"async\" width=\"350\" height=\"75\" src=\"https:\/\/kaffee-bongusta.de\/shop\/wp-content\/uploads\/Siebengebirge-Kaffee-350x75.jpg\" class=\"attachment-medium size-medium wp-post-image\" alt=\"Siebengebirge Kaffee\" srcset=\"https:\/\/kaffee-bongusta.de\/shop\/wp-content\/uploads\/Siebengebirge-Kaffee-350x75.jpg 350w, https:\/\/kaffee-bongusta.de\/shop\/wp-content\/uploads\/Siebengebirge-Kaffee-1024x220.jpg 1024w, https:\/\/kaffee-bongusta.de\/shop\/wp-content\/uploads\/Siebengebirge-Kaffee-768x165.jpg 768w, https:\/\/kaffee-bongusta.de\/shop\/wp-content\/uploads\/Siebengebirge-Kaffee-416x90.jpg 416w, https:\/\/kaffee-bongusta.de\/shop\/wp-content\/uploads\/Siebengebirge-Kaffee.jpg 1064w\" sizes=\"(max-width: 350px) 100vw, 350px\" \/><\/a> <a class=\"title\" href=\"https:\/\/kaffee-bongusta.de\/shop\/kaffeesorten\/woher-kommt-der-kaffee-aus-dem-siebengebirge\/\">Woher kommt der Kaffee aus dem Siebengebirge?<\/a> <span class=\"excerpt\">Im malerischen Siebengebirge, eingebettet zwischen gr\u00fcnen Bergen, H\u00fcgeln und idyllischen T\u00e4lern, verbirgt sich eine besondere Kaffeeoase. Doch wie findet der&hellip; <a class=\"excerpt-more\" href=\"https:\/\/kaffee-bongusta.de\/shop\/kaffeesorten\/woher-kommt-der-kaffee-aus-dem-siebengebirge\/\">mehr<\/a><\/span><\/div><\/div>\n","protected":false},"excerpt":{"rendered":"<p>Beste Kaffeebohnen &amp; Spezialit\u00e4ten aus Kaffee Unsere regionalen und k\u00f6stliche Kaffeesorten sind speziell f\u00fcr die jeweilige Region und Themen erschaffen und ger\u00f6stet. Nachhaltig gef\u00fchrte Hochland-Anbaugebiete rund um den Globus, fair-direkt gehandelt, schonende Langzeitr\u00f6stung und eine Spende f\u00fcr soziale Projekte und Naturschutz zeichnen unsere regionalen Kaffee-und Espressosorten aus. Kaffee Siebengebirge, Kaffee Borkum, Beathoven.Coffee, Kaffee Rheinland, Coffee [&hellip;]<\/p>\n","protected":false},"author":72,"featured_media":0,"parent":0,"menu_order":0,"comment_status":"closed","ping_status":"closed","template":"","meta":{"footnotes":""},"class_list":["post-5071","page","type-page","status-publish","hentry"],"_links":{"self":[{"href":"https:\/\/kaffee-bongusta.de\/shop\/wp-json\/wp\/v2\/pages\/5071","targetHints":{"allow":["GET"]}}],"collection":[{"href":"https:\/\/kaffee-bongusta.de\/shop\/wp-json\/wp\/v2\/pages"}],"about":[{"href":"https:\/\/kaffee-bongusta.de\/shop\/wp-json\/wp\/v2\/types\/page"}],"author":[{"embeddable":true,"href":"https:\/\/kaffee-bongusta.de\/shop\/wp-json\/wp\/v2\/users\/72"}],"replies":[{"embeddable":true,"href":"https:\/\/kaffee-bongusta.de\/shop\/wp-json\/wp\/v2\/comments?post=5071"}],"version-history":[{"count":43,"href":"https:\/\/kaffee-bongusta.de\/shop\/wp-json\/wp\/v2\/pages\/5071\/revisions"}],"predecessor-version":[{"id":13456,"href":"https:\/\/kaffee-bongusta.de\/shop\/wp-json\/wp\/v2\/pages\/5071\/revisions\/13456"}],"wp:attachment":[{"href":"https:\/\/kaffee-bongusta.de\/shop\/wp-json\/wp\/v2\/media?parent=5071"}],"curies":[{"name":"wp","href":"https:\/\/api.w.org\/{rel}","templated":true}]}}