{"id":9196,"date":"2021-04-22T09:49:21","date_gmt":"2021-04-22T08:49:21","guid":{"rendered":"https:\/\/www.kaffee-bongusta.de\/shop\/?page_id=9196"},"modified":"2023-04-28T12:53:51","modified_gmt":"2023-04-28T11:53:51","slug":"kaffee-bongusta-kaufen","status":"publish","type":"page","link":"https:\/\/kaffee-bongusta.de\/shop\/kaffee-bongusta-kaufen\/","title":{"rendered":"Mit Kaffee Bongusta genie\u00dfen und sparen"},"content":{"rendered":"\n<h2 class=\"has-text-align-center wp-block-heading\">Kaffee Bestellung f\u00fcr B\u00fcros und Haushalte zum verg\u00fcnstigten Preis<\/h2>\n\n\n\n<div class=\"wp-block-columns is-layout-flex wp-container-core-columns-is-layout-28f84493 wp-block-columns-is-layout-flex\">\n<div class=\"wp-block-column is-layout-flow wp-block-column-is-layout-flow\" style=\"flex-basis:100%\">\n<p class=\"has-text-align-center\">Ihr wollt Kaffee bestellen und ben\u00f6tigt mehrere Packungen? <strong>B\u00fcro, gro\u00dfer Haushalt, WG, Einkaufsgemeinschaft<\/strong>&#8230; Dann seid ihr hier richtig: Das ist euer Kaffee. Sehr lecker, nachhaltig, fair, schonend frisch langzeit-ger\u00f6stet und mit dem Kauf geht eine Spende f\u00fcr <a href=\"https:\/\/kaffee-bongusta.de\/shop\/kaffee-mit-herz-spenden-projekte\/\">gute Zwecke<\/a> an ausgew\u00e4hlte Organisationen. F\u00fcr euch wird es dadurch nicht teurer, wir machen das sowieso.<\/p>\n\n\n\n<p class=\"has-text-align-center\">Ab 3 Packungen bekommt ihr mit diesem Code 10 Prozent Rabatt. <\/p>\n\n\n\n<h2 class=\"has-text-align-center wp-block-heading\">9HFFT3WM<\/h2>\n<\/div>\n<\/div>\n\n\n\n<h2 class=\"has-text-align-center wp-block-heading\">Also genie\u00dfen, sparen und dabei noch Gutes tun<\/h2>\n\n\n<div data-block-name=\"woocommerce\/handpicked-products\" data-columns=\"1\" data-products=\"[9206]\" class=\"wc-block-grid wp-block-handpicked-products wp-block-woocommerce-handpicked-products wc-block-handpicked-products has-1-columns has-multiple-rows\"><ul class=\"wc-block-grid__products\"><li class=\"wc-block-grid__product\">\r\n                        <a href=\"https:\/\/kaffee-bongusta.de\/shop\/kaffeesorten\/coffee-bongusta\/kaffee-bongusta-bestellen\/\" class=\"wc-block-grid__product-link\">\r\n                                <div class=\"wc-block-grid__product-image\"><img decoding=\"async\" width=\"324\" height=\"648\" src=\"https:\/\/kaffee-bongusta.de\/shop\/wp-content\/uploads\/Kaffee-Bongusta-324x648.jpg\" class=\"attachment-woocommerce_thumbnail size-woocommerce_thumbnail\" alt=\"Kaffee Bongusta\" srcset=\"https:\/\/kaffee-bongusta.de\/shop\/wp-content\/uploads\/Kaffee-Bongusta-324x648.jpg 324w, https:\/\/kaffee-bongusta.de\/shop\/wp-content\/uploads\/Kaffee-Bongusta-325x650.jpg 325w, https:\/\/kaffee-bongusta.de\/shop\/wp-content\/uploads\/Kaffee-Bongusta-150x300.jpg 150w, https:\/\/kaffee-bongusta.de\/shop\/wp-content\/uploads\/Kaffee-Bongusta-416x832.jpg 416w, https:\/\/kaffee-bongusta.de\/shop\/wp-content\/uploads\/Kaffee-Bongusta.jpg 500w\" sizes=\"(max-width: 324px) 100vw, 324px\" \/><\/div>\r\n                                <div class=\"wc-block-grid__product-title\">Kaffee Bongusta<\/div>\r\n                        <\/a>\r\n                        \r\n                        <div class=\"wc-block-grid__product-price price\"><span class=\"woocommerce-Price-amount amount\">29,95&nbsp;<span class=\"woocommerce-Price-currencySymbol\">&euro;<\/span><\/span><\/div>\r\n                        \r\n                        <div class=\"wp-block-button wc-block-grid__product-add-to-cart\"><a href=\"https:\/\/kaffee-bongusta.de\/shop\/kaffeesorten\/coffee-bongusta\/kaffee-bongusta-bestellen\/\" aria-label=\"W\u00e4hle Optionen f\u00fcr \u201eKaffee Bongusta\u201c\" data-quantity=\"1\" data-product_id=\"9206\" data-product_sku=\"KxB\" rel=\"nofollow\" class=\"wp-block-button__link add_to_cart_button\">Ausf\u00fchrung w\u00e4hlen<\/a><\/div>\r\n                <\/li><\/ul><\/div>\n\n\n<p><\/p>\n","protected":false},"excerpt":{"rendered":"<p>Kaffee Bestellung f\u00fcr B\u00fcros und Haushalte zum verg\u00fcnstigten Preis Ihr wollt Kaffee bestellen und ben\u00f6tigt mehrere Packungen? B\u00fcro, gro\u00dfer Haushalt, WG, Einkaufsgemeinschaft&#8230; Dann seid ihr hier richtig: Das ist euer Kaffee. Sehr lecker, nachhaltig, fair, schonend frisch langzeit-ger\u00f6stet und mit dem Kauf geht eine Spende f\u00fcr gute Zwecke an ausgew\u00e4hlte Organisationen. F\u00fcr euch wird es [&hellip;]<\/p>\n","protected":false},"author":72,"featured_media":9895,"parent":0,"menu_order":0,"comment_status":"closed","ping_status":"closed","template":"","meta":{"footnotes":""},"class_list":["post-9196","page","type-page","status-publish","has-post-thumbnail","hentry"],"_links":{"self":[{"href":"https:\/\/kaffee-bongusta.de\/shop\/wp-json\/wp\/v2\/pages\/9196","targetHints":{"allow":["GET"]}}],"collection":[{"href":"https:\/\/kaffee-bongusta.de\/shop\/wp-json\/wp\/v2\/pages"}],"about":[{"href":"https:\/\/kaffee-bongusta.de\/shop\/wp-json\/wp\/v2\/types\/page"}],"author":[{"embeddable":true,"href":"https:\/\/kaffee-bongusta.de\/shop\/wp-json\/wp\/v2\/users\/72"}],"replies":[{"embeddable":true,"href":"https:\/\/kaffee-bongusta.de\/shop\/wp-json\/wp\/v2\/comments?post=9196"}],"version-history":[{"count":0,"href":"https:\/\/kaffee-bongusta.de\/shop\/wp-json\/wp\/v2\/pages\/9196\/revisions"}],"wp:featuredmedia":[{"embeddable":true,"href":"https:\/\/kaffee-bongusta.de\/shop\/wp-json\/wp\/v2\/media\/9895"}],"wp:attachment":[{"href":"https:\/\/kaffee-bongusta.de\/shop\/wp-json\/wp\/v2\/media?parent=9196"}],"curies":[{"name":"wp","href":"https:\/\/api.w.org\/{rel}","templated":true}]}}