{"id":11943,"date":"2022-10-09T17:25:51","date_gmt":"2022-10-09T16:25:51","guid":{"rendered":"https:\/\/kaffee-bongusta.de\/shop\/?post_type=product&#038;p=11943"},"modified":"2026-01-30T16:40:05","modified_gmt":"2026-01-30T15:40:05","slug":"coffee-v-king-loyal-ragnar","status":"publish","type":"product","link":"https:\/\/kaffee-bongusta.de\/shop\/kaffeesorten\/coffee-v-king\/coffee-v-king-loyal-ragnar\/","title":{"rendered":"Coffee V\u00b7King Loyal Rag\u00f8nar <small>(Bohnen\/Gemahlen)<\/small>"},"content":{"rendered":"<h3>North Life \u00b7 North Pleasure<\/h3>\n<h2>Coffee V\u00b7King <strong>Loyal Rag\u00f8nar<\/strong><\/h2>\n<p>Die Saga der Wikinger berichtet \u00fcber gerechte K\u00f6nige und starke Helden. Ob der treue und gerechte Wikinger Rag\u00f8nar wirklich eine einzige Person war, oder ob die Figur als Zusammenf\u00fchrung mehrerer f\u00fchrender Wikingerk\u00f6nige entstand: Pr\u00e4gend sind die treuen und gerechten Charakterz\u00fcge gepaart mit nordisch kraftvoller Lebensweise, die im Kaffee <strong>Loyal Rag\u00f8nar <\/strong>zusammenflie\u00dfen und ihm einen Geschmack nordl\u00e4ndischer Ausgeglichenheit mit angenehm kr\u00e4ftigem Aroma verleihen. Wikinger verstanden es trotz rauer Seefahrt zu feiern und zu genie\u00dfen. Die Sorten von <strong>Coffee V\u00b7King <\/strong>werden den Erben der Wikinger und ihrem heutigen nordischen Anspruch auf Genuss vollends gerecht, getreu der Lebensmaxime: Trink <strong>Coffee<\/strong> <strong>Loyal Rag\u00f8nar <\/strong>und handle loyal und gerecht.<\/p>\n<h4><strong>Coffee V\u00b7King Rohbohnen<\/strong><\/h4>\n<p><i class=\"glyphicon fa-check-circle fas\"><\/i> Angebaut nach nat\u00fcrlichen und nachhaltigen Gesichtspunkten<br \/>\n<i class=\"glyphicon fa-check-circle fas\"><\/i> Fair direkter Handel<br \/>\n<i class=\"glyphicon fa-check-circle fas\"><\/i> Germanische Trommelr\u00f6stung<\/p>\n<p><img decoding=\"async\" class=\"alignnone wp-image-11972 size-full\" src=\"https:\/\/kaffee-bongusta.de\/shop\/wp-content\/uploads\/Kaffee-V\u00b7King-Icons-Anbau-Handel-Roast.png\" alt=\"Coffee V\u00b7King Anbau Handel Roast\" width=\"606\" height=\"200\" srcset=\"https:\/\/kaffee-bongusta.de\/shop\/wp-content\/uploads\/Kaffee-V\u00b7King-Icons-Anbau-Handel-Roast.png 606w, https:\/\/kaffee-bongusta.de\/shop\/wp-content\/uploads\/Kaffee-V\u00b7King-Icons-Anbau-Handel-Roast-350x116.png 350w, https:\/\/kaffee-bongusta.de\/shop\/wp-content\/uploads\/Kaffee-V\u00b7King-Icons-Anbau-Handel-Roast-416x137.png 416w\" sizes=\"(max-width: 606px) 100vw, 606px\" \/><\/p>\n","protected":false},"excerpt":{"rendered":"<h2><strong>Kaffee Crema<\/strong> Nordischer Genuss<\/h2>\n<p><img decoding=\"async\" class=\"wp-image-11976 size-medium alignnone\" src=\"https:\/\/kaffee-bongusta.de\/shop\/wp-content\/uploads\/Kaffeezubereitung-Universell-Crema-350x49.png\" alt=\"Kaffeezubereitung Universell Crema\" width=\"350\" height=\"49\" srcset=\"https:\/\/kaffee-bongusta.de\/shop\/wp-content\/uploads\/Kaffeezubereitung-Universell-Crema-350x49.png 350w, https:\/\/kaffee-bongusta.de\/shop\/wp-content\/uploads\/Kaffeezubereitung-Universell-Crema.png 352w\" sizes=\"(max-width: 350px) 100vw, 350px\" \/> Universelle Caf\u00e9 Cr\u00e8me-R\u00f6stung geeignet f\u00fcr Handfilter, Stempelkanne, Filtermaschinen, aufgebr\u00fchten Kaffee, Cappuccino, Latte Macchiato uvm. Zubereitung via Kaffeemaschine, Kaffee-Vollautomaten oder Siebtr\u00e4ger&#8230;<\/p>\n<p><strong>weitere <a href=\"https:\/\/kaffee-bongusta.de\/shop\/regional-kaffee\/coffee-v-king\/\"><u>Coffee V\u00b7King R\u00f6stvarianten<\/u><\/a><\/strong><\/p>\n","protected":false},"featured_media":12658,"template":"","meta":[],"product_brand":[],"product_cat":[272],"product_tag":[],"class_list":{"0":"post-11943","1":"product","2":"type-product","3":"status-publish","4":"has-post-thumbnail","6":"product_cat-coffee-v-king","7":"pa_verarbeitung-ganze-bohnen","8":"pa_verarbeitung-gemahlen-mittlerer-mahlgrad","10":"first","11":"instock","12":"taxable","13":"shipping-taxable","14":"purchasable","15":"product-type-variable","16":"has-default-attributes"},"_links":{"self":[{"href":"https:\/\/kaffee-bongusta.de\/shop\/wp-json\/wp\/v2\/product\/11943","targetHints":{"allow":["GET"]}}],"collection":[{"href":"https:\/\/kaffee-bongusta.de\/shop\/wp-json\/wp\/v2\/product"}],"about":[{"href":"https:\/\/kaffee-bongusta.de\/shop\/wp-json\/wp\/v2\/types\/product"}],"wp:featuredmedia":[{"embeddable":true,"href":"https:\/\/kaffee-bongusta.de\/shop\/wp-json\/wp\/v2\/media\/12658"}],"wp:attachment":[{"href":"https:\/\/kaffee-bongusta.de\/shop\/wp-json\/wp\/v2\/media?parent=11943"}],"wp:term":[{"taxonomy":"product_brand","embeddable":true,"href":"https:\/\/kaffee-bongusta.de\/shop\/wp-json\/wp\/v2\/product_brand?post=11943"},{"taxonomy":"product_cat","embeddable":true,"href":"https:\/\/kaffee-bongusta.de\/shop\/wp-json\/wp\/v2\/product_cat?post=11943"},{"taxonomy":"product_tag","embeddable":true,"href":"https:\/\/kaffee-bongusta.de\/shop\/wp-json\/wp\/v2\/product_tag?post=11943"}],"curies":[{"name":"wp","href":"https:\/\/api.w.org\/{rel}","templated":true}]}}