{"id":1254,"date":"2017-06-24T10:12:43","date_gmt":"2017-06-24T09:12:43","guid":{"rendered":"http:\/\/www.kaffee-bongusta.de\/shop\/kaffeesorten\/besondere-kaffeesorten-raritaeten\/dein-kaffee-mit-deinem-namen\/"},"modified":"2026-02-27T11:20:55","modified_gmt":"2026-02-27T10:20:55","slug":"private-label-dein-kaffee-mit-deinem-namen","status":"publish","type":"product","link":"https:\/\/kaffee-bongusta.de\/shop\/kaffeesorten\/eigene-kaffeesorte-fuer-meine-firma-meine-region-mein-event\/private-label-dein-kaffee-mit-deinem-namen\/","title":{"rendered":"Kaffee: Geschenkpackungen Werbeartikel im Firmendesign"},"content":{"rendered":"<h1 class=\"woocommerce\">Kaffeegeschenke mit Logo und im Firmen-Design<\/h1>\n<p><img decoding=\"async\" class=\"size-full wp-image-3762 alignleft\" src=\"https:\/\/kaffee-bongusta.de\/shop\/wp-content\/uploads\/2019\/01\/Kaffeezubereitung-Filterkaffee.png\" alt=\"\" width=\"170\" height=\"49\" \/><img decoding=\"async\" class=\"size-full wp-image-3767 alignnone\" src=\"https:\/\/kaffee-bongusta.de\/shop\/wp-content\/uploads\/2019\/01\/Kaffeezubereitung-Espresso.png\" alt=\"\" width=\"182\" height=\"49\" \/><br \/>\n<strong style=\"font-size: 12px;\">Espressor\u00f6stung<\/strong><span style=\"font-size: 12px;\"> geeignet f\u00fcr Espresso, Caf\u00e9 Cr\u00e8me, Caf\u00e9 Long, Americano, Cappuccino, Latte Macchiato uvm. Zubereitung via Siebtr\u00e4ger, Vollautomaten, Bialetti&#8230;<\/span><small><strong><br \/>\nFilterkaffeer\u00f6stung<\/strong> geeignet f\u00fcr Filtermaschinen, Mengenbr\u00fcher, Handfilter, Stempelkanne, aufgebr\u00fcht&#8230;<\/small><\/p>\n<p>W\u00fcnsche und Vorstellungen: Wir senden Ihnen ein individuelles Angebot.<\/p>\n<div class=\"wpforms-container wpforms-container-full\" id=\"wpforms-6975\"><form id=\"wpforms-form-6975\" class=\"wpforms-validate wpforms-form\" data-formid=\"6975\" method=\"post\" enctype=\"multipart\/form-data\" action=\"\/shop\/wp-json\/wp\/v2\/product\/1254\" data-token=\"0979a391f6b2733292c33cc13563137c\"><noscript class=\"wpforms-error-noscript\">Bitte aktiviere JavaScript in deinem Browser, um dieses Formular fertigzustellen.<\/noscript><div class=\"wpforms-field-container\"><div id=\"wpforms-6975-field_6-container\" class=\"wpforms-field wpforms-field-checkbox\" data-field-id=\"6\"><label class=\"wpforms-field-label\" for=\"wpforms-6975-field_6\">Individuelle Kaffeesorten <span class=\"wpforms-required-label\">*<\/span><\/label><ul id=\"wpforms-6975-field_6\" class=\"wpforms-field-required\"><li class=\"choice-1 depth-1\"><input type=\"checkbox\" id=\"wpforms-6975-field_6_1\" name=\"wpforms[fields][6][]\" value=\"Ich m\u00f6chte eine eigene Kaffeesorte\" required ><label class=\"wpforms-field-label-inline\" for=\"wpforms-6975-field_6_1\">Ich m\u00f6chte eine eigene Kaffeesorte<\/label><\/li><li class=\"choice-3 depth-1\"><input type=\"checkbox\" id=\"wpforms-6975-field_6_3\" name=\"wpforms[fields][6][]\" value=\"Ich m\u00f6chte eine bestehende Kaffeesorte mit meinem Logo\" required ><label class=\"wpforms-field-label-inline\" for=\"wpforms-6975-field_6_3\">Ich m\u00f6chte eine bestehende Kaffeesorte mit meinem Logo<\/label><\/li><li class=\"choice-4 depth-1\"><input type=\"checkbox\" id=\"wpforms-6975-field_6_4\" name=\"wpforms[fields][6][]\" value=\"Ich interessiere mich f\u00fcr andere Kaffeeprodukte mit meinem Logo\" required ><label class=\"wpforms-field-label-inline\" for=\"wpforms-6975-field_6_4\">Ich interessiere mich f\u00fcr andere Kaffeeprodukte mit meinem Logo<\/label><\/li><\/ul><\/div><div id=\"wpforms-6975-field_0-container\" class=\"wpforms-field wpforms-field-name\" data-field-id=\"0\"><label class=\"wpforms-field-label\" for=\"wpforms-6975-field_0\">Name <span class=\"wpforms-required-label\">*<\/span><\/label><div class=\"wpforms-field-row wpforms-field-medium\"><div class=\"wpforms-field-row-block wpforms-first wpforms-one-half\"><input type=\"text\" id=\"wpforms-6975-field_0\" class=\"wpforms-field-name-first wpforms-field-required\" name=\"wpforms[fields][0][first]\" required><label for=\"wpforms-6975-field_0\" class=\"wpforms-field-sublabel after \">Vorname<\/label><\/div><div class=\"wpforms-field-row-block wpforms-one-half\"><input type=\"text\" id=\"wpforms-6975-field_0-last\" class=\"wpforms-field-name-last wpforms-field-required\" name=\"wpforms[fields][0][last]\" required><label for=\"wpforms-6975-field_0-last\" class=\"wpforms-field-sublabel after \">Nachname<\/label><\/div><\/div><\/div><div id=\"wpforms-6975-field_1-container\" class=\"wpforms-field wpforms-field-email\" data-field-id=\"1\"><label class=\"wpforms-field-label\" for=\"wpforms-6975-field_1\">E-Mail <span class=\"wpforms-required-label\">*<\/span><\/label><input type=\"email\" id=\"wpforms-6975-field_1\" class=\"wpforms-field-medium wpforms-field-required\" name=\"wpforms[fields][1]\" required><\/div><div id=\"wpforms-6975-field_2-container\" class=\"wpforms-field wpforms-field-textarea\" data-field-id=\"2\"><label class=\"wpforms-field-label\" for=\"wpforms-6975-field_2\">Kommentar oder Nachricht <span class=\"wpforms-required-label\">*<\/span><\/label><textarea id=\"wpforms-6975-field_2\" class=\"wpforms-field-medium wpforms-field-required\" name=\"wpforms[fields][2]\" required><\/textarea><\/div><div id=\"wpforms-6975-field_5-container\" class=\"wpforms-field wpforms-field-checkbox\" data-field-id=\"5\"><ul id=\"wpforms-6975-field_5\"><li class=\"choice-1 depth-1\"><input type=\"checkbox\" id=\"wpforms-6975-field_5_1\" name=\"wpforms[fields][5][]\" value=\"Ja, sendet mir ab und zu Neuigkeiten &amp; Rabatte per eMail.\"  ><label class=\"wpforms-field-label-inline\" for=\"wpforms-6975-field_5_1\">Ja, sendet mir ab und zu Neuigkeiten &amp; Rabatte per eMail.<\/label><\/li><\/ul><\/div><div id=\"wpforms-6975-field_7-container\" class=\"wpforms-field wpforms-field-html\" data-field-id=\"7\"><div id=\"wpforms-6975-field_7\"><span class=\"datenschutz\"><b>Wir sch\u00fctzen Ihre Daten!<\/b> Wir verwenden Ihre Daten ausschlie\u00dflich zur Beantwortung Ihrer Fragen und Erf\u00fcllung Ihrer Anforderungen und geben sie keinesfalls an Dritte weiter. <a href=\"https:\/\/kaffee-bongusta.de\/shop\/datenschutz\/\" target=\"_blank\">Datenschutzbestimmungen<\/a><\/span><\/div><\/div><\/div><div class=\"wpforms-field wpforms-field-hp\"><label for=\"wpforms-6975-field-hp\" class=\"wpforms-field-label\">Comment<\/label><input type=\"text\" name=\"wpforms[hp]\" id=\"wpforms-6975-field-hp\" class=\"wpforms-field-medium\"><\/div><input type=\"hidden\" name=\"wpforms[recaptcha]\" value=\"\"><div class=\"wpforms-submit-container\" ><input type=\"hidden\" name=\"wpforms[id]\" value=\"6975\"><input type=\"hidden\" name=\"wpforms[author]\" value=\"72\"><button type=\"submit\" name=\"wpforms[submit]\" class=\"wpforms-submit \" id=\"wpforms-submit-6975\" value=\"wpforms-submit\" aria-live=\"assertive\" data-alt-text=\"Senden...\" data-submit-text=\"Absenden\">Absenden<\/button><\/div><\/form><\/div>  <!-- .wpforms-container -->\n<h2>Weitere <a href=\"https:\/\/kaffee-bongusta.de\/shop\/geschenke\/regionale-geschenke-geschenksets-und-gutscheine\/\">Geschenkm\u00f6glichkeiten<\/a><\/h2>\n<p>&nbsp;<\/p>\n<ul>\n<li><strong>Eigener Kaffee ger\u00f6stet und etikettiert im Firmendesign<\/strong><\/li>\n<li><strong>Der Kaffee eurer Firma, Restaurant oder Hotel<\/strong><\/li>\n<li><strong>Kaffeepackungen als Firmenpr\u00e4sente<\/strong><\/li>\n<\/ul>\n<p>Das ist gew\u00e4hrleistet:<\/p>\n<ul>\n<li>Nachhaltiger Anbau<\/li>\n<li>Direkt fair gehandelter Rohkaffee<\/li>\n<li>Frisch ger\u00f6stet, schonende Trommelr\u00f6stung<\/li>\n<li>Etikettiert mit eurem Firmenlogo und Design<\/li>\n<li>Frischeversiegelte Verpackung mit Aromaschutzventil<\/li>\n<\/ul>\n<p>Perfekte Kundenbindung: Dein Firmenkaffee mit gebrandeter Kiste und Tassen mit Logo<br \/>\n(Kiste und Tassen nicht standardm\u00e4\u00dfig in der Lieferung enthalten)<br \/>\n<img decoding=\"async\" class=\"alignnone wp-image-1626\" style=\"font-size: 1.618em;\" src=\"https:\/\/kaffee-bongusta.de\/shop\/wp-content\/uploads\/2017\/06\/dein-kaffee-kaffee-privat-label-beispiel-wappen.jpg\" alt=\"\" width=\"577\" height=\"324\" srcset=\"https:\/\/kaffee-bongusta.de\/shop\/wp-content\/uploads\/2017\/06\/dein-kaffee-kaffee-privat-label-beispiel-wappen.jpg 817w, https:\/\/kaffee-bongusta.de\/shop\/wp-content\/uploads\/2017\/06\/dein-kaffee-kaffee-privat-label-beispiel-wappen-416x234.jpg 416w, https:\/\/kaffee-bongusta.de\/shop\/wp-content\/uploads\/2017\/06\/dein-kaffee-kaffee-privat-label-beispiel-wappen-300x169.jpg 300w, https:\/\/kaffee-bongusta.de\/shop\/wp-content\/uploads\/2017\/06\/dein-kaffee-kaffee-privat-label-beispiel-wappen-768x431.jpg 768w\" sizes=\"(max-width: 577px) 100vw, 577px\" \/><\/p>\n<div id=\"primary\" class=\"content-area\">\n<div id=\"post-1241\" class=\"post-1241 page type-page status-publish hentry\">\n<div class=\"entry-content\">\n<p>Au\u00dferdem <a href=\"https:\/\/kaffee-bongusta.de\/shop\/regional-kaffee\/seven-black-coffee-7black\/\">S\u00fc\u00dfes mit Kaffee, Espressolik\u00f6r oder Kaffee-Brandy<\/a> als Geschenkideen mit eigenem Logo und Firmennamen<\/p>\n<p><a class=\"single_add_to_cart_button button alt\" href=\"https:\/\/kaffee-bongusta.de\/shop\/kontakt-zu-kaffee-bongusta\/\">Pers\u00f6nliche Anfrage<\/a><\/p>\n<p>Kontakt 02224-901980<\/p>\n<p><img decoding=\"async\" class=\"alignleft wp-image-2763 size-full\" src=\"https:\/\/kaffee-bongusta.de\/shop\/wp-content\/uploads\/2019\/05\/Verpackungen-Firmen-Kaffee-mit-Logo.png\" alt=\"\" width=\"1000\" height=\"636\" srcset=\"https:\/\/kaffee-bongusta.de\/shop\/wp-content\/uploads\/2019\/05\/Verpackungen-Firmen-Kaffee-mit-Logo.png 1000w, https:\/\/kaffee-bongusta.de\/shop\/wp-content\/uploads\/2019\/05\/Verpackungen-Firmen-Kaffee-mit-Logo-416x265.png 416w, https:\/\/kaffee-bongusta.de\/shop\/wp-content\/uploads\/2019\/05\/Verpackungen-Firmen-Kaffee-mit-Logo-300x191.png 300w, https:\/\/kaffee-bongusta.de\/shop\/wp-content\/uploads\/2019\/05\/Verpackungen-Firmen-Kaffee-mit-Logo-768x488.png 768w\" sizes=\"(max-width: 1000px) 100vw, 1000px\" \/><\/p>\n<\/div>\n<\/div>\n<\/div>\n","protected":false},"excerpt":{"rendered":"<h2>Kaffee-Werbegeschenke f\u00fcr Unternehmen<\/h2>\n<h3>Kaffeepackungen f\u00fcr Firmen, Caf\u00e9s, Restaurants, Hotels<\/h3>\n<ul>\n<li>Individuelle Kaffeepackung mit eigenem Logo und Design<\/li>\n<li>Packungen zum Verschenken, Verkauf oder zum <a href=\"https:\/\/kaffee-bongusta.de\/shop\/kaffeesorten\/eigene-kaffeesorte-fuer-meine-firma-meine-region-mein-event\/kaffee-mit-meinem-firmennamen\/\"><u>hauseigenen Verbrauch<\/u><\/a><\/li>\n<li>Pers\u00f6nliche Firmengeschenke f\u00fcr Mitarbeiter und Kunden<\/li>\n<li>Kaffeespezialit\u00e4t f\u00fcr Unternehmen und Gastronomie<\/li>\n<\/ul>\n<p>Mindestbestellmenge 12 Packungen, Entwurf folgt nach Auftragseingang und die Produktion startet erst mit Freigabe des Designs<\/p>\n","protected":false},"featured_media":12168,"template":"","meta":[],"product_brand":[],"product_cat":[119],"product_tag":[],"class_list":{"0":"post-1254","1":"product","2":"type-product","3":"status-publish","4":"has-post-thumbnail","6":"product_cat-eigene-kaffeesorte-fuer-meine-firma-meine-region-mein-event","8":"first","9":"instock","10":"taxable","11":"shipping-taxable","12":"purchasable","13":"product-type-variable","14":"has-default-attributes"},"_links":{"self":[{"href":"https:\/\/kaffee-bongusta.de\/shop\/wp-json\/wp\/v2\/product\/1254","targetHints":{"allow":["GET"]}}],"collection":[{"href":"https:\/\/kaffee-bongusta.de\/shop\/wp-json\/wp\/v2\/product"}],"about":[{"href":"https:\/\/kaffee-bongusta.de\/shop\/wp-json\/wp\/v2\/types\/product"}],"wp:featuredmedia":[{"embeddable":true,"href":"https:\/\/kaffee-bongusta.de\/shop\/wp-json\/wp\/v2\/media\/12168"}],"wp:attachment":[{"href":"https:\/\/kaffee-bongusta.de\/shop\/wp-json\/wp\/v2\/media?parent=1254"}],"wp:term":[{"taxonomy":"product_brand","embeddable":true,"href":"https:\/\/kaffee-bongusta.de\/shop\/wp-json\/wp\/v2\/product_brand?post=1254"},{"taxonomy":"product_cat","embeddable":true,"href":"https:\/\/kaffee-bongusta.de\/shop\/wp-json\/wp\/v2\/product_cat?post=1254"},{"taxonomy":"product_tag","embeddable":true,"href":"https:\/\/kaffee-bongusta.de\/shop\/wp-json\/wp\/v2\/product_tag?post=1254"}],"curies":[{"name":"wp","href":"https:\/\/api.w.org\/{rel}","templated":true}]}}