{"id":13371,"date":"2025-11-03T09:28:03","date_gmt":"2025-11-03T08:28:03","guid":{"rendered":"https:\/\/kaffee-bongusta.de\/shop\/?post_type=product&#038;p=13371"},"modified":"2025-11-03T09:41:36","modified_gmt":"2025-11-03T08:41:36","slug":"alpenkaffee-kaufen","status":"publish","type":"product","link":"https:\/\/kaffee-bongusta.de\/shop\/kaffeesorten\/alpenkaffee\/alpenkaffee-kaufen\/","title":{"rendered":"Alpenkaffee"},"content":{"rendered":"<h2>Nachhaltig \u00b7 Fair \u00b7 Regional<\/h2>\n<p>Alpenkaffee steht f\u00fcr handwerkliche R\u00f6stkunst, nat\u00fcrliche Reinheit und den authentischen Geschmack der Berge. Jede Bohne wird in einer traditionellen Trommelr\u00f6stung schonend veredelt, um das volle Aroma und die feine Balance zwischen Milde und St\u00e4rke zu entfalten. Ob f\u00fcr den t\u00e4glichen Genuss zu Hause, als Geschenk f\u00fcr Kaffeeliebhaber oder als Begleiter eurer n\u00e4chsten Bergtour \u2013 Alpenkaffee bringt euch das Gef\u00fchl der Alpen direkt in die Tasse.<\/p>\n<p>Bei dieser Kaffeerarit\u00e4t erschaffen wir aus Arabicabohnen aus dem Hochland im Kaffeeg\u00fcrtel aus Afrika und S\u00fcdamerika ein einzigartiges Geschmackserlebnis. Den nachhaltig angebauten Rohkaffee kaufen wir direkt fair und r\u00f6sten im schonenden Trommelr\u00f6stverfahren. Wir r\u00f6sten eine helle 100% Arabica Filterkaffeer\u00f6stung und eine dunkle Espressor\u00f6stung. Beide Varianten gibt es als Bohnen und Gemahlen in verschiedenen Packungsgr\u00f6\u00dfen.<\/p>\n<p><img decoding=\"async\" class=\"size-full wp-image-3764 alignnone\" src=\"https:\/\/kaffee-bongusta.de\/shop\/wp-content\/uploads\/2019\/01\/medaillen-fair-treatment-kaffee-mit-herz.png\" alt=\"\" width=\"627\" height=\"131\" srcset=\"https:\/\/kaffee-bongusta.de\/shop\/wp-content\/uploads\/2019\/01\/medaillen-fair-treatment-kaffee-mit-herz.png 627w, https:\/\/kaffee-bongusta.de\/shop\/wp-content\/uploads\/2019\/01\/medaillen-fair-treatment-kaffee-mit-herz-416x87.png 416w, https:\/\/kaffee-bongusta.de\/shop\/wp-content\/uploads\/2019\/01\/medaillen-fair-treatment-kaffee-mit-herz-300x63.png 300w\" sizes=\"(max-width: 627px) 100vw, 627px\" \/><br \/>\n<i class=\"glyphicon fa-check-circle fas\"><\/i> Rohbohnen aus dem Hochland im Kaffeeg\u00fcrtel<br \/>\n<i class=\"glyphicon fa-check-circle fas\"><\/i> Angebaut nach nat\u00fcrlichen und nachhaltigen Gesichtspunkten f\u00fcr Mitarbeiter, Umwelt und Pflanzen<br \/>\n<i class=\"glyphicon fa-check-circle fas\"><\/i> Fair direkt gehandelt zwischen Ursprung und Importeur\/R\u00f6sterei<br \/>\n<i class=\"glyphicon fa-check-circle fas\"><\/i> Schonende Trommelr\u00f6stung<br \/>\n<i class=\"glyphicon fa-check-circle fas\"><\/i> Schaffung einer einzigartigen und regionalen Kaffeerarit\u00e4t<br \/>\nDas ist ein <a href=\"https:\/\/kaffee-bongusta.de\/shop\/kaffee-mit-herz-spenden-projekte\/\"><strong>Kaffee mit Herz<\/strong><\/a><\/p>\n<h2>Kaffee mit Herz-Spendenkonzept<\/h2>\n<p><img decoding=\"async\" class=\"alignleft size-full wp-image-8758\" src=\"https:\/\/kaffee-bongusta.de\/shop\/wp-content\/uploads\/Kaffee-mit-Herz-Siegel.png\" alt=\"\" width=\"172\" height=\"172\" srcset=\"https:\/\/kaffee-bongusta.de\/shop\/wp-content\/uploads\/Kaffee-mit-Herz-Siegel.png 172w, https:\/\/kaffee-bongusta.de\/shop\/wp-content\/uploads\/Kaffee-mit-Herz-Siegel-100x100.png 100w\" sizes=\"(max-width: 172px) 100vw, 172px\" \/>Der Kaffee schmeckt nicht nur sehr gut, sondern mit jeder Packung geht eine feste Spende f\u00fcr Naturschutz der Region. Mehr \u00fcber <a class=\"\" href=\"https:\/\/kaffee-bongusta.de\/shop\/kaffee-mit-herz-spenden-projekte\/\">Kaffee mit Herz<\/a><\/p>\n<p>&nbsp;<\/p>\n","protected":false},"excerpt":{"rendered":"<p>Mit dem Kauf des Alpenkaffee geht eine Spende an Naturschutzprojekte. Genie\u00dft Alpenkaffee f\u00fcr euch und tut damit auch Gutes f\u00fcr die Natur.<\/p>\n<p><img decoding=\"async\" class=\"size-full wp-image-3762 alignnone\" src=\"https:\/\/kaffee-bongusta.de\/shop\/wp-content\/uploads\/2019\/01\/Kaffeezubereitung-Filterkaffee.png\" alt=\"\" width=\"170\" height=\"49\" \/>Filterkaffeer\u00f6stung geeignet f\u00fcr Handfilter, Stempelkanne, Filtermaschinen, aufgebr\u00fcht<\/p>\n<p><img decoding=\"async\" class=\"size-full wp-image-3767 alignnone\" src=\"https:\/\/kaffee-bongusta.de\/shop\/wp-content\/uploads\/2019\/01\/Kaffeezubereitung-Espresso.png\" alt=\"\" width=\"182\" height=\"49\" \/>Dunkele R\u00f6stung \/ Espressor\u00f6stung geeignet f\u00fcr Kaffee, Espresso, Caf\u00e9 Cr\u00e8me, Caf\u00e9 Long, Americano, Cappuccino, Latte Macchiato uvm. Zubereitung via Kaffee-Vollautomaten, Siebtr\u00e4ger oder Bialetti<\/p>\n","protected":false},"featured_media":13378,"template":"","meta":[],"product_brand":[],"product_cat":[321],"product_tag":[216],"class_list":{"0":"post-13371","1":"product","2":"type-product","3":"status-publish","4":"has-post-thumbnail","6":"product_cat-alpenkaffee","7":"product_tag-kaffee","9":"first","10":"instock","11":"featured","12":"taxable","13":"shipping-taxable","14":"purchasable","15":"product-type-variable","16":"has-default-attributes"},"_links":{"self":[{"href":"https:\/\/kaffee-bongusta.de\/shop\/wp-json\/wp\/v2\/product\/13371","targetHints":{"allow":["GET"]}}],"collection":[{"href":"https:\/\/kaffee-bongusta.de\/shop\/wp-json\/wp\/v2\/product"}],"about":[{"href":"https:\/\/kaffee-bongusta.de\/shop\/wp-json\/wp\/v2\/types\/product"}],"wp:featuredmedia":[{"embeddable":true,"href":"https:\/\/kaffee-bongusta.de\/shop\/wp-json\/wp\/v2\/media\/13378"}],"wp:attachment":[{"href":"https:\/\/kaffee-bongusta.de\/shop\/wp-json\/wp\/v2\/media?parent=13371"}],"wp:term":[{"taxonomy":"product_brand","embeddable":true,"href":"https:\/\/kaffee-bongusta.de\/shop\/wp-json\/wp\/v2\/product_brand?post=13371"},{"taxonomy":"product_cat","embeddable":true,"href":"https:\/\/kaffee-bongusta.de\/shop\/wp-json\/wp\/v2\/product_cat?post=13371"},{"taxonomy":"product_tag","embeddable":true,"href":"https:\/\/kaffee-bongusta.de\/shop\/wp-json\/wp\/v2\/product_tag?post=13371"}],"curies":[{"name":"wp","href":"https:\/\/api.w.org\/{rel}","templated":true}]}}