{"id":1744,"date":"2018-06-19T20:09:01","date_gmt":"2018-06-19T19:09:01","guid":{"rendered":"https:\/\/www.kaffee-bongusta.de\/shop\/?post_type=product&#038;p=1744"},"modified":"2024-04-12T16:20:03","modified_gmt":"2024-04-12T15:20:03","slug":"kaffee-siebengebirge-abonnement","status":"publish","type":"product","link":"https:\/\/kaffee-bongusta.de\/shop\/kaffeesorten\/kaffee-siebengebirge\/kaffee-siebengebirge-abonnement\/","title":{"rendered":"Kaffee Siebengebirge g\u00fcnstiger jeden Monat Zuhause oder im B\u00fcro"},"content":{"rendered":"<h2>Nachhaltiger nat\u00fcrlicher Anbau, fair direkt gehandelt<\/h2>\n<p>Dieser nachhaltig angebaute Rohkaffee wird direkt fair bei Kaffeebauern im Hochland von Ruanda bezogen \u2013 bekannt als das Land der 1000 H\u00fcgel. Wir r\u00f6sten im schonenden Trommelr\u00f6stverfahren und erschaffen so eine besondere Kaffeerarit\u00e4t f\u00fcr die Region Siebengebirge. Kaffee Siebengebirge hat einen samtig, harmonischen Geschmack und verf\u00fcgt \u00fcber einen ausgepr\u00e4gten K\u00f6rper. Wir r\u00f6sten eine helle Filterkaffeer\u00f6stung und eine dunkle Espressor\u00f6stung. Beide Varianten gibt es als Bohnen und Gemahlen in verschiedenen Packungsgr\u00f6\u00dfen.<\/p>\n<p>Die <strong>dunkle R\u00f6stung \/ Espressor\u00f6stung<\/strong> geeignet sich f\u00fcr Kaffee, Espresso, Caf\u00e9 Cr\u00e8me, Caf\u00e9 Long, Americano, Cappuccino, Latte Macchiato uvm. Zubereitung via Kaffee-Vollautomaten, Siebtr\u00e4ger oder Bialetti&#8230; Die <strong>Filterkaffeer\u00f6stung<\/strong> ist geeignet f\u00fcr Handfilter, Stempelkanne, Filtermaschinen, aufgebr\u00fcht\u2026 Die Espressor\u00f6stung bekommt ihr <a href=\"https:\/\/kaffee-bongusta.de\/shop\/kaffeesorten\/seven-black-coffee-7black\/seven-black-espresso\/\"><u>hier<\/u><\/a><\/p>\n<p><img decoding=\"async\" class=\"size-full wp-image-3764 alignnone\" src=\"https:\/\/kaffee-bongusta.de\/shop\/wp-content\/uploads\/2019\/01\/medaillen-fair-treatment-kaffee-mit-herz.png\" alt=\"\" width=\"627\" height=\"131\" srcset=\"https:\/\/kaffee-bongusta.de\/shop\/wp-content\/uploads\/2019\/01\/medaillen-fair-treatment-kaffee-mit-herz.png 627w, https:\/\/kaffee-bongusta.de\/shop\/wp-content\/uploads\/2019\/01\/medaillen-fair-treatment-kaffee-mit-herz-416x87.png 416w, https:\/\/kaffee-bongusta.de\/shop\/wp-content\/uploads\/2019\/01\/medaillen-fair-treatment-kaffee-mit-herz-300x63.png 300w\" sizes=\"(max-width: 627px) 100vw, 627px\" \/><br \/>\n<i class=\"glyphicon fa-check-circle fas\"><\/i> Rohbohnen aus Hochland-Anbaugebieten in Ruanda und Zentralamerika<br \/>\n<i class=\"glyphicon fa-check-circle fas\"><\/i> Angebaut nach nat\u00fcrlichen und nachhaltigen Gesichtspunkten f\u00fcr Mitarbeiter, Umwelt und Pflanzen<br \/>\n<i class=\"glyphicon fa-check-circle fas\"><\/i> Fair direkt gehandelt zwischen Ursprung und Importeur\/R\u00f6sterei<br \/>\n<i class=\"glyphicon fa-check-circle fas\"><\/i> Schonende Trommelr\u00f6stung<br \/>\n<i class=\"glyphicon fa-check-circle fas\"><\/i> Schaffung einer einzigartigen und regionalen Kaffeerarit\u00e4t<br \/>\n<i class=\"glyphicon fa-check-circle fas\"><\/i> Etiketten mit regionalen Kunstwerken<br \/>\n<i class=\"glyphicon fa-heart fas\"><\/i> Das ist ein <a href=\"https:\/\/kaffee-bongusta.de\/shop\/kaffee-mit-herz-spenden-projekte\/\"><strong>Kaffee mit Herz<\/strong><\/a><\/p>\n<h2>Kaffee mit Herz-Spendenkonzept<\/h2>\n<p><img decoding=\"async\" class=\"alignleft size-full wp-image-8758\" src=\"https:\/\/kaffee-bongusta.de\/shop\/wp-content\/uploads\/Kaffee-mit-Herz-Siegel.png\" alt=\"\" width=\"172\" height=\"172\" srcset=\"https:\/\/kaffee-bongusta.de\/shop\/wp-content\/uploads\/Kaffee-mit-Herz-Siegel.png 172w, https:\/\/kaffee-bongusta.de\/shop\/wp-content\/uploads\/Kaffee-mit-Herz-Siegel-100x100.png 100w\" sizes=\"(max-width: 172px) 100vw, 172px\" \/>Der Kaffee schmeckt nicht nur sehr gut, sondern mit jeder getrunkenen Tasse wird auch f\u00fcr den Naturschutz im Siebengebirge gespendet. Unter dem Motto \u201eGutes tun mit Hochgenuss\u201c unterst\u00fctzt Kaffee Siebengebirge Pflege und <strong>Naturschutz im Naturpark Siebengebirge mit festen Spenden<\/strong> sowie Vereine der Region. Mehr \u00fcber <a class=\"\" href=\"https:\/\/kaffee-bongusta.de\/shop\/kaffee-mit-herz-spenden-projekte\/\">Kaffee mit Herz<\/a><\/p>\n<h2>Kunstedition mit K\u00fcnstlern aus dem Siebengebirge<\/h2>\n<p>Auf den Etiketten des Kaffee-Siebengebirge sind Arbeiten von K\u00fcnstlern aus dem Siebengebirge zu sehen. Anke Noreike und Alfred Schneiderwind lassen uns teilhaben an ihren Blickwinkeln auf das Siebengebirge und \u00fcberzeugen mit einer visuellen Hommage an unsere Region. Mehr \u00fcber die <a class=\"\" href=\"https:\/\/kaffee-bongusta.de\/shop\/blog\/kuenstler-und-kunstmotive-des-kaffee-siebengebirge\/\">K\u00fcnstler<\/a><\/p>\n","protected":false},"excerpt":{"rendered":"<p>Regionale Spezialit\u00e4t Siebengebirgskaffee zum Vorteilspreis regelm\u00e4\u00dfig nach Hause oder ins B\u00fcro geliefert bekommen. W\u00e4hlt bitte R\u00f6stung, Verarbeitung und Menge aus, die ihr regelm\u00e4\u00dfig monatlich erhalten wollt. Die Lieferung erfolgt <strong>versandkostenfrei<\/strong> immer zu Beginn des Monats.<\/p>\n<p>Mindestbestellmenge 1000g<\/p>\n<p><img decoding=\"async\" class=\"size-full wp-image-3767 alignleft\" src=\"https:\/\/kaffee-bongusta.de\/shop\/wp-content\/uploads\/2019\/01\/Kaffeezubereitung-Espresso.png\" alt=\"\" width=\"182\" height=\"49\" \/><img decoding=\"async\" class=\"size-full wp-image-3762 alignnone\" src=\"https:\/\/kaffee-bongusta.de\/shop\/wp-content\/uploads\/2019\/01\/Kaffeezubereitung-Filterkaffee.png\" alt=\"\" width=\"170\" height=\"49\" \/><\/p>\n","protected":false},"featured_media":10552,"template":"","meta":[],"product_brand":[],"product_cat":[116],"product_tag":[161,182],"class_list":{"0":"post-1744","1":"product","2":"type-product","3":"status-publish","4":"has-post-thumbnail","6":"product_cat-kaffee-siebengebirge","7":"product_tag-kaffee-siebengebirge","8":"product_tag-kaffee-abonnement-monatlich","9":"pa_verarbeitung-ganze-bohnen","11":"first","12":"instock","13":"taxable","14":"shipping-taxable","15":"purchasable","16":"product-type-variable","17":"has-default-attributes"},"_links":{"self":[{"href":"https:\/\/kaffee-bongusta.de\/shop\/wp-json\/wp\/v2\/product\/1744","targetHints":{"allow":["GET"]}}],"collection":[{"href":"https:\/\/kaffee-bongusta.de\/shop\/wp-json\/wp\/v2\/product"}],"about":[{"href":"https:\/\/kaffee-bongusta.de\/shop\/wp-json\/wp\/v2\/types\/product"}],"wp:featuredmedia":[{"embeddable":true,"href":"https:\/\/kaffee-bongusta.de\/shop\/wp-json\/wp\/v2\/media\/10552"}],"wp:attachment":[{"href":"https:\/\/kaffee-bongusta.de\/shop\/wp-json\/wp\/v2\/media?parent=1744"}],"wp:term":[{"taxonomy":"product_brand","embeddable":true,"href":"https:\/\/kaffee-bongusta.de\/shop\/wp-json\/wp\/v2\/product_brand?post=1744"},{"taxonomy":"product_cat","embeddable":true,"href":"https:\/\/kaffee-bongusta.de\/shop\/wp-json\/wp\/v2\/product_cat?post=1744"},{"taxonomy":"product_tag","embeddable":true,"href":"https:\/\/kaffee-bongusta.de\/shop\/wp-json\/wp\/v2\/product_tag?post=1744"}],"curies":[{"name":"wp","href":"https:\/\/api.w.org\/{rel}","templated":true}]}}