{"id":2173,"date":"2019-01-30T17:16:13","date_gmt":"2019-01-30T16:16:13","guid":{"rendered":"https:\/\/www.kaffee-bongusta.de\/shop\/?post_type=product&#038;p=2173"},"modified":"2023-06-17T10:57:41","modified_gmt":"2023-06-17T09:57:41","slug":"seven-black-espresso","status":"publish","type":"product","link":"https:\/\/kaffee-bongusta.de\/shop\/kaffeesorten\/seven-black-coffee-7black\/seven-black-espresso\/","title":{"rendered":"Seven Black\u00ae Dunkle R\u00f6stung"},"content":{"rendered":"<p>Bei dieser besondere Kaffeerarit\u00e4t wird aus Ruanda-Arabica-Bohnen und Arabicabohnen aus Zentralamerika durch schonende Trommelr\u00f6stung ein Arabica\/Robusta-Geschmackserlebnis geschaffen. Dieser Spezialit\u00e4tenkaffee bereichert durch sein einzigartiges Aroma.<\/p>\n<p>Diese dunkle R\u00f6stung \/ Espressor\u00f6stung ist geeignet f\u00fcr Kaffee, Espresso, Caf\u00e9 Cr\u00e8me, Caf\u00e9 Long, Americano, Cappuccino, Latte Macchiato uvm. Zubereitung via Kaffee-Vollautomaten, Siebtr\u00e4ger oder Bialetti&#8230; Die Filterkaffeer\u00f6stung bekommt ihr <a href=\"https:\/\/kaffee-bongusta.de\/shop\/kaffeesorten\/seven-black-coffee-7black\/7black-cafe-crema-filterroestung\/\"><u>hier<\/u><\/a><\/p>\n<h2>Nachhaltiger nat\u00fcrlicher Anbau, fair direkt gehandelt<\/h2>\n<p><img decoding=\"async\" class=\"wp-image-6035 size-full alignnone\" src=\"https:\/\/kaffee-bongusta.de\/shop\/wp-content\/uploads\/2020\/02\/medaillen-fair-treatment-germanroast-klimadruck.jpg\" alt=\"\" width=\"656\" height=\"105\" srcset=\"https:\/\/kaffee-bongusta.de\/shop\/wp-content\/uploads\/2020\/02\/medaillen-fair-treatment-germanroast-klimadruck.jpg 656w, https:\/\/kaffee-bongusta.de\/shop\/wp-content\/uploads\/2020\/02\/medaillen-fair-treatment-germanroast-klimadruck-300x48.jpg 300w, https:\/\/kaffee-bongusta.de\/shop\/wp-content\/uploads\/2020\/02\/medaillen-fair-treatment-germanroast-klimadruck-416x67.jpg 416w\" sizes=\"(max-width: 656px) 100vw, 656px\" \/><br \/>\n<i class=\"glyphicon fa-check-circle fas\"><\/i> Rohbohnen aus Hochland-Anbaugebieten in Ruanda und Zentralamerika<br \/>\n<i class=\"glyphicon fa-check-circle fas\"><\/i> Angebaut nach nat\u00fcrlichen und nachhaltigen Gesichtspunkten f\u00fcr Mitarbeiter, Umwelt und Pflanzen<br \/>\n<i class=\"glyphicon fa-check-circle fas\"><\/i> Fair direkt gehandelt zwischen Ursprung und Importeur\/R\u00f6sterei<br \/>\n<i class=\"glyphicon fa-check-circle fas\"><\/i> Schonende Trommelr\u00f6stung<br \/>\n<i class=\"glyphicon fa-check-circle fas\"><\/i> Schaffung einer Kaffeerarit\u00e4t<\/p>\n","protected":false},"excerpt":{"rendered":"<h2>Unsere \u00fcberregionale Kaffeespezialit\u00e4t<\/h2>\n<p><img decoding=\"async\" class=\"size-full wp-image-3767 alignnone\" src=\"https:\/\/kaffee-bongusta.de\/shop\/wp-content\/uploads\/2019\/01\/Kaffeezubereitung-Espresso.png\" alt=\"\" width=\"182\" height=\"49\" \/><br \/>\n<strong>Dunkele R\u00f6stung \/ Espressor\u00f6stung<\/strong><br \/>\nNachhaltiger Anbau \u00b7 Fair direkt gehandelt \u00b7 Schonende Trommelr\u00f6stung<\/p>\n","protected":false},"featured_media":8792,"template":"","meta":[],"product_brand":[],"product_cat":[109],"product_tag":[216,217,218,219],"class_list":{"0":"post-2173","1":"product","2":"type-product","3":"status-publish","4":"has-post-thumbnail","6":"product_cat-seven-black-coffee-7black","7":"product_tag-kaffee","8":"product_tag-espressoroestungen-fuer-kaffee","9":"product_tag-creme","10":"product_tag-cappuccino-oder-latte","11":"pa_verarbeitung-ganze-bohnen","12":"pa_verarbeitung-gemahlen-mittlerer-mahlgrad","14":"first","15":"instock","16":"taxable","17":"shipping-taxable","18":"purchasable","19":"product-type-variable","20":"has-default-attributes"},"_links":{"self":[{"href":"https:\/\/kaffee-bongusta.de\/shop\/wp-json\/wp\/v2\/product\/2173","targetHints":{"allow":["GET"]}}],"collection":[{"href":"https:\/\/kaffee-bongusta.de\/shop\/wp-json\/wp\/v2\/product"}],"about":[{"href":"https:\/\/kaffee-bongusta.de\/shop\/wp-json\/wp\/v2\/types\/product"}],"wp:featuredmedia":[{"embeddable":true,"href":"https:\/\/kaffee-bongusta.de\/shop\/wp-json\/wp\/v2\/media\/8792"}],"wp:attachment":[{"href":"https:\/\/kaffee-bongusta.de\/shop\/wp-json\/wp\/v2\/media?parent=2173"}],"wp:term":[{"taxonomy":"product_brand","embeddable":true,"href":"https:\/\/kaffee-bongusta.de\/shop\/wp-json\/wp\/v2\/product_brand?post=2173"},{"taxonomy":"product_cat","embeddable":true,"href":"https:\/\/kaffee-bongusta.de\/shop\/wp-json\/wp\/v2\/product_cat?post=2173"},{"taxonomy":"product_tag","embeddable":true,"href":"https:\/\/kaffee-bongusta.de\/shop\/wp-json\/wp\/v2\/product_tag?post=2173"}],"curies":[{"name":"wp","href":"https:\/\/api.w.org\/{rel}","templated":true}]}}