{"id":2366,"date":"2019-04-03T15:14:36","date_gmt":"2019-04-03T14:14:36","guid":{"rendered":"https:\/\/www.kaffee-bongusta.de\/shop\/?post_type=product&#038;p=2366"},"modified":"2021-05-20T06:28:07","modified_gmt":"2021-05-20T05:28:07","slug":"geschichten-malerei-kaffee-siebengebirge-buch-ebook","status":"publish","type":"product","link":"https:\/\/kaffee-bongusta.de\/shop\/kaffeesorten\/kaffee-siebengebirge\/geschichten-malerei-kaffee-siebengebirge-buch-ebook\/","title":{"rendered":"Das Buch zum Kaffee &#8211; Geschichten &#038; Kunstbilder aus dem Siebengebirge"},"content":{"rendered":"<p>Das Buch zum Siebengebirgskaffee<\/p>\n<p>Die Autorin Franziska Lachnit lebt im Siebengebirge und gibt uns mit ihren Kurzgeschichten im und aus dem Siebengebirge Einblicke in Geschichten, die nur das Leben schreibt. Manche davon erkennt man aus eigenen Erlebnissen wieder, anderen folgt man gerne ins Unbekannte. Die kurzen Geschichten unterhalten bei einer Tasse Siebengebirgskaffee.<\/p>\n<p>Bebildert ist das Buch mit wundersch\u00f6nen Landschaftsmotiven der K\u00fcnstler\/innen Anke Noreike, Sabine Odenthal, Hilmar R\u00f6ner und Alfred Schneiderwind. Die K\u00fcnstler aus dem Siebengebirge sind teilweise auch international t\u00e4tig und zeigen uns hier, wie sch\u00f6n und romantisch man die Heimat im Siebengebirge am Rhein darstellen kann.<\/p>\n<p>Mit Kaffeeweisheiten bereichert Barbara Stiller vom Siebengebirgskaffee-Team. Sie versteht es, gro\u00dfe Geschmackserlebnisse mit Schmunzeln ganz kurz zusammen zufassen und auf den Punkt zu bringen.<\/p>\n<p>54 Seiten, A4, farbig, eBook, Dateiformat PDF<\/p>\n","protected":false},"excerpt":{"rendered":"<p>Solche Geschichten\u00a0 schreibt nur das Leben<\/p>\n<p>Impressionen aus dem Siebengebirge<br \/>\nGeschichten \u00b7 Malerei \u00b7 Kaffee<\/p>\n","protected":false},"featured_media":7894,"template":"","meta":[],"product_brand":[],"product_cat":[116],"product_tag":[223],"class_list":{"0":"post-2366","1":"product","2":"type-product","3":"status-publish","4":"has-post-thumbnail","6":"product_cat-kaffee-siebengebirge","7":"product_tag-regionale-buecher","9":"first","10":"instock","11":"taxable","12":"shipping-taxable","13":"purchasable","14":"product-type-variable","15":"has-default-attributes"},"_links":{"self":[{"href":"https:\/\/kaffee-bongusta.de\/shop\/wp-json\/wp\/v2\/product\/2366","targetHints":{"allow":["GET"]}}],"collection":[{"href":"https:\/\/kaffee-bongusta.de\/shop\/wp-json\/wp\/v2\/product"}],"about":[{"href":"https:\/\/kaffee-bongusta.de\/shop\/wp-json\/wp\/v2\/types\/product"}],"wp:featuredmedia":[{"embeddable":true,"href":"https:\/\/kaffee-bongusta.de\/shop\/wp-json\/wp\/v2\/media\/7894"}],"wp:attachment":[{"href":"https:\/\/kaffee-bongusta.de\/shop\/wp-json\/wp\/v2\/media?parent=2366"}],"wp:term":[{"taxonomy":"product_brand","embeddable":true,"href":"https:\/\/kaffee-bongusta.de\/shop\/wp-json\/wp\/v2\/product_brand?post=2366"},{"taxonomy":"product_cat","embeddable":true,"href":"https:\/\/kaffee-bongusta.de\/shop\/wp-json\/wp\/v2\/product_cat?post=2366"},{"taxonomy":"product_tag","embeddable":true,"href":"https:\/\/kaffee-bongusta.de\/shop\/wp-json\/wp\/v2\/product_tag?post=2366"}],"curies":[{"name":"wp","href":"https:\/\/api.w.org\/{rel}","templated":true}]}}