{"id":2514,"date":"2019-04-28T11:06:56","date_gmt":"2019-04-28T10:06:56","guid":{"rendered":"https:\/\/www.kaffee-bongusta.de\/shop\/?post_type=product&#038;p=2514"},"modified":"2022-07-04T14:04:37","modified_gmt":"2022-07-04T13:04:37","slug":"7black-cafe-crema-filterroestung","status":"publish","type":"product","link":"https:\/\/kaffee-bongusta.de\/shop\/kaffeesorten\/seven-black-coffee-7black\/7black-cafe-crema-filterroestung\/","title":{"rendered":"Seven Black\u00ae Filterkaffeer\u00f6stung"},"content":{"rendered":"<p>Bei dieser besondere Kaffeerarit\u00e4t wird aus Ruanda-Arabica-Bohnen und Arabicabohnen aus Zentralamerika durch schonende Trommelr\u00f6stung ein 100% Arabica Geschmackserlebnis geschaffen. Dieser Spezialit\u00e4tenkaffee bereichert durch sein einzigartiges Aroma.<\/p>\n<p>Diese Filterkaffeer\u00f6stung ist geeignet f\u00fcr Handfilter, Stempelkanne, Filtermaschinen, aufgebr\u00fcht&#8230; Die Espressor\u00f6stung bekommt ihr <a href=\"https:\/\/kaffee-bongusta.de\/shop\/kaffeesorten\/seven-black-coffee-7black\/seven-black-espresso\/\"><u>hier<\/u><\/a><\/p>\n<h2>Nachhaltiger nat\u00fcrlicher Anbau, fair direkt gehandelt<\/h2>\n<p><img decoding=\"async\" class=\"wp-image-6035 size-full alignnone\" src=\"https:\/\/kaffee-bongusta.de\/shop\/wp-content\/uploads\/2020\/02\/medaillen-fair-treatment-germanroast-klimadruck.jpg\" alt=\"\" width=\"656\" height=\"105\" srcset=\"https:\/\/kaffee-bongusta.de\/shop\/wp-content\/uploads\/2020\/02\/medaillen-fair-treatment-germanroast-klimadruck.jpg 656w, https:\/\/kaffee-bongusta.de\/shop\/wp-content\/uploads\/2020\/02\/medaillen-fair-treatment-germanroast-klimadruck-300x48.jpg 300w, https:\/\/kaffee-bongusta.de\/shop\/wp-content\/uploads\/2020\/02\/medaillen-fair-treatment-germanroast-klimadruck-416x67.jpg 416w\" sizes=\"(max-width: 656px) 100vw, 656px\" \/><br \/>\n<i class=\"glyphicon fa-check-circle fas\"><\/i> Rohbohnen aus Hochland-Anbaugebieten in Ruanda und Zentralamerika<br \/>\n<i class=\"glyphicon fa-check-circle fas\"><\/i> Angebaut nach nat\u00fcrlichen und nachhaltigen Gesichtspunkten f\u00fcr Mitarbeiter, Umwelt und Pflanzen<br \/>\n<i class=\"glyphicon fa-check-circle fas\"><\/i> Fair direkt gehandelt zwischen Ursprung und Importeur\/R\u00f6sterei<br \/>\n<i class=\"glyphicon fa-check-circle fas\"><\/i> Schonende Trommelr\u00f6stung<br \/>\n<i class=\"glyphicon fa-check-circle fas\"><\/i> Schaffung einer Kaffeerarit\u00e4t<\/p>\n","protected":false},"excerpt":{"rendered":"<h2>Unsere \u00fcberregionale Kaffeespezialit\u00e4t<\/h2>\n<p><img decoding=\"async\" class=\"size-full wp-image-3762 alignnone\" src=\"https:\/\/kaffee-bongusta.de\/shop\/wp-content\/uploads\/2019\/01\/Kaffeezubereitung-Filterkaffee.png\" alt=\"\" width=\"170\" height=\"49\" \/><br \/>\n<strong>Helle R\u00f6stung \/ Filterkaffeer\u00f6stung<\/strong><\/p>\n","protected":false},"featured_media":2521,"template":"","meta":[],"product_brand":[],"product_cat":[109],"product_tag":[175,216],"class_list":{"0":"post-2514","1":"product","2":"type-product","3":"status-publish","4":"has-post-thumbnail","6":"product_cat-seven-black-coffee-7black","7":"product_tag-filterkaffee","8":"product_tag-kaffee","9":"pa_verarbeitung-ganze-bohnen","10":"pa_verarbeitung-gemahlen-mittlerer-mahlgrad","12":"first","13":"instock","14":"taxable","15":"shipping-taxable","16":"purchasable","17":"product-type-variable","18":"has-default-attributes"},"_links":{"self":[{"href":"https:\/\/kaffee-bongusta.de\/shop\/wp-json\/wp\/v2\/product\/2514","targetHints":{"allow":["GET"]}}],"collection":[{"href":"https:\/\/kaffee-bongusta.de\/shop\/wp-json\/wp\/v2\/product"}],"about":[{"href":"https:\/\/kaffee-bongusta.de\/shop\/wp-json\/wp\/v2\/types\/product"}],"wp:featuredmedia":[{"embeddable":true,"href":"https:\/\/kaffee-bongusta.de\/shop\/wp-json\/wp\/v2\/media\/2521"}],"wp:attachment":[{"href":"https:\/\/kaffee-bongusta.de\/shop\/wp-json\/wp\/v2\/media?parent=2514"}],"wp:term":[{"taxonomy":"product_brand","embeddable":true,"href":"https:\/\/kaffee-bongusta.de\/shop\/wp-json\/wp\/v2\/product_brand?post=2514"},{"taxonomy":"product_cat","embeddable":true,"href":"https:\/\/kaffee-bongusta.de\/shop\/wp-json\/wp\/v2\/product_cat?post=2514"},{"taxonomy":"product_tag","embeddable":true,"href":"https:\/\/kaffee-bongusta.de\/shop\/wp-json\/wp\/v2\/product_tag?post=2514"}],"curies":[{"name":"wp","href":"https:\/\/api.w.org\/{rel}","templated":true}]}}