{"id":2744,"date":"2019-05-27T15:43:03","date_gmt":"2019-05-27T14:43:03","guid":{"rendered":"https:\/\/www.kaffee-bongusta.de\/shop\/?post_type=product&#038;p=2744"},"modified":"2023-02-01T18:19:25","modified_gmt":"2023-02-01T17:19:25","slug":"kaffee-eifel-espressoroestung","status":"publish","type":"product","link":"https:\/\/kaffee-bongusta.de\/shop\/kaffeesorten\/kaffee-eifel\/kaffee-eifel-espressoroestung\/","title":{"rendered":"Kaffee Eifel Dunkle R\u00f6stung"},"content":{"rendered":"<h2>Regionale Eifel Kaffeerarit\u00e4t<\/h2>\n<p>Den nachhaltig angebauten Rohkaffee kaufen wir direkt fair bei Kaffeebauern aus dem Vulkanhochland Mittelamerikas. Wir r\u00f6sten im schonenden Trommelr\u00f6stverfahren und erschaffen eine besondere und einzigartige Arabica\/Robusta Kaffeerarit\u00e4t f\u00fcr die Eifel. Wir r\u00f6sten eine helle 100% Arabica Filterkaffeer\u00f6stung und eine dunkle Espressor\u00f6stung. Beide Varianten gibt es als Bohnen und Gemahlen in verschiedenen Packungsgr\u00f6\u00dfen.<\/p>\n<p>ist geeignet f\u00fcr Kaffee, Espresso, Caf\u00e9 Cr\u00e8me, Caf\u00e9 Long, Americano, Cappuccino, Latte Macchiato uvm. Zubereitung via Kaffee-Vollautomaten, Siebtr\u00e4ger oder Bialetti\u2026 Die Filterkaffeer\u00f6stung bekommt ihr <a href=\"https:\/\/kaffee-bongusta.de\/shop\/kaffeesorten\/kaffee-eifel\/kaffee-eifel-filterkaffeeroestung\/\"><u>hier<\/u><\/a><\/p>\n<p><img decoding=\"async\" class=\"wp-image-6035 size-full alignnone\" src=\"https:\/\/kaffee-bongusta.de\/shop\/wp-content\/uploads\/2020\/02\/medaillen-fair-treatment-germanroast-klimadruck.jpg\" alt=\"\" width=\"656\" height=\"105\" srcset=\"https:\/\/kaffee-bongusta.de\/shop\/wp-content\/uploads\/2020\/02\/medaillen-fair-treatment-germanroast-klimadruck.jpg 656w, https:\/\/kaffee-bongusta.de\/shop\/wp-content\/uploads\/2020\/02\/medaillen-fair-treatment-germanroast-klimadruck-300x48.jpg 300w, https:\/\/kaffee-bongusta.de\/shop\/wp-content\/uploads\/2020\/02\/medaillen-fair-treatment-germanroast-klimadruck-416x67.jpg 416w\" sizes=\"(max-width: 656px) 100vw, 656px\" \/><br \/>\n<i class=\"glyphicon fa-check-circle fas\"><\/i> Rohbohnen aus Hochland-Anbaugebieten im\u00a0Vulkanhochland Mittelamerikas<br \/>\n<i class=\"glyphicon fa-check-circle fas\"><\/i> Angebaut nach nat\u00fcrlichen und nachhaltigen Gesichtspunkten f\u00fcr Mitarbeiter, Umwelt und Pflanzen<br \/>\n<i class=\"glyphicon fa-check-circle fas\"><\/i> Fair direkt gehandelt zwischen Ursprung und Importeur\/R\u00f6sterei<br \/>\n<i class=\"glyphicon fa-check-circle fas\"><\/i> Schonende Trommelr\u00f6stung<br \/>\n<i class=\"glyphicon fa-check-circle fas\"><\/i> Schaffung einer einzigartigen und regionalen Kaffeerarit\u00e4t<\/p>\n","protected":false},"excerpt":{"rendered":"<h2>Regionale Spezialit\u00e4t Eifelkaffee<\/h2>\n<p><img decoding=\"async\" class=\"size-full wp-image-3767 alignnone\" src=\"https:\/\/kaffee-bongusta.de\/shop\/wp-content\/uploads\/2019\/01\/Kaffeezubereitung-Espresso.png\" alt=\"\" width=\"182\" height=\"49\" \/><br \/>\n<strong>Dunkle R\u00f6stung \/ Espressor\u00f6stung<\/strong><br \/>\nNachhaltiger Anbau \u00b7 Fair direkt gehandelt \u00b7 Schonende Trommelr\u00f6stung \u00b7 Impressionen aus der Eifel<\/p>\n","protected":false},"featured_media":8130,"template":"","meta":[],"product_brand":[],"product_cat":[122],"product_tag":[217,218,219,216],"class_list":{"0":"post-2744","1":"product","2":"type-product","3":"status-publish","4":"has-post-thumbnail","6":"product_cat-kaffee-eifel","7":"product_tag-espressoroestungen-fuer-kaffee","8":"product_tag-creme","9":"product_tag-cappuccino-oder-latte","10":"product_tag-kaffee","11":"pa_verarbeitung-ganze-bohnen","12":"pa_verarbeitung-gemahlen-mittlerer-mahlgrad","14":"first","15":"instock","16":"taxable","17":"shipping-taxable","18":"purchasable","19":"product-type-variable","20":"has-default-attributes"},"_links":{"self":[{"href":"https:\/\/kaffee-bongusta.de\/shop\/wp-json\/wp\/v2\/product\/2744","targetHints":{"allow":["GET"]}}],"collection":[{"href":"https:\/\/kaffee-bongusta.de\/shop\/wp-json\/wp\/v2\/product"}],"about":[{"href":"https:\/\/kaffee-bongusta.de\/shop\/wp-json\/wp\/v2\/types\/product"}],"wp:featuredmedia":[{"embeddable":true,"href":"https:\/\/kaffee-bongusta.de\/shop\/wp-json\/wp\/v2\/media\/8130"}],"wp:attachment":[{"href":"https:\/\/kaffee-bongusta.de\/shop\/wp-json\/wp\/v2\/media?parent=2744"}],"wp:term":[{"taxonomy":"product_brand","embeddable":true,"href":"https:\/\/kaffee-bongusta.de\/shop\/wp-json\/wp\/v2\/product_brand?post=2744"},{"taxonomy":"product_cat","embeddable":true,"href":"https:\/\/kaffee-bongusta.de\/shop\/wp-json\/wp\/v2\/product_cat?post=2744"},{"taxonomy":"product_tag","embeddable":true,"href":"https:\/\/kaffee-bongusta.de\/shop\/wp-json\/wp\/v2\/product_tag?post=2744"}],"curies":[{"name":"wp","href":"https:\/\/api.w.org\/{rel}","templated":true}]}}