{"id":2753,"date":"2019-05-27T16:36:35","date_gmt":"2019-05-27T15:36:35","guid":{"rendered":"https:\/\/www.kaffee-bongusta.de\/shop\/?post_type=product&#038;p=2753"},"modified":"2024-07-24T09:55:32","modified_gmt":"2024-07-24T08:55:32","slug":"kaffee-borkum-espressoroestung","status":"publish","type":"product","link":"https:\/\/kaffee-bongusta.de\/shop\/kaffeesorten\/kaffee-borkum\/kaffee-borkum-espressoroestung\/","title":{"rendered":"Kaffee Borkum Dunkle R\u00f6stung <small>(Bohnen\/Gemahlen)<\/small>"},"content":{"rendered":"<h2>Espresso Borkum<\/h2>\n<p><img decoding=\"async\" class=\"alignnone size-large wp-image-12952\" src=\"https:\/\/kaffee-bongusta.de\/shop\/wp-content\/uploads\/Borkum-Strandpromenade-1024x335.jpg\" alt=\"Borkum Strandpromenade\" width=\"980\" height=\"321\" srcset=\"https:\/\/kaffee-bongusta.de\/shop\/wp-content\/uploads\/Borkum-Strandpromenade-1024x335.jpg 1024w, https:\/\/kaffee-bongusta.de\/shop\/wp-content\/uploads\/Borkum-Strandpromenade-350x114.jpg 350w, https:\/\/kaffee-bongusta.de\/shop\/wp-content\/uploads\/Borkum-Strandpromenade-768x251.jpg 768w, https:\/\/kaffee-bongusta.de\/shop\/wp-content\/uploads\/Borkum-Strandpromenade-416x136.jpg 416w, https:\/\/kaffee-bongusta.de\/shop\/wp-content\/uploads\/Borkum-Strandpromenade.jpg 1064w\" sizes=\"(max-width: 980px) 100vw, 980px\" \/><\/p>\n<h2>Regionale Kaffeerarit\u00e4t: Insel Borkum Kaffee<\/h2>\n<p>Kaffee Borkum f\u00fcr Genie\u00dfer auf Borkum und Borkum-Liebhaber. Wir r\u00f6sten eine vollmundige und einzigartige Kaffeerarit\u00e4t f\u00fcr Borkum. Nachhaltig und fair: Die markenbestimmende Arabicapflanze wird nachhaltig angebaut, direkt fair gehandelt und schonend trommelger\u00f6stet. Wir r\u00f6sten eine helle 100% Arabica Filterkaffeer\u00f6stung und eine dunkle Espressor\u00f6stung. Beide Varianten gibt es als Bohnen und Gemahlen in verschiedenen Packungsgr\u00f6\u00dfen.<\/p>\n<p><strong>Diese dunkle R\u00f6stung \/ Espressor\u00f6stung<\/strong>\u00a0ist geeignet f\u00fcr Kaffee, Espresso, Caf\u00e9 Cr\u00e8me, Caf\u00e9 Long, Americano, Cappuccino, Latte Macchiato uvm. Zubereitung via Kaffee-Vollautomaten, Siebtr\u00e4ger oder Bialetti&#8230; Die Filterkaffeer\u00f6stung bekommt ihr\u00a0<a href=\"https:\/\/kaffee-bongusta.de\/shop\/kaffeesorten\/kaffee-borkum\/kaffee-borkum-filterkaffeeroestung\/\"><u>hier<\/u><\/a><strong><img decoding=\"async\" class=\"wp-image-12953 size-full alignnone\" src=\"https:\/\/kaffee-bongusta.de\/shop\/wp-content\/uploads\/Kaffee-am-Strand.jpg\" alt=\"Kaffee am Strand\" width=\"300\" height=\"300\" srcset=\"https:\/\/kaffee-bongusta.de\/shop\/wp-content\/uploads\/Kaffee-am-Strand.jpg 300w, https:\/\/kaffee-bongusta.de\/shop\/wp-content\/uploads\/Kaffee-am-Strand-100x100.jpg 100w\" sizes=\"(max-width: 300px) 100vw, 300px\" \/><\/strong><\/p>\n<h2>Nachhaltig und fair<\/h2>\n<p><img decoding=\"async\" class=\"size-full wp-image-3764 alignnone\" src=\"https:\/\/kaffee-bongusta.de\/shop\/wp-content\/uploads\/2019\/01\/medaillen-fair-treatment-kaffee-mit-herz.png\" alt=\"\" width=\"627\" height=\"131\" srcset=\"https:\/\/kaffee-bongusta.de\/shop\/wp-content\/uploads\/2019\/01\/medaillen-fair-treatment-kaffee-mit-herz.png 627w, https:\/\/kaffee-bongusta.de\/shop\/wp-content\/uploads\/2019\/01\/medaillen-fair-treatment-kaffee-mit-herz-416x87.png 416w, https:\/\/kaffee-bongusta.de\/shop\/wp-content\/uploads\/2019\/01\/medaillen-fair-treatment-kaffee-mit-herz-300x63.png 300w\" sizes=\"(max-width: 627px) 100vw, 627px\" \/><br \/>\n<i class=\"glyphicon fa-check-circle fas\"><\/i> Rohbohnen aus Hochland-Anbaugebieten auf Kuba und S\u00fcdamerika<br \/>\n<i class=\"glyphicon fa-check-circle fas\"><\/i> Angebaut nach nat\u00fcrlichen und nachhaltigen Gesichtspunkten f\u00fcr Mitarbeiter, Umwelt und Pflanzen<br \/>\n<i class=\"glyphicon fa-check-circle fas\"><\/i> Fair direkt gehandelt zwischen Ursprung und Importeur\/R\u00f6sterei<br \/>\n<i class=\"glyphicon fa-check-circle fas\"><\/i> Schonende Trommelr\u00f6stung<br \/>\n<i class=\"glyphicon fa-check-circle fas\"><\/i> Schaffung einer einzigartigen und regionalen Kaffeerarit\u00e4t<br \/>\nDas ist ein <a href=\"https:\/\/kaffee-bongusta.de\/shop\/kaffee-mit-herz-spenden-projekte\/\"><strong>Kaffee mit Herz<\/strong><\/a><\/p>\n<h2>Kaffee mit Herz-Spendenkonzept<\/h2>\n<p><img decoding=\"async\" src=\"https:\/\/kaffee-bongusta.de\/shop\/wp-content\/uploads\/2018\/01\/spendenaktion-kaffee-borkum.png\" \/><\/p>\n<h3>Jede Packung spendet f\u00fcr den Tier- und Naturschutz auf Borkum<\/h3>\n<p><img decoding=\"async\" class=\"alignleft size-full wp-image-8758\" src=\"https:\/\/kaffee-bongusta.de\/shop\/wp-content\/uploads\/Kaffee-mit-Herz-Siegel.png\" alt=\"\" width=\"172\" height=\"172\" srcset=\"https:\/\/kaffee-bongusta.de\/shop\/wp-content\/uploads\/Kaffee-mit-Herz-Siegel.png 172w, https:\/\/kaffee-bongusta.de\/shop\/wp-content\/uploads\/Kaffee-mit-Herz-Siegel-100x100.png 100w\" sizes=\"(max-width: 172px) 100vw, 172px\" \/>Genie\u00dfen und dabei Gutes tun: Der Kaffee schmeckt nicht nur sehr gut, sondern mit jeder Packung geht eine feste Spende an den Nationalpark \u201eNieders\u00e4chsisches Wattenmeer\u201c zugunsten des Natur- und Tierschutzes um gef\u00e4hrdete Brutv\u00f6gel und Seehunde auf Borkum zu sch\u00fctzen. Mehr \u00fcber <a class=\"\" href=\"https:\/\/kaffee-bongusta.de\/shop\/kaffee-mit-herz-spenden-projekte\/\">Kaffee mit Herz<\/a><\/p>\n<p><img decoding=\"async\" class=\"alignleft wp-image-2850\" src=\"https:\/\/kaffee-bongusta.de\/shop\/wp-content\/uploads\/2019\/06\/Logo-Original-NLP-WATT-NIED-RGB.jpg\" alt=\"\" width=\"400\" height=\"157\" srcset=\"https:\/\/kaffee-bongusta.de\/shop\/wp-content\/uploads\/2019\/06\/Logo-Original-NLP-WATT-NIED-RGB.jpg 523w, https:\/\/kaffee-bongusta.de\/shop\/wp-content\/uploads\/2019\/06\/Logo-Original-NLP-WATT-NIED-RGB-416x163.jpg 416w, https:\/\/kaffee-bongusta.de\/shop\/wp-content\/uploads\/2019\/06\/Logo-Original-NLP-WATT-NIED-RGB-300x118.jpg 300w\" sizes=\"(max-width: 400px) 100vw, 400px\" \/><\/p>\n<h2>Kunstedition regionaler K\u00fcnstler<\/h2>\n<p>K\u00fcnstlerische maritime Motive verleihen dem Kaffee einen weiteren starken Borkum-Charakter und lassen ihn zu einem unverzichtbaren Souvenir werden.<\/p>\n","protected":false},"excerpt":{"rendered":"<h2>Regionale Kaffeerarit\u00e4t f\u00fcr Borkum<\/h2>\n<p><img decoding=\"async\" class=\"size-full wp-image-3767 alignnone\" src=\"https:\/\/kaffee-bongusta.de\/shop\/wp-content\/uploads\/2019\/01\/Kaffeezubereitung-Espresso.png\" alt=\"\" width=\"182\" height=\"49\" \/><strong>Dunkele R\u00f6stung \/ Espressor\u00f6stung\u00a0<\/strong><br \/>\nNachhaltiger Anbau \u00b7 Fair direkt gehandelt \u00b7 Schonende Trommelr\u00f6stung \u00b7 Kunstmotive von Borkum \u00b7 Spendet f\u00fcr den Tier- und Naturschutz auf Borkum<\/p>\n","protected":false},"featured_media":11859,"template":"","meta":[],"product_brand":[],"product_cat":[125],"product_tag":[218,219,274,216,217],"class_list":{"0":"post-2753","1":"product","2":"type-product","3":"status-publish","4":"has-post-thumbnail","6":"product_cat-kaffee-borkum","7":"product_tag-creme","8":"product_tag-cappuccino-oder-latte","9":"product_tag-regional-bonus","10":"product_tag-kaffee","11":"product_tag-espressoroestungen-fuer-kaffee","12":"pa_verarbeitung-ganze-bohnen","13":"pa_verarbeitung-gemahlen-mittlerer-mahlgrad","15":"first","16":"instock","17":"taxable","18":"shipping-taxable","19":"purchasable","20":"product-type-variable","21":"has-default-attributes"},"_links":{"self":[{"href":"https:\/\/kaffee-bongusta.de\/shop\/wp-json\/wp\/v2\/product\/2753","targetHints":{"allow":["GET"]}}],"collection":[{"href":"https:\/\/kaffee-bongusta.de\/shop\/wp-json\/wp\/v2\/product"}],"about":[{"href":"https:\/\/kaffee-bongusta.de\/shop\/wp-json\/wp\/v2\/types\/product"}],"wp:featuredmedia":[{"embeddable":true,"href":"https:\/\/kaffee-bongusta.de\/shop\/wp-json\/wp\/v2\/media\/11859"}],"wp:attachment":[{"href":"https:\/\/kaffee-bongusta.de\/shop\/wp-json\/wp\/v2\/media?parent=2753"}],"wp:term":[{"taxonomy":"product_brand","embeddable":true,"href":"https:\/\/kaffee-bongusta.de\/shop\/wp-json\/wp\/v2\/product_brand?post=2753"},{"taxonomy":"product_cat","embeddable":true,"href":"https:\/\/kaffee-bongusta.de\/shop\/wp-json\/wp\/v2\/product_cat?post=2753"},{"taxonomy":"product_tag","embeddable":true,"href":"https:\/\/kaffee-bongusta.de\/shop\/wp-json\/wp\/v2\/product_tag?post=2753"}],"curies":[{"name":"wp","href":"https:\/\/api.w.org\/{rel}","templated":true}]}}