{"id":4399,"date":"2019-11-28T14:59:16","date_gmt":"2019-11-28T13:59:16","guid":{"rendered":"https:\/\/www.kaffee-bongusta.de\/shop\/?post_type=product&#038;p=4399"},"modified":"2023-04-27T19:26:11","modified_gmt":"2023-04-27T18:26:11","slug":"seven-black-cocktail-rezepte","status":"publish","type":"product","link":"https:\/\/kaffee-bongusta.de\/shop\/kaffeesorten\/seven-black-coffee-7black\/seven-black-cocktail-rezepte\/","title":{"rendered":"Seven Black\u00ae Cocktail Rezepte"},"content":{"rendered":"<table style=\"height: 920px;\" border=\"0\" width=\"539\">\r\n<tbody>\r\n<tr>\r\n<td><img decoding=\"async\" class=\"wp-image-4800 alignnone\" src=\"https:\/\/kaffee-bongusta.de\/shop\/wp-content\/uploads\/2019\/11\/seven-black-cocktail-boom.jpg\" alt=\"\" width=\"235\" height=\"317\" srcset=\"https:\/\/kaffee-bongusta.de\/shop\/wp-content\/uploads\/2019\/11\/seven-black-cocktail-boom.jpg 573w, https:\/\/kaffee-bongusta.de\/shop\/wp-content\/uploads\/2019\/11\/seven-black-cocktail-boom-416x560.jpg 416w, https:\/\/kaffee-bongusta.de\/shop\/wp-content\/uploads\/2019\/11\/seven-black-cocktail-boom-300x404.jpg 300w\" sizes=\"(max-width: 235px) 100vw, 235px\" \/><\/td>\r\n<td><strong>Seven Black\u00ae Boom<\/strong> <br \/>4 cl 7Black Espressolik\u00f6r <br \/>2 cl Whisky Tonic <br \/>Crushed Ice <br \/>Orange<\/td>\r\n<\/tr>\r\n<tr>\r\n<td><img decoding=\"async\" class=\"alignleft wp-image-4801\" src=\"https:\/\/kaffee-bongusta.de\/shop\/wp-content\/uploads\/2019\/11\/seven-black-cocktail-fresh.jpg\" alt=\"\" width=\"251\" height=\"370\" srcset=\"https:\/\/kaffee-bongusta.de\/shop\/wp-content\/uploads\/2019\/11\/seven-black-cocktail-fresh.jpg 587w, https:\/\/kaffee-bongusta.de\/shop\/wp-content\/uploads\/2019\/11\/seven-black-cocktail-fresh-416x614.jpg 416w, https:\/\/kaffee-bongusta.de\/shop\/wp-content\/uploads\/2019\/11\/seven-black-cocktail-fresh-300x443.jpg 300w\" sizes=\"(max-width: 251px) 100vw, 251px\" \/><\/td>\r\n<td><strong>Seven Black\u00ae Fresh<\/strong> <br \/>4 cl 7Black Espressolik\u00f6r <br \/>Tonic <br \/>Crushed Ice <br \/>Zitrone und Pfefferminzblatt<\/td>\r\n<\/tr>\r\n<tr>\r\n<td><img decoding=\"async\" class=\"alignleft wp-image-4802\" src=\"https:\/\/kaffee-bongusta.de\/shop\/wp-content\/uploads\/2019\/11\/seven-black-cocktail-martini.jpg\" alt=\"\" width=\"297\" height=\"278\" srcset=\"https:\/\/kaffee-bongusta.de\/shop\/wp-content\/uploads\/2019\/11\/seven-black-cocktail-martini.jpg 638w, https:\/\/kaffee-bongusta.de\/shop\/wp-content\/uploads\/2019\/11\/seven-black-cocktail-martini-416x389.jpg 416w, https:\/\/kaffee-bongusta.de\/shop\/wp-content\/uploads\/2019\/11\/seven-black-cocktail-martini-300x280.jpg 300w\" sizes=\"(max-width: 297px) 100vw, 297px\" \/><\/td>\r\n<td>\r\n<p><strong>7Black Martini<\/strong> <br \/>4 cl 7Black Espressolik\u00f6r <br \/>4 cl Vermouth <br \/>Ice<\/p>\r\n<p><strong>7Black Espresso Martini <\/strong><br \/>2 cl 7Black Espressolik\u00f6r <br \/>2 cl Wodka <br \/>Espresso <br \/>Ice<\/p>\r\n<\/td>\r\n<\/tr>\r\n<tr>\r\n<td><img decoding=\"async\" class=\"alignleft size-full wp-image-4804\" src=\"https:\/\/kaffee-bongusta.de\/shop\/wp-content\/uploads\/2019\/11\/seven-black-cocktail-glas.jpg\" alt=\"\" width=\"250\" height=\"276\" \/><\/td>\r\n<td>\r\n<p><strong>7Black Russian<\/strong> <br \/>6 cl 7Black Espressolik\u00f6r <br \/>3 cl Wodka <br \/>Ice<\/p>\r\n<p><strong>7White Russian <\/strong><br \/>6 cl <br \/>7Black Cream <br \/>3 cl Wodka <br \/>3 cl Sahne <br \/>Ice<\/p>\r\n<\/td>\r\n<\/tr>\r\n<tr>\r\n<td><img decoding=\"async\" class=\"alignleft wp-image-4803\" src=\"https:\/\/kaffee-bongusta.de\/shop\/wp-content\/uploads\/2019\/11\/seven-black-cocktail-cream.jpg\" alt=\"\" width=\"312\" height=\"264\" srcset=\"https:\/\/kaffee-bongusta.de\/shop\/wp-content\/uploads\/2019\/11\/seven-black-cocktail-cream.jpg 709w, https:\/\/kaffee-bongusta.de\/shop\/wp-content\/uploads\/2019\/11\/seven-black-cocktail-cream-416x351.jpg 416w, https:\/\/kaffee-bongusta.de\/shop\/wp-content\/uploads\/2019\/11\/seven-black-cocktail-cream-300x253.jpg 300w\" sizes=\"(max-width: 312px) 100vw, 312px\" \/><\/td>\r\n<td>\r\n<p><strong>7Black Cream<\/strong> <br \/>4 cl 7Black Cream <br \/>2 cl Whisky <br \/>Crushed Ice <br \/>Espressobohnen<\/p>\r\n<p><strong>7Black Cream Martini <\/strong><br \/>4 cl 7Black Cream <br \/>2 cl Vermouth <br \/>Crushed Ice <br \/>Espressobohnen<\/p>\r\n<\/td>\r\n<\/tr>\r\n<\/tbody>\r\n<\/table>\r\n<p>und hier weitere Cocktail und <a class=\"button\" href=\"https:\/\/www.7black.de\/7black-cocktails.pdf\" target=\"_blank\" rel=\"noopener noreferrer\">Rezepte als PDF<\/a><\/p>\r\n\r\n<p>&nbsp;<\/p>\r\n<p>\u00dcberzeugend vollmundig kontrastreicher Geschmack mit leichter S\u00fc\u00dfe, <br \/>Seven Black\u00ae Espressoliqueur wird mit Seven Black\u00ae Espresso Bohnen hergestellt.<\/p>\r\n\r\n\r\n\r\n\r\n\r\n<p><a class=\"button\" href=\"https:\/\/kaffee-bongusta.de\/shop\/produktgruppen\/spirituosen-likoere-braende-bier-mit-espresso\/\">Seven Black\u00ae Spirituosen ausw\u00e4hlen\u00a0<\/a><\/p>\r\n\r\n\r\n\r\n<p>Seven Black\u00ae ist eine eingetragene Marke<\/p>\r\n\r\n<p>&nbsp;<\/p>","protected":false},"excerpt":{"rendered":"<h2>Cocktail Rezepte zum Download<\/h2>\n<p>Espresso Cocktails, Espresso Martini, Black Russian, White Russian, Blow Job und viele andere <a class=\"button\" href=\"https:\/\/www.7black.de\/7black-cocktails.pdf\" target=\"_blank\" rel=\"noopener noreferrer\">Free Download PDF<\/a><\/p>\n<p><img decoding=\"async\" class=\"wp-image-2606 size-medium alignnone\" src=\"https:\/\/kaffee-bongusta.de\/shop\/wp-content\/uploads\/2019\/05\/7Black-Cocktailkarte-Bild-300x258.png\" alt=\"\" width=\"300\" height=\"258\" srcset=\"https:\/\/kaffee-bongusta.de\/shop\/wp-content\/uploads\/2019\/05\/7Black-Cocktailkarte-Bild-300x258.png 300w, https:\/\/kaffee-bongusta.de\/shop\/wp-content\/uploads\/2019\/05\/7Black-Cocktailkarte-Bild-416x358.png 416w, https:\/\/kaffee-bongusta.de\/shop\/wp-content\/uploads\/2019\/05\/7Black-Cocktailkarte-Bild-768x662.png 768w, https:\/\/kaffee-bongusta.de\/shop\/wp-content\/uploads\/2019\/05\/7Black-Cocktailkarte-Bild-1024x882.png 1024w, https:\/\/kaffee-bongusta.de\/shop\/wp-content\/uploads\/2019\/05\/7Black-Cocktailkarte-Bild.png 1221w\" sizes=\"(max-width: 300px) 100vw, 300px\" \/><\/p>\n[visual-link-preview encoded=\"eyJ0eXBlIjoiaW50ZXJuYWwiLCJwb3N0Ijo3NzcxLCJwb3N0X2xhYmVsIjoiQmVpdHJhZyA3NzcxIC0gU2V2ZW4gQmxhY2vCriBTZWx0emVyIiwidXJsIjoiIiwiaW1hZ2VfaWQiOjgwMTIsImltYWdlX3VybCI6Imh0dHBzOi8vd3d3LmthZmZlZS1ib25ndXN0YS5kZS9zaG9wL3dwLWNvbnRlbnQvdXBsb2Fkcy8yMDIwLzA5L2xpa29lci03YmxhY2stc2VsdHplci5qcGciLCJ0aXRsZSI6IlNldmVuIEJsYWNrwq4gU2VsdHplciIsInN1bW1hcnkiOiJIYXJkIFNlbHR6ZXIgc2luZCBkZXIgbmV1ZSBTb21tZXJ0cmVuZCBSZWZyZXNoZXMsIGNoZWVycyB1cCBhbmQgdGFzdGVzIGF3ZXNvbWUuIEdlbmF1IGRhcyBSaWNodGlnZSBmw7xyIGV1Y2ggZsO8ciBTb25uZSwgQmFyLCBUZXJyYXNzZSBvZGVyIENvdWNoLiBMYXNzdCBldWNoIGVyZnJpc2NoZW4gdm9uIDdCbGFjayBTZWx0emVyIG1pdCBnZXNwcnVkZWx0ZW0gU29kYXdhc3NlciB1bmQgZWluZW0gU2NodXNzIFNldmVuIEJsYWNrwq4gRXNwcmVzc29saWvDtnIuIEplIG5hY2ggU2NodXNzIGhhdCBkZXIgTG9uZ2RyaW5rIDMtNSUgQWxrb2hvbCB1bmQgd2VuaWdlciBLYWxvcmllbiBhbHMgYWx0ZXJuYXRpdmUgR2V0csOkbmtlIG1pdCDDpGhubGljaGVtIEFsa29ob2xnZWhhbHQgWyZoZWxsaXA7XSIsInRlbXBsYXRlIjoidXNlX2RlZmF1bHRfZnJvbV9zZXR0aW5ncyJ9\"]\n","protected":false},"featured_media":4858,"template":"","meta":[],"product_brand":[],"product_cat":[109,127],"product_tag":[185],"class_list":{"0":"post-4399","1":"product","2":"type-product","3":"status-publish","4":"has-post-thumbnail","6":"product_cat-seven-black-coffee-7black","7":"product_cat-spirituosen-braende-geiste-likoere","8":"product_tag-spirituosen-abo-monatlich-guenstig","10":"first","11":"instock","12":"taxable","13":"shipping-taxable","14":"product-type-simple"},"_links":{"self":[{"href":"https:\/\/kaffee-bongusta.de\/shop\/wp-json\/wp\/v2\/product\/4399","targetHints":{"allow":["GET"]}}],"collection":[{"href":"https:\/\/kaffee-bongusta.de\/shop\/wp-json\/wp\/v2\/product"}],"about":[{"href":"https:\/\/kaffee-bongusta.de\/shop\/wp-json\/wp\/v2\/types\/product"}],"wp:featuredmedia":[{"embeddable":true,"href":"https:\/\/kaffee-bongusta.de\/shop\/wp-json\/wp\/v2\/media\/4858"}],"wp:attachment":[{"href":"https:\/\/kaffee-bongusta.de\/shop\/wp-json\/wp\/v2\/media?parent=4399"}],"wp:term":[{"taxonomy":"product_brand","embeddable":true,"href":"https:\/\/kaffee-bongusta.de\/shop\/wp-json\/wp\/v2\/product_brand?post=4399"},{"taxonomy":"product_cat","embeddable":true,"href":"https:\/\/kaffee-bongusta.de\/shop\/wp-json\/wp\/v2\/product_cat?post=4399"},{"taxonomy":"product_tag","embeddable":true,"href":"https:\/\/kaffee-bongusta.de\/shop\/wp-json\/wp\/v2\/product_tag?post=4399"}],"curies":[{"name":"wp","href":"https:\/\/api.w.org\/{rel}","templated":true}]}}