{"id":7309,"date":"2020-05-06T15:02:16","date_gmt":"2020-05-06T14:02:16","guid":{"rendered":"https:\/\/www.kaffee-bongusta.de\/shop\/?post_type=product&#038;p=7309"},"modified":"2022-12-15T19:13:59","modified_gmt":"2022-12-15T18:13:59","slug":"seven-black-espresso-likoer-art-edition","status":"publish","type":"product","link":"https:\/\/kaffee-bongusta.de\/shop\/kaffeesorten\/seven-black-coffee-7black\/seven-black-espresso-likoer-art-edition\/","title":{"rendered":"Art Edition Bulldogge Seven Black\u00ae Espressolik\u00f6r"},"content":{"rendered":"<p><a href=\"https:\/\/kaffee-bongusta.de\/shop\/kaffeesorten\/seven-black-coffee-7black\/seven-black-espresso-likoer-art-edition\/\"><img decoding=\"async\" class=\"alignleft size-thumbnail wp-image-7315\" src=\"https:\/\/kaffee-bongusta.de\/shop\/wp-content\/uploads\/2020\/05\/Kunstmotive-7Black-Liqueur-Hund-150x300.jpg\" alt=\"\" width=\"150\" height=\"300\" srcset=\"https:\/\/kaffee-bongusta.de\/shop\/wp-content\/uploads\/2020\/05\/Kunstmotive-7Black-Liqueur-Hund-150x300.jpg 150w, https:\/\/kaffee-bongusta.de\/shop\/wp-content\/uploads\/2020\/05\/Kunstmotive-7Black-Liqueur-Hund-325x650.jpg 325w, https:\/\/kaffee-bongusta.de\/shop\/wp-content\/uploads\/2020\/05\/Kunstmotive-7Black-Liqueur-Hund-324x648.jpg 324w, https:\/\/kaffee-bongusta.de\/shop\/wp-content\/uploads\/2020\/05\/Kunstmotive-7Black-Liqueur-Hund-416x832.jpg 416w, https:\/\/kaffee-bongusta.de\/shop\/wp-content\/uploads\/2020\/05\/Kunstmotive-7Black-Liqueur-Hund.jpg 500w\" sizes=\"(max-width: 150px) 100vw, 150px\" \/><\/a><a href=\"https:\/\/kaffee-bongusta.de\/shop\/kaffeesorten\/seven-black-coffee-7black\/art-edition-beathoven-seven-black-espressolikoer\/\"><img decoding=\"async\" class=\"alignleft size-thumbnail wp-image-7313\" src=\"https:\/\/kaffee-bongusta.de\/shop\/wp-content\/uploads\/2020\/05\/Kunstmotive-7Black-Liqueur-Beethoven-150x300.jpg\" alt=\"\" width=\"150\" height=\"300\" srcset=\"https:\/\/kaffee-bongusta.de\/shop\/wp-content\/uploads\/2020\/05\/Kunstmotive-7Black-Liqueur-Beethoven-150x300.jpg 150w, https:\/\/kaffee-bongusta.de\/shop\/wp-content\/uploads\/2020\/05\/Kunstmotive-7Black-Liqueur-Beethoven-325x650.jpg 325w, https:\/\/kaffee-bongusta.de\/shop\/wp-content\/uploads\/2020\/05\/Kunstmotive-7Black-Liqueur-Beethoven-324x648.jpg 324w, https:\/\/kaffee-bongusta.de\/shop\/wp-content\/uploads\/2020\/05\/Kunstmotive-7Black-Liqueur-Beethoven-416x832.jpg 416w, https:\/\/kaffee-bongusta.de\/shop\/wp-content\/uploads\/2020\/05\/Kunstmotive-7Black-Liqueur-Beethoven.jpg 500w\" sizes=\"(max-width: 150px) 100vw, 150px\" \/><\/a><a href=\"https:\/\/kaffee-bongusta.de\/shop\/kaffeesorten\/seven-black-coffee-7black\/art-edition-alien-seven-black-espressolikoer\/\"><img decoding=\"async\" class=\"size-thumbnail wp-image-7312 alignnone\" src=\"https:\/\/kaffee-bongusta.de\/shop\/wp-content\/uploads\/2020\/05\/Kunstmotive-7Black-Liqueur-Alien-150x300.jpg\" alt=\"\" width=\"150\" height=\"300\" srcset=\"https:\/\/kaffee-bongusta.de\/shop\/wp-content\/uploads\/2020\/05\/Kunstmotive-7Black-Liqueur-Alien-150x300.jpg 150w, https:\/\/kaffee-bongusta.de\/shop\/wp-content\/uploads\/2020\/05\/Kunstmotive-7Black-Liqueur-Alien-325x650.jpg 325w, https:\/\/kaffee-bongusta.de\/shop\/wp-content\/uploads\/2020\/05\/Kunstmotive-7Black-Liqueur-Alien-324x648.jpg 324w, https:\/\/kaffee-bongusta.de\/shop\/wp-content\/uploads\/2020\/05\/Kunstmotive-7Black-Liqueur-Alien-416x832.jpg 416w, https:\/\/kaffee-bongusta.de\/shop\/wp-content\/uploads\/2020\/05\/Kunstmotive-7Black-Liqueur-Alien.jpg 500w\" sizes=\"(max-width: 150px) 100vw, 150px\" \/><\/a><\/p>\n<p>Hergestellt mit unseren Seven Black\u00ae Espressobohnen. German Roast Siegel.<br \/>\nNachhaltiger Anbau \u00b7 Fair direkt gehandelt \u00b7 Schonende Trommelr\u00f6stung<\/p>\n<ul>\n<li>Flascheninhalt 500 ml, Alk. 25% vol.<\/li>\n<li>Ohne Zusatz k\u00fcnstlicher Farbstoffe<\/li>\n<li>Coffeinhaltig<\/li>\n<\/ul>\n<p><img decoding=\"async\" class=\"size-large wp-image-4500 alignnone\" src=\"https:\/\/kaffee-bongusta.de\/shop\/wp-content\/uploads\/2019\/04\/7Black-Party-Bild-mit-Medaille-1024x683.jpg\" alt=\"\" width=\"980\" height=\"654\" srcset=\"https:\/\/kaffee-bongusta.de\/shop\/wp-content\/uploads\/2019\/04\/7Black-Party-Bild-mit-Medaille-1024x683.jpg 1024w, https:\/\/kaffee-bongusta.de\/shop\/wp-content\/uploads\/2019\/04\/7Black-Party-Bild-mit-Medaille-416x277.jpg 416w, https:\/\/kaffee-bongusta.de\/shop\/wp-content\/uploads\/2019\/04\/7Black-Party-Bild-mit-Medaille-300x200.jpg 300w, https:\/\/kaffee-bongusta.de\/shop\/wp-content\/uploads\/2019\/04\/7Black-Party-Bild-mit-Medaille-768x512.jpg 768w, https:\/\/kaffee-bongusta.de\/shop\/wp-content\/uploads\/2019\/04\/7Black-Party-Bild-mit-Medaille-1536x1025.jpg 1536w, https:\/\/kaffee-bongusta.de\/shop\/wp-content\/uploads\/2019\/04\/7Black-Party-Bild-mit-Medaille.jpg 1688w\" sizes=\"(max-width: 980px) 100vw, 980px\" \/><\/p>\n<p><img decoding=\"async\" src=\"https:\/\/kaffee-bongusta.de\/shop\/wp-content\/uploads\/2019\/12\/DS-LOGO_PRINT-1024x224.jpg\" width=\"400\" \/><\/p>\n<p>Gewinner beim Diamond Spirits Award <a class=\"button\" href=\"https:\/\/kaffee-bongusta.de\/shop\/blog\/goldgewinner-diamons-spirits-award-goldmedaille-seven-black-espressolikoer\/\">Preisverleihung: GOLD<\/a><\/p>\n<h2>Cocktail Rezepte<\/h2>\n<p>Cocktail Rezepte hier zum <a href=\"https:\/\/www.7black.de\/7black-cocktails.pdf\" target=\"_blank\" rel=\"noopener noreferrer\">Download<\/a><br \/>\n<a href=\"https:\/\/www.7black.de\/7black-cocktails.pdf\" target=\"_blank\" rel=\"noopener noreferrer\"><img decoding=\"async\" class=\"alignnone size-medium wp-image-2606\" src=\"https:\/\/kaffee-bongusta.de\/shop\/wp-content\/uploads\/2019\/05\/7Black-Cocktailkarte-Bild-300x258.png\" alt=\"\" width=\"300\" height=\"258\" srcset=\"https:\/\/kaffee-bongusta.de\/shop\/wp-content\/uploads\/2019\/05\/7Black-Cocktailkarte-Bild-300x258.png 300w, https:\/\/kaffee-bongusta.de\/shop\/wp-content\/uploads\/2019\/05\/7Black-Cocktailkarte-Bild-416x358.png 416w, https:\/\/kaffee-bongusta.de\/shop\/wp-content\/uploads\/2019\/05\/7Black-Cocktailkarte-Bild-768x662.png 768w, https:\/\/kaffee-bongusta.de\/shop\/wp-content\/uploads\/2019\/05\/7Black-Cocktailkarte-Bild-1024x882.png 1024w, https:\/\/kaffee-bongusta.de\/shop\/wp-content\/uploads\/2019\/05\/7Black-Cocktailkarte-Bild.png 1221w\" sizes=\"(max-width: 300px) 100vw, 300px\" \/><\/a><\/p>\n<p>Jugendschutz:<br \/>\nAbgabe nur an Personen, die das 18. Lebensjahr vollendet haben. Mit Ihrer Bestellung dieses Artikels best\u00e4tigen Sie im Checkout ausdr\u00fccklich, dass Sie das 18. Lebensjahr vollendet haben.<\/p>\n<p><a class=\"button\" href=\"https:\/\/kaffee-bongusta.de\/shop\/regionaler-kaffee-kaffeesortiment-fur-haendler-wiederverkaufer-gastronomie-ausschank\/\">H\u00e4ndleranfragen<\/a><\/p>\n","protected":false},"excerpt":{"rendered":"<p>Art Edition eines Goldgewinners \u00b7 curated by Tom Roger<\/p>\n<p>\u00dcberzeugend vollmundig, gen\u00fcsslich, kr\u00e4ftig und sanft zugleich ist dieser kontrastreiche Espressolik\u00f6r, der aus unseren Seven Black\u00ae Espressobohnen hergestellt wird. \u00ad\u00adEinfach lecker \u2013 mit feinherber S\u00fc\u00dfe und voller Aromen, ebenso wie die Espressobohnen.<\/p>\n<hr \/>\n<h2>Ein Espressolik\u00f6r der Superlative<\/h2>\n<p><strong>Goldgewinner beim Diamond Spirits Award!<\/strong> Hochgenuss mit dem intensiv-w\u00fcrzigen Aroma und kr\u00e4ftigen Charakter des Seven Black\u00ae Espresso. Ideal als Shot, On the Rocks, gemixt in Cocktails\u00a0 der vollmundig in Tiramisu, auf Eiscreme und im Kaffee. Schmackhaft als Drink in Bars und Clubs.<\/p>\n","protected":false},"featured_media":7315,"template":"","meta":[],"product_brand":[],"product_cat":[109,124,127],"product_tag":[184,220],"class_list":{"0":"post-7309","1":"product","2":"type-product","3":"status-publish","4":"has-post-thumbnail","6":"product_cat-seven-black-coffee-7black","7":"product_cat-kaffee-bonn","8":"product_cat-spirituosen-braende-geiste-likoere","9":"product_tag-spirituosen-likoere-braende-bier-mit-espresso","10":"product_tag-kunstedition","11":"product_shipping_class-bis2kg","13":"first","14":"instock","15":"taxable","16":"shipping-taxable","17":"product-type-variable","18":"has-default-attributes"},"_links":{"self":[{"href":"https:\/\/kaffee-bongusta.de\/shop\/wp-json\/wp\/v2\/product\/7309","targetHints":{"allow":["GET"]}}],"collection":[{"href":"https:\/\/kaffee-bongusta.de\/shop\/wp-json\/wp\/v2\/product"}],"about":[{"href":"https:\/\/kaffee-bongusta.de\/shop\/wp-json\/wp\/v2\/types\/product"}],"wp:featuredmedia":[{"embeddable":true,"href":"https:\/\/kaffee-bongusta.de\/shop\/wp-json\/wp\/v2\/media\/7315"}],"wp:attachment":[{"href":"https:\/\/kaffee-bongusta.de\/shop\/wp-json\/wp\/v2\/media?parent=7309"}],"wp:term":[{"taxonomy":"product_brand","embeddable":true,"href":"https:\/\/kaffee-bongusta.de\/shop\/wp-json\/wp\/v2\/product_brand?post=7309"},{"taxonomy":"product_cat","embeddable":true,"href":"https:\/\/kaffee-bongusta.de\/shop\/wp-json\/wp\/v2\/product_cat?post=7309"},{"taxonomy":"product_tag","embeddable":true,"href":"https:\/\/kaffee-bongusta.de\/shop\/wp-json\/wp\/v2\/product_tag?post=7309"}],"curies":[{"name":"wp","href":"https:\/\/api.w.org\/{rel}","templated":true}]}}