{"id":7727,"date":"2020-07-23T07:02:26","date_gmt":"2020-07-23T06:02:26","guid":{"rendered":"https:\/\/www.kaffee-bongusta.de\/shop\/?post_type=product&#038;p=7727"},"modified":"2021-05-06T20:07:51","modified_gmt":"2021-05-06T19:07:51","slug":"kaffee-mobil-fuer-eure-veranstaltung","status":"publish","type":"product","link":"https:\/\/kaffee-bongusta.de\/shop\/kaffeesorten\/eigene-kaffeesorte-fuer-meine-firma-meine-region-mein-event\/kaffee-mobil-fuer-eure-veranstaltung\/","title":{"rendered":"Kaffee-Mobil f\u00fcr eure Veranstaltung"},"content":{"rendered":"","protected":false},"excerpt":{"rendered":"<p>Das Kaffee Siebengebirge-Mobil auf eurer Veranstaltung. Kaffee, Espresso, Latte Macchiato und viele weitere Kaffeespezialit\u00e4ten f\u00fcr euch und eure G\u00e4ste. Auf der gr\u00fcnen Wiese, auf dem Firmengel\u00e4nde oder in eurer Eventlocation.<br \/>\nMit Siebtr\u00e4germaschine an Bord und einem Barista, der\/die euch die leckersten Kaffeekreationen zaubert &#8211; aus unserem regionalem &#8222;Kaffee mit Herz&#8220;-Kaffee. unsere Sorten seht ihr unten.<\/p>\n[wpforms id=\"7732\" title=\"false\" description=\"false\"]\n","protected":false},"featured_media":7731,"template":"","meta":[],"product_brand":[],"product_cat":[119],"product_tag":[],"class_list":{"0":"post-7727","1":"product","2":"type-product","3":"status-publish","4":"has-post-thumbnail","6":"product_cat-eigene-kaffeesorte-fuer-meine-firma-meine-region-mein-event","8":"first","9":"instock","10":"product-type-external"},"_links":{"self":[{"href":"https:\/\/kaffee-bongusta.de\/shop\/wp-json\/wp\/v2\/product\/7727","targetHints":{"allow":["GET"]}}],"collection":[{"href":"https:\/\/kaffee-bongusta.de\/shop\/wp-json\/wp\/v2\/product"}],"about":[{"href":"https:\/\/kaffee-bongusta.de\/shop\/wp-json\/wp\/v2\/types\/product"}],"wp:featuredmedia":[{"embeddable":true,"href":"https:\/\/kaffee-bongusta.de\/shop\/wp-json\/wp\/v2\/media\/7731"}],"wp:attachment":[{"href":"https:\/\/kaffee-bongusta.de\/shop\/wp-json\/wp\/v2\/media?parent=7727"}],"wp:term":[{"taxonomy":"product_brand","embeddable":true,"href":"https:\/\/kaffee-bongusta.de\/shop\/wp-json\/wp\/v2\/product_brand?post=7727"},{"taxonomy":"product_cat","embeddable":true,"href":"https:\/\/kaffee-bongusta.de\/shop\/wp-json\/wp\/v2\/product_cat?post=7727"},{"taxonomy":"product_tag","embeddable":true,"href":"https:\/\/kaffee-bongusta.de\/shop\/wp-json\/wp\/v2\/product_tag?post=7727"}],"curies":[{"name":"wp","href":"https:\/\/api.w.org\/{rel}","templated":true}]}}