{"id":7796,"date":"2020-07-26T10:05:17","date_gmt":"2020-07-26T09:05:17","guid":{"rendered":"https:\/\/www.kaffee-bongusta.de\/shop\/?post_type=product&#038;p=7796"},"modified":"2021-01-01T17:58:46","modified_gmt":"2021-01-01T16:58:46","slug":"kaffee-7black-und-7cream","status":"publish","type":"product","link":"https:\/\/kaffee-bongusta.de\/shop\/kaffeesorten\/seven-black-coffee-7black\/kaffee-7black-und-7cream\/","title":{"rendered":"Kaffee 7Black und 7Cream"},"content":{"rendered":"<div class=\"vlp-link-container vlp-template-default \">\n\t<a href=\"https:\/\/kaffee-bongusta.de\/shop\/kaffeesorten\/seven-black-coffee-7black\/7black-espresso-sahnelikoer\/\" class=\"vlp-link\" title=\"Seven Black\u00ae Espresso Sahnelik\u00f6r\"><\/a>\t\t<div class=\"vlp-link-image-container\">\n\t\t<div class=\"vlp-link-image\">\n\t\t\t<img decoding=\"async\" style=\"max-width: 300px;\" width=\"300\" height=\"600\" src=\"https:\/\/kaffee-bongusta.de\/shop\/wp-content\/uploads\/2019\/01\/7Black-EspressoSahne-Lik\u00f6r05-300x600.jpg\" class=\"attachment-medium size-medium\" alt=\"\" srcset=\"https:\/\/kaffee-bongusta.de\/shop\/wp-content\/uploads\/2019\/01\/7Black-EspressoSahne-Lik\u00f6r05-300x600.jpg 300w, https:\/\/kaffee-bongusta.de\/shop\/wp-content\/uploads\/2019\/01\/7Black-EspressoSahne-Lik\u00f6r05-324x648.jpg 324w, https:\/\/kaffee-bongusta.de\/shop\/wp-content\/uploads\/2019\/01\/7Black-EspressoSahne-Lik\u00f6r05-416x832.jpg 416w, https:\/\/kaffee-bongusta.de\/shop\/wp-content\/uploads\/2019\/01\/7Black-EspressoSahne-Lik\u00f6r05-150x300.jpg 150w, https:\/\/kaffee-bongusta.de\/shop\/wp-content\/uploads\/2019\/01\/7Black-EspressoSahne-Lik\u00f6r05.jpg 500w\" sizes=\"(max-width: 300px) 100vw, 300px\" \/>\t\t<\/div>\n\t<\/div>\n\t\t<div class=\"vlp-link-text-container\">\n\t\t\t\t<div class=\"vlp-link-title\">\n\t\t\tSeven Black\u00ae Espresso Sahnelik\u00f6r\t\t<\/div>\n\t\t\t\t\t\t<div class=\"vlp-link-summary\">\n\t\t\tKr\u00e4ftig, lecker und gen\u00fcsslich ist dieser aus unseren Seven Black\u00ae Espressobohnen hergestellte Espresso-Sahnelik\u00f6r. \u00ad\u00adKr\u00e4ftig und sanft zugleich und voller Aromen wie die Seven Black\u00ae Espressobohnen mit einem Schuss verfeinernde Sahne.<br \/>\r\n<br \/>\r\n<hr \/><br \/>\r\n<br \/>\r\n<h2>Ein Espresso-Sahnelik\u00f6r der Superlative<\/h2><br \/>\r\n<strong>Goldgewinner beim Diamond Spirits Award!<\/strong> Hochgenuss mit dem intensiv-w\u00fcrzigen Aroma\u00a0 des Seven Black\u00ae Espresso mit\u00a0 einer sahnigen S\u00fc\u00dfe und kr\u00e4ftigem Charakter. Ideal als Shot, On the Rocks, gemixt in Cocktails oder vollmundig in Tiramisu, auf Eiscreme und in Kaffee. Schmackhaft als Drink in Bars und Clubs sowie zum Verfeinern von Kuchen und Torten-Rezepten. Auch als <a href=\"https:\/\/www.kaffee-bongusta.de\/shop\/kaffeesorten\/seven-black-coffee-7black\/seven-black-espresso-likoer\/\"><u>schwarze Variante ohne Sahne<\/u><\/a>\u00a0lieferbar. Im\u00a0<a href=\"https:\/\/www.kaffee-bongusta.de\/shop\/kaffeesorten\/seven-black-coffee-7black\/seven-black-espresso-sahnelikoer-im-abonnement\/\"><u>Abo<\/u><\/a>\u00a0g\u00fcnstiger.\t\t<\/div>\n\t\t\t<\/div>\n<\/div>\n\n<p>&nbsp;<\/p>\n<div class=\"vlp-link-container vlp-template-default \">\n\t<a href=\"https:\/\/kaffee-bongusta.de\/shop\/kaffeesorten\/seven-black-coffee-7black\/seven-black-espresso-likoer\/\" class=\"vlp-link\" title=\"Seven Black\u00ae Espresso Lik\u00f6r\"><\/a>\t\t<div class=\"vlp-link-image-container\">\n\t\t<div class=\"vlp-link-image\">\n\t\t\t<img decoding=\"async\" style=\"max-width: 300px;\" width=\"300\" height=\"600\" src=\"https:\/\/kaffee-bongusta.de\/shop\/wp-content\/uploads\/2019\/01\/7Black-Espresso-Lik\u00f6r05-2-300x600.jpg\" class=\"attachment-medium size-medium\" alt=\"\" srcset=\"https:\/\/kaffee-bongusta.de\/shop\/wp-content\/uploads\/2019\/01\/7Black-Espresso-Lik\u00f6r05-2-300x600.jpg 300w, https:\/\/kaffee-bongusta.de\/shop\/wp-content\/uploads\/2019\/01\/7Black-Espresso-Lik\u00f6r05-2-324x648.jpg 324w, https:\/\/kaffee-bongusta.de\/shop\/wp-content\/uploads\/2019\/01\/7Black-Espresso-Lik\u00f6r05-2-416x832.jpg 416w, https:\/\/kaffee-bongusta.de\/shop\/wp-content\/uploads\/2019\/01\/7Black-Espresso-Lik\u00f6r05-2-150x300.jpg 150w, https:\/\/kaffee-bongusta.de\/shop\/wp-content\/uploads\/2019\/01\/7Black-Espresso-Lik\u00f6r05-2.jpg 500w\" sizes=\"(max-width: 300px) 100vw, 300px\" \/>\t\t<\/div>\n\t<\/div>\n\t\t<div class=\"vlp-link-text-container\">\n\t\t\t\t<div class=\"vlp-link-title\">\n\t\t\tSeven Black\u00ae Espresso Lik\u00f6r\t\t<\/div>\n\t\t\t\t\t\t<div class=\"vlp-link-summary\">\n\t\t\t\u00dcberzeugend vollmundig, gen\u00fcsslich, kr\u00e4ftig und sanft zugleich ist dieser kontrastreiche Espressolik\u00f6r, der aus unseren Seven Black\u00ae Espressobohnen hergestellt wird. \u00ad\u00adEinfach lecker \u2013 mit feinherber S\u00fc\u00dfe und voller Aromen, ebenso wie die Espressobohnen.<br \/>\r\n<br \/>\r\n<hr \/><br \/>\r\n<br \/>\r\n<h2>Ein Espressolik\u00f6r der Superlative<\/h2><br \/>\r\n<strong>Goldgewinner beim Diamond Spirits Award!<\/strong> Hochgenuss mit dem intensiv-w\u00fcrzigen Aroma und kr\u00e4ftigen Charakter des Seven Black\u00ae Espresso. Ideal als Shot, On the Rocks, gemixt in Cocktails oder vollmundig in Tiramisu, auf Eiscreme und im Kaffee. Schmackhaft als Drink in Bars und Clubs sowie zum Verfeinern von Kuchen und Torten-Rezepten. Auch als <a href=\"https:\/\/www.kaffee-bongusta.de\/shop\/kaffeesorten\/seven-black-coffee-7black\/7black-espresso-sahnelikoer\/\"><u>Cream-Variante<\/u><\/a> lieferbar. Im <a href=\"https:\/\/www.kaffee-bongusta.de\/shop\/kaffeesorten\/seven-black-coffee-7black\/seven-black-espressolikoer-im-abonnement\/\"><u>Abo<\/u><\/a> g\u00fcnstiger.\t\t<\/div>\n\t\t\t<\/div>\n<\/div>\n\n","protected":false},"excerpt":{"rendered":"<h2>Kaffee mit Seven Black\u00ae Lik\u00f6r<\/h2>\n[visual-link-preview encoded=\"eyJ0eXBlIjoiaW50ZXJuYWwiLCJwb3N0Ijo3ODAzLCJwb3N0X2xhYmVsIjoiQmVpdHJhZyA3ODAzIC0gS2FmZmVlIDdCbGFjayB1bmQgN0NyZWFtIFp1YmVyZWl0dW5nIiwidXJsIjoiIiwiaW1hZ2VfaWQiOjAsImltYWdlX3VybCI6IiIsInRpdGxlIjoiS2FmZmVlIDdCbGFjayB1bmQgN0NyZWFtIFp1YmVyZWl0dW5nIiwic3VtbWFyeSI6IkthZmZlZSBtaXQgU2NodXNzIERpZXNlbiBLYWZmZWV6dWJlcmVpdHVuZyB3ZXJkZXQgaWhyIGxpZWJlbiEgWmVpdCBmw7xyIEthZmZlZSwgRW50c3Bhbm51bmcgdW5kIGVpbiBiaXNzY2hlbiBHYXMgZ2ViZW4gbWl0IGRpZXNlciBiZXNvbmRlcmVuIEthZmZlZXZhcmlhbnRlLiBLYWZmZWUgbWl0IFNjaHVzcy4gdW5kIGRhZsO8ciBoYWJlbiB3aXIgZGllc2VzIFJlemVwdCBmw7xyIGV1Y2guIEthZmZlZSA3QmxhY2sgdW5kIDdDcmVhbS4gRWluZmFjaCB6dWJlcmVpdGV0IHVuZCBzY2htZWNrdCB2b3J6w7xnbGljaC4gV2VsY2hlciBLYWZmZWV0eXAgYmlzdCBkdSwgQmxhY2sgb2RlciBDcmVhbT8gWnViZXJlaXR1bmcgS2FmZmVlIFNob3QgU2V2ZW4gQmxhY2vCriBFc3ByZXNzb2xpa8O2ciBDcmVhbSBbJmhlbGxpcDtdIiwidGVtcGxhdGUiOiJ1c2VfZGVmYXVsdF9mcm9tX3NldHRpbmdzIn0=\"]\n<p>Kaffee 7Black und 7Cream <a class=\"button\" href=\"https:\/\/kaffee-bongusta.de\/shop\/blog\/kaffee-7black-und-7cream-zubereitung\/\">Zubereitung<\/a><\/p>\n","protected":false},"featured_media":7797,"template":"","meta":[],"product_brand":[],"product_cat":[109,127],"product_tag":[184],"class_list":{"0":"post-7796","1":"product","2":"type-product","3":"status-publish","4":"has-post-thumbnail","6":"product_cat-seven-black-coffee-7black","7":"product_cat-spirituosen-braende-geiste-likoere","8":"product_tag-spirituosen-likoere-braende-bier-mit-espresso","10":"first","11":"instock","12":"virtual","13":"taxable","14":"product-type-simple"},"_links":{"self":[{"href":"https:\/\/kaffee-bongusta.de\/shop\/wp-json\/wp\/v2\/product\/7796","targetHints":{"allow":["GET"]}}],"collection":[{"href":"https:\/\/kaffee-bongusta.de\/shop\/wp-json\/wp\/v2\/product"}],"about":[{"href":"https:\/\/kaffee-bongusta.de\/shop\/wp-json\/wp\/v2\/types\/product"}],"wp:featuredmedia":[{"embeddable":true,"href":"https:\/\/kaffee-bongusta.de\/shop\/wp-json\/wp\/v2\/media\/7797"}],"wp:attachment":[{"href":"https:\/\/kaffee-bongusta.de\/shop\/wp-json\/wp\/v2\/media?parent=7796"}],"wp:term":[{"taxonomy":"product_brand","embeddable":true,"href":"https:\/\/kaffee-bongusta.de\/shop\/wp-json\/wp\/v2\/product_brand?post=7796"},{"taxonomy":"product_cat","embeddable":true,"href":"https:\/\/kaffee-bongusta.de\/shop\/wp-json\/wp\/v2\/product_cat?post=7796"},{"taxonomy":"product_tag","embeddable":true,"href":"https:\/\/kaffee-bongusta.de\/shop\/wp-json\/wp\/v2\/product_tag?post=7796"}],"curies":[{"name":"wp","href":"https:\/\/api.w.org\/{rel}","templated":true}]}}