{"id":7971,"date":"2020-09-20T09:58:09","date_gmt":"2020-09-20T08:58:09","guid":{"rendered":"https:\/\/www.kaffee-bongusta.de\/shop\/?post_type=product&#038;p=7971"},"modified":"2021-12-31T14:49:32","modified_gmt":"2021-12-31T13:49:32","slug":"kaffee-mit-herz","status":"publish","type":"product","link":"https:\/\/kaffee-bongusta.de\/shop\/kaffeesorten\/ausgefallene-kaffeethemen\/kaffee-mit-herz\/","title":{"rendered":"Kaffee mit Herz"},"content":{"rendered":"","protected":false},"excerpt":{"rendered":"<h2>Leckeren Kaffee genie\u00dfen und damit auch Gutes tun f\u00fcr deine Region.<\/h2>\n<p>Jede Sorte und R\u00f6stung ist einzigartig und die Herkunft der Rohbohnen steht im Zusammenhang mit der Region oder der Stadt, f\u00fcr die der Kaffee angeboten wird. Mit dem Kauf der Kaffee-mit-Herz-Regionalkaffees geht eine feste Geldspende f\u00fcr Naturschutz oder\/und soziale Projekte in die jeweilige Region bzw. Stadt. Also genie\u00dft die besondere Kaffeerarit\u00e4t der Region und tut damit auch noch Gutes.<\/p>\n<p><img decoding=\"async\" class=\"size-full wp-image-3762 alignnone\" src=\"https:\/\/kaffee-bongusta.de\/shop\/wp-content\/uploads\/2019\/01\/Kaffeezubereitung-Filterkaffee.png\" alt=\"\" width=\"170\" height=\"49\" \/>Filterkaffeer\u00f6stung geeignet f\u00fcr Handfilter, Stempelkanne, Filtermaschinen, aufgebr\u00fcht<\/p>\n<p><img decoding=\"async\" class=\"size-full wp-image-3767 alignnone\" src=\"https:\/\/kaffee-bongusta.de\/shop\/wp-content\/uploads\/2019\/01\/Kaffeezubereitung-Espresso.png\" alt=\"\" width=\"182\" height=\"49\" \/>Dunkele R\u00f6stung \/ Espressor\u00f6stung geeignet f\u00fcr Kaffee, Espresso, Caf\u00e9 Cr\u00e8me, Caf\u00e9 Long, Americano, Cappuccino, Latte Macchiato uvm. Zubereitung via Kaffee-Vollautomaten, Siebtr\u00e4ger oder Bialetti<\/p>\n","protected":false},"featured_media":7993,"template":"","meta":[],"product_brand":[],"product_cat":[121],"product_tag":[216],"class_list":{"0":"post-7971","1":"product","2":"type-product","3":"status-publish","4":"has-post-thumbnail","6":"product_cat-ausgefallene-kaffeethemen","7":"product_tag-kaffee","9":"first","10":"instock","11":"taxable","12":"shipping-taxable","13":"purchasable","14":"product-type-variable","15":"has-default-attributes"},"_links":{"self":[{"href":"https:\/\/kaffee-bongusta.de\/shop\/wp-json\/wp\/v2\/product\/7971","targetHints":{"allow":["GET"]}}],"collection":[{"href":"https:\/\/kaffee-bongusta.de\/shop\/wp-json\/wp\/v2\/product"}],"about":[{"href":"https:\/\/kaffee-bongusta.de\/shop\/wp-json\/wp\/v2\/types\/product"}],"wp:featuredmedia":[{"embeddable":true,"href":"https:\/\/kaffee-bongusta.de\/shop\/wp-json\/wp\/v2\/media\/7993"}],"wp:attachment":[{"href":"https:\/\/kaffee-bongusta.de\/shop\/wp-json\/wp\/v2\/media?parent=7971"}],"wp:term":[{"taxonomy":"product_brand","embeddable":true,"href":"https:\/\/kaffee-bongusta.de\/shop\/wp-json\/wp\/v2\/product_brand?post=7971"},{"taxonomy":"product_cat","embeddable":true,"href":"https:\/\/kaffee-bongusta.de\/shop\/wp-json\/wp\/v2\/product_cat?post=7971"},{"taxonomy":"product_tag","embeddable":true,"href":"https:\/\/kaffee-bongusta.de\/shop\/wp-json\/wp\/v2\/product_tag?post=7971"}],"curies":[{"name":"wp","href":"https:\/\/api.w.org\/{rel}","templated":true}]}}