{"id":9206,"date":"2021-04-22T10:03:36","date_gmt":"2021-04-22T09:03:36","guid":{"rendered":"https:\/\/www.kaffee-bongusta.de\/shop\/?post_type=product&#038;p=9206"},"modified":"2024-03-02T07:58:28","modified_gmt":"2024-03-02T06:58:28","slug":"kaffee-bongusta-bestellen","status":"publish","type":"product","link":"https:\/\/kaffee-bongusta.de\/shop\/kaffeesorten\/coffee-bongusta\/kaffee-bongusta-bestellen\/","title":{"rendered":"Kaffee Bongusta"},"content":{"rendered":"<h2>Nachhaltiger nat\u00fcrlicher Anbau, fair direkt gehandelt<\/h2>\n<p>Dieser nachhaltig angebaute Rohkaffee wird direkt fair bei Kaffeebauern im Kaffeeg\u00fcrtel-Hochland rund um den Globus bezogen. Wir r\u00f6sten im schonenden Trommelr\u00f6stverfahren und erschaffen so eine besondere Kaffeerarit\u00e4t. Wir r\u00f6sten eine helle 100% Arabica Filterkaffeer\u00f6stung und eine dunkle Espressor\u00f6stung.<\/p>\n<p><strong>Die dunkle R\u00f6stung \/ Espressor\u00f6stung<\/strong> ist geeignet f\u00fcr Kaffee, Espresso, Caf\u00e9 Cr\u00e8me, Caf\u00e9 Long, Americano, Cappuccino, Latte Macchiato uvm. Zubereitung via Kaffee-Vollautomaten, Siebtr\u00e4ger oder Bialetti\u2026<br \/>\n<strong>Die helle R\u00f6stung \/ Filterkaffeer\u00f6stung<\/strong> ist geeignet f\u00fcr Handfilter, Stempelkanne, Filtermaschinen, aufgebr\u00fcht\u2026\u00a0<u><\/u><\/p>\n<p><img decoding=\"async\" class=\"size-full wp-image-3764 alignnone\" src=\"https:\/\/kaffee-bongusta.de\/shop\/wp-content\/uploads\/2019\/01\/medaillen-fair-treatment-kaffee-mit-herz.png\" alt=\"\" width=\"627\" height=\"131\" srcset=\"https:\/\/kaffee-bongusta.de\/shop\/wp-content\/uploads\/2019\/01\/medaillen-fair-treatment-kaffee-mit-herz.png 627w, https:\/\/kaffee-bongusta.de\/shop\/wp-content\/uploads\/2019\/01\/medaillen-fair-treatment-kaffee-mit-herz-416x87.png 416w, https:\/\/kaffee-bongusta.de\/shop\/wp-content\/uploads\/2019\/01\/medaillen-fair-treatment-kaffee-mit-herz-300x63.png 300w\" sizes=\"(max-width: 627px) 100vw, 627px\" \/><br \/>\n<i class=\"glyphicon fa-check-circle fas\"><\/i> Rohbohnen ausgew\u00e4hlter Hochland-Anbaugebiete entlang des Kaffeeg\u00fcrtels<br \/>\n<i class=\"glyphicon fa-check-circle fas\"><\/i> Angebaut nach nat\u00fcrlichen und nachhaltigen Gesichtspunkten f\u00fcr Mitarbeiter, Umwelt und Pflanzen<br \/>\n<i class=\"glyphicon fa-check-circle fas\"><\/i> Fair direkt gehandelt zwischen Ursprung und Importeur\/R\u00f6sterei<br \/>\n<i class=\"glyphicon fa-check-circle fas\"><\/i> Schonende Trommelr\u00f6stung<br \/>\n<i class=\"glyphicon fa-check-circle fas\"><\/i> Schaffung besonderer Kaffeerarit\u00e4ten<\/p>\n<h2>Kaffee mit Herz-Spendenkonzept<\/h2>\n<h3>Mit eurer Bestellung k\u00f6nnen wir weiter helfen. Danke!<\/h3>\n<p><img decoding=\"async\" class=\"alignleft size-full wp-image-8758\" src=\"https:\/\/kaffee-bongusta.de\/shop\/wp-content\/uploads\/Kaffee-mit-Herz-Siegel.png\" alt=\"\" width=\"172\" height=\"172\" srcset=\"https:\/\/kaffee-bongusta.de\/shop\/wp-content\/uploads\/Kaffee-mit-Herz-Siegel.png 172w, https:\/\/kaffee-bongusta.de\/shop\/wp-content\/uploads\/Kaffee-mit-Herz-Siegel-100x100.png 100w\" sizes=\"(max-width: 172px) 100vw, 172px\" \/>Der Kaffee schmeckt nicht nur sehr gut, sondern mit jeder getrunkenen Tasse wird auch Gutes getan. Mit dem Kauf geht eine Spende f\u00fcr gute Zwecke an ausgew\u00e4hlte Organisationen. F\u00fcr dich wird es dadurch nicht teurer, wir machen das sowieso&#8230; mehr \u00fcber <a href=\"https:\/\/kaffee-bongusta.de\/shop\/kaffee-mit-herz-spenden-projekte\/\">Kaffee-mit-Herz<\/a><\/p>\n","protected":false},"excerpt":{"rendered":"<h2>Leckerer Kaffee im B\u00fcro und Zuhause<\/h2>\n<p><img decoding=\"async\" class=\"size-full wp-image-3762 alignleft\" src=\"https:\/\/kaffee-bongusta.de\/shop\/wp-content\/uploads\/2019\/01\/Kaffeezubereitung-Filterkaffee.png\" alt=\"\" width=\"170\" height=\"49\" \/> <img decoding=\"async\" class=\"size-full wp-image-3767 alignnone\" src=\"https:\/\/kaffee-bongusta.de\/shop\/wp-content\/uploads\/2019\/01\/Kaffeezubereitung-Espresso.png\" alt=\"\" width=\"182\" height=\"49\" \/><\/p>\n<p>Kaffee Bongusta hat einen samtig, harmonischen Geschmack und verf\u00fcgt \u00fcber einen ausgepr\u00e4gten K\u00f6rper. W\u00e4hlt aus, wie kr\u00e4ftig ihr Kaffee Bongusta wollt: Wir r\u00f6sten eine ausgewogene und eine kr\u00e4ftige Mischung.<\/p>\n<p>Vorzugspreis bei Mindestbestellmenge 3 Packungen<\/p>\n","protected":false},"featured_media":11050,"template":"","meta":[],"product_brand":[],"product_cat":[251,226],"product_tag":[218,219,11,247,175,216,217],"class_list":{"0":"post-9206","1":"product","2":"type-product","3":"status-publish","4":"has-post-thumbnail","6":"product_cat-coffee-bongusta","7":"product_cat-kaffee-mit-herz","8":"product_tag-creme","9":"product_tag-cappuccino-oder-latte","10":"product_tag-kaffee-bongusta","11":"product_tag-dunkle-roestungen-fuer-espresso","12":"product_tag-filterkaffee","13":"product_tag-kaffee","14":"product_tag-espressoroestungen-fuer-kaffee","16":"first","17":"instock","18":"taxable","19":"shipping-taxable","20":"purchasable","21":"product-type-variable","22":"has-default-attributes"},"_links":{"self":[{"href":"https:\/\/kaffee-bongusta.de\/shop\/wp-json\/wp\/v2\/product\/9206","targetHints":{"allow":["GET"]}}],"collection":[{"href":"https:\/\/kaffee-bongusta.de\/shop\/wp-json\/wp\/v2\/product"}],"about":[{"href":"https:\/\/kaffee-bongusta.de\/shop\/wp-json\/wp\/v2\/types\/product"}],"wp:featuredmedia":[{"embeddable":true,"href":"https:\/\/kaffee-bongusta.de\/shop\/wp-json\/wp\/v2\/media\/11050"}],"wp:attachment":[{"href":"https:\/\/kaffee-bongusta.de\/shop\/wp-json\/wp\/v2\/media?parent=9206"}],"wp:term":[{"taxonomy":"product_brand","embeddable":true,"href":"https:\/\/kaffee-bongusta.de\/shop\/wp-json\/wp\/v2\/product_brand?post=9206"},{"taxonomy":"product_cat","embeddable":true,"href":"https:\/\/kaffee-bongusta.de\/shop\/wp-json\/wp\/v2\/product_cat?post=9206"},{"taxonomy":"product_tag","embeddable":true,"href":"https:\/\/kaffee-bongusta.de\/shop\/wp-json\/wp\/v2\/product_tag?post=9206"}],"curies":[{"name":"wp","href":"https:\/\/api.w.org\/{rel}","templated":true}]}}