{"id":9337,"date":"2021-05-16T13:55:06","date_gmt":"2021-05-16T12:55:06","guid":{"rendered":"https:\/\/www.kaffee-bongusta.de\/shop\/?post_type=product&#038;p=9337"},"modified":"2021-05-19T10:40:16","modified_gmt":"2021-05-19T09:40:16","slug":"kaffee-bongusta-mit-logo","status":"publish","type":"product","link":"https:\/\/kaffee-bongusta.de\/shop\/kaffeesorten\/regionale-geschenke-geschenkesets\/kaffee-bongusta-mit-logo\/","title":{"rendered":"Kaffee Bongusta mit Logo"},"content":{"rendered":"<h2>Nachhaltiger nat\u00fcrlicher Anbau, fair direkt gehandelt<\/h2>\n<p>Dieser nachhaltig angebaute Rohkaffee wird direkt fair bei Kaffeebauern im Kaffeeg\u00fcrtel-Hochland rund um den Globus bezogen. Wir r\u00f6sten im schonenden Trommelr\u00f6stverfahren und erschaffen so eine besondere Kaffeerarit\u00e4t. Wir r\u00f6sten eine helle 100% Arabica Filterkaffeer\u00f6stung und eine dunkle Espressor\u00f6stung.<\/p>\n<p><strong>Die dunkle R\u00f6stung \/ Espressor\u00f6stung<\/strong> ist geeignet f\u00fcr Kaffee, Espresso, Caf\u00e9 Cr\u00e8me, Caf\u00e9 Long, Americano, Cappuccino, Latte Macchiato uvm. Zubereitung via Kaffee-Vollautomaten, Siebtr\u00e4ger oder Bialetti\u2026<br \/>\n<strong>Die helle R\u00f6stung \/ Filterkaffeer\u00f6stung<\/strong> ist geeignet f\u00fcr Handfilter, Stempelkanne, Filtermaschinen, aufgebr\u00fcht\u2026\u00a0<u><\/u><\/p>\n<p><img decoding=\"async\" class=\"size-full wp-image-3764 alignnone\" src=\"https:\/\/kaffee-bongusta.de\/shop\/wp-content\/uploads\/2019\/01\/medaillen-fair-treatment-kaffee-mit-herz.png\" alt=\"\" width=\"627\" height=\"131\" srcset=\"https:\/\/kaffee-bongusta.de\/shop\/wp-content\/uploads\/2019\/01\/medaillen-fair-treatment-kaffee-mit-herz.png 627w, https:\/\/kaffee-bongusta.de\/shop\/wp-content\/uploads\/2019\/01\/medaillen-fair-treatment-kaffee-mit-herz-416x87.png 416w, https:\/\/kaffee-bongusta.de\/shop\/wp-content\/uploads\/2019\/01\/medaillen-fair-treatment-kaffee-mit-herz-300x63.png 300w\" sizes=\"(max-width: 627px) 100vw, 627px\" \/><br \/>\n<i class=\"glyphicon fa-check-circle fas\"><\/i> Rohbohnen ausgew\u00e4hlter Hochland-Anbaugebiete entlang des Kaffeeg\u00fcrtels<br \/>\n<i class=\"glyphicon fa-check-circle fas\"><\/i> Angebaut nach nat\u00fcrlichen und nachhaltigen Gesichtspunkten f\u00fcr Mitarbeiter, Umwelt und Pflanzen<br \/>\n<i class=\"glyphicon fa-check-circle fas\"><\/i> Fair direkt gehandelt zwischen Ursprung und Importeur\/R\u00f6sterei<br \/>\n<i class=\"glyphicon fa-check-circle fas\"><\/i> Schonende Trommelr\u00f6stung<br \/>\n<i class=\"glyphicon fa-check-circle fas\"><\/i> Schaffung besonderer Kaffeerarit\u00e4ten<\/p>\n<p>&nbsp;<\/p>\n","protected":false},"excerpt":{"rendered":"<p><img decoding=\"async\" class=\"size-full wp-image-3762 alignleft\" src=\"https:\/\/kaffee-bongusta.de\/shop\/wp-content\/uploads\/2019\/01\/Kaffeezubereitung-Filterkaffee.png\" alt=\"\" width=\"170\" height=\"49\" \/> <img decoding=\"async\" class=\"size-full wp-image-3767 alignnone\" src=\"https:\/\/kaffee-bongusta.de\/shop\/wp-content\/uploads\/2019\/01\/Kaffeezubereitung-Espresso.png\" alt=\"\" width=\"182\" height=\"49\" \/><\/p>\n<p>Kaffee Bongusta hat einen samtig, harmonischen Geschmack und verf\u00fcgt \u00fcber einen ausgepr\u00e4gten K\u00f6rper.<\/p>\n<p>Mit Logo Mindestbestellmenge 50 Packungen<\/p>\n","protected":false},"featured_media":9340,"template":"","meta":[],"product_brand":[],"product_cat":[196],"product_tag":[249],"class_list":{"0":"post-9337","1":"product","2":"type-product","3":"status-publish","4":"has-post-thumbnail","6":"product_cat-regionale-geschenke-geschenkesets","7":"product_tag-firmenpraesente","9":"first","10":"instock","11":"taxable","12":"shipping-taxable","13":"purchasable","14":"product-type-variable","15":"has-default-attributes"},"_links":{"self":[{"href":"https:\/\/kaffee-bongusta.de\/shop\/wp-json\/wp\/v2\/product\/9337","targetHints":{"allow":["GET"]}}],"collection":[{"href":"https:\/\/kaffee-bongusta.de\/shop\/wp-json\/wp\/v2\/product"}],"about":[{"href":"https:\/\/kaffee-bongusta.de\/shop\/wp-json\/wp\/v2\/types\/product"}],"wp:featuredmedia":[{"embeddable":true,"href":"https:\/\/kaffee-bongusta.de\/shop\/wp-json\/wp\/v2\/media\/9340"}],"wp:attachment":[{"href":"https:\/\/kaffee-bongusta.de\/shop\/wp-json\/wp\/v2\/media?parent=9337"}],"wp:term":[{"taxonomy":"product_brand","embeddable":true,"href":"https:\/\/kaffee-bongusta.de\/shop\/wp-json\/wp\/v2\/product_brand?post=9337"},{"taxonomy":"product_cat","embeddable":true,"href":"https:\/\/kaffee-bongusta.de\/shop\/wp-json\/wp\/v2\/product_cat?post=9337"},{"taxonomy":"product_tag","embeddable":true,"href":"https:\/\/kaffee-bongusta.de\/shop\/wp-json\/wp\/v2\/product_tag?post=9337"}],"curies":[{"name":"wp","href":"https:\/\/api.w.org\/{rel}","templated":true}]}}