{"id":9829,"date":"2021-06-08T13:46:04","date_gmt":"2021-06-08T12:46:04","guid":{"rendered":"https:\/\/www.kaffee-bongusta.de\/shop\/?post_type=product&#038;p=9829"},"modified":"2025-10-22T07:28:24","modified_gmt":"2025-10-22T06:28:24","slug":"kaffee-power-brain-flow-bestellen","status":"publish","type":"product","link":"https:\/\/kaffee-bongusta.de\/shop\/kaffeesorten\/coffee-bongusta\/kaffee-power-brain-flow-bestellen\/","title":{"rendered":"Coffee Power"},"content":{"rendered":"<div class=\"page-template-template-fullwidth rand\">\n<p>Studien belegen unterst\u00fctzende Wirkung verschiedener k\u00f6rperlichen Bereiche.<br \/>\nAuf Basis von Nachhaltigkeit und direkt-fairem Handel entscheiden die richtige Zusammensetzung von Rohbohnen mit verschiedenem Koffeingehalt und eine schonende Trommelr\u00f6stung um wertvolle Inhaltsstoffe zu erhalten.<\/p>\n<h1>Volle Kraft mit <strong><span class=\"nobreak\">COFFEE\u2009<span class=\"red outline\">X<\/span>\u2009POWER<\/span><\/strong><\/h1>\n<h4><i class=\"fa fa-star red\"><\/i><i class=\"fa fa-star red\"><\/i><i class=\"fa fa-star red\"><\/i> Erh\u00f6hter Robustaanteil f\u00fcr h\u00f6heren Koffeingehalt<br \/>\n<i class=\"fa fa-star red\"><\/i><i class=\"fa fa-star red\"><\/i><i class=\"fa fa-star red\"><\/i> Dunkle R\u00f6stung f\u00fcr kr\u00e4ftigen Kaffeecharakter<\/h4>\n<div class=\"wp-block-image\">\n<figure class=\"aligncenter\"><img decoding=\"async\" class=\"wp-image-94--58\" src=\"https:\/\/kaffee-bongusta.de\/shop\/wp-content\/uploads\/coffee-power-verpackung.png\" alt=\"\" width=\"1064\" height=\"362\" \/><img decoding=\"async\" class=\"wp-image-9601 aligncenter\" src=\"https:\/\/kaffee-bongusta.de\/shop\/wp-content\/uploads\/Coffee-Power-Ruecken-Schultern.jpg\" alt=\"\" \/><\/figure>\n<\/div>\n<p>&nbsp;<\/p>\n<p><small>*Studien: \u201eKoffein und Trainingsleistung\u201c Koffein verbessert k\u00f6rperliche Belastbarkeit und Trainingsleistung DOI: 10.1186\/s12970-020-00383-4; Steigerung von Kreativit\u00e4t, Orientierung, Konzentration, Ged\u00e4chtnis, Sprache und erh\u00f6hte Entropie im Gehirn DOI: 10.1007\/s00394-020-02415-w und 10.1038\/s41598-018-21008-6<\/small><\/p>\n<\/div>\n","protected":false},"excerpt":{"rendered":"<h1>Volle Kraft mit <strong><span class=\"nobreak\">COFFEE\u2009<span class=\"red outline\">X<\/span>\u2009POWER<\/span><\/strong><\/h1>\n<p><!-- \/wp:heading --><\/p>\n<h4><i class=\"fa fa-star red\"><\/i><i class=\"fa fa-star red\"><\/i><i class=\"fa fa-star red\"><\/i> Erh\u00f6hter Robustaanteil f\u00fcr h\u00f6heren Koffeingehalt<br \/>\n<i class=\"fa fa-star red\"><\/i><i class=\"fa fa-star red\"><\/i><i class=\"fa fa-star red\"><\/i> Dunkle R\u00f6stung f\u00fcr kr\u00e4ftigen Kaffeecharakter<\/h4>\n<p><i class=\"glyphicon fa-check-circle fas\"><\/i> Rohbohnen ausgew\u00e4hlter Hochland-Anbaugebiete<br \/>\n<i class=\"glyphicon fa-check-circle fas\"><\/i> Anbau nach nat\u00fcrlichen und nachhaltigen Gesichtspunkten<br \/>\n<i class=\"glyphicon fa-check-circle fas\"><\/i> Fair direkt gehandelt<br \/>\n<i class=\"glyphicon fa-check-circle fas\"><\/i> Schonende Trommelr\u00f6stung<br \/>\n<i class=\"glyphicon fa-check-circle fas\"><\/i> Schaffung gezielter Mischungen<br \/>\n<i class=\"glyphicon fa-check-circle fas\"><\/i> Geeignet f\u00fcr alle g\u00e4ngigen Zubereitungsarten<br \/>\n<i class=\"glyphicon fa-check-circle fas\"><\/i> Ganze Bohnen<\/p>\n<p><img decoding=\"async\" class=\"alignnone size-full wp-image-9561\" src=\"https:\/\/kaffee-bongusta.de\/shop\/wp-content\/uploads\/icon-kaffeezubereitung.png\" alt=\"\" width=\"279\" height=\"37\" \/><\/p>\n","protected":false},"featured_media":12280,"template":"","meta":[],"product_brand":[],"product_cat":[251],"product_tag":[],"class_list":{"0":"post-9829","1":"product","2":"type-product","3":"status-publish","4":"has-post-thumbnail","6":"product_cat-coffee-bongusta","8":"first","9":"instock","10":"taxable","11":"shipping-taxable","12":"purchasable","13":"product-type-variable","14":"has-default-attributes"},"_links":{"self":[{"href":"https:\/\/kaffee-bongusta.de\/shop\/wp-json\/wp\/v2\/product\/9829","targetHints":{"allow":["GET"]}}],"collection":[{"href":"https:\/\/kaffee-bongusta.de\/shop\/wp-json\/wp\/v2\/product"}],"about":[{"href":"https:\/\/kaffee-bongusta.de\/shop\/wp-json\/wp\/v2\/types\/product"}],"wp:featuredmedia":[{"embeddable":true,"href":"https:\/\/kaffee-bongusta.de\/shop\/wp-json\/wp\/v2\/media\/12280"}],"wp:attachment":[{"href":"https:\/\/kaffee-bongusta.de\/shop\/wp-json\/wp\/v2\/media?parent=9829"}],"wp:term":[{"taxonomy":"product_brand","embeddable":true,"href":"https:\/\/kaffee-bongusta.de\/shop\/wp-json\/wp\/v2\/product_brand?post=9829"},{"taxonomy":"product_cat","embeddable":true,"href":"https:\/\/kaffee-bongusta.de\/shop\/wp-json\/wp\/v2\/product_cat?post=9829"},{"taxonomy":"product_tag","embeddable":true,"href":"https:\/\/kaffee-bongusta.de\/shop\/wp-json\/wp\/v2\/product_tag?post=9829"}],"curies":[{"name":"wp","href":"https:\/\/api.w.org\/{rel}","templated":true}]}}